{"id":289,"date":"2021-10-20T17:08:34","date_gmt":"2021-10-20T14:08:34","guid":{"rendered":"https:\/\/marketplace.epassi.fi\/kinnarps\/?post_type=product&#038;p=289"},"modified":"2024-09-01T00:06:54","modified_gmt":"2024-08-31T21:06:54","slug":"deskbike-ergonominen-toimistopyora","status":"publish","type":"product","link":"https:\/\/marketplace.epassi.fi\/kinnarps\/kauppa\/ergosafe\/etatyopisteet\/deskbike-ergonominen-toimistopyora\/","title":{"rendered":"Toimistopy\u00f6r\u00e4 \u2013 yhdist\u00e4\u00e4 ty\u00f6nteon ja kuntoilun"},"content":{"rendered":"<p>Toimistopy\u00f6r\u00e4\u00a0kotitoimistoon tai ty\u00f6paikalle.<br \/>\nPy\u00f6r\u00e4, jonka avulla voit yhdist\u00e4\u00e4 ty\u00f6nteon ja kuntoilun! Kompakti py\u00f6r\u00e4 soveltuu kevyeen liikuntaan kotioloissa tai toimistolla. Suunniteltu ty\u00f6p\u00f6yd\u00e4n \u00e4\u00e4rell\u00e4 polkemiseen. Se on kevyesti siirrett\u00e4viss\u00e4, kun et k\u00e4yt\u00e4 sit\u00e4.<\/p>\n<p><strong>V\u00e4ri:<\/strong> musta tai valkoinen, runko ja sivut.<br \/>\n<strong>Paino:<\/strong> small ja medium 15 kg, large 16 kg<br \/>\n<strong>Koko:<\/strong> small 130 &#8211; 165 cm pituisille, medium 165-185 cm ja large 185\u2013215 cm pituisille.<br \/>\n<strong>Ty\u00f6p\u00f6yd\u00e4n minimikorkeus<\/strong>: small ja medium 105 cm, large 115 cm<br \/>\n<strong>Maksimikuormitus: <\/strong>120 kg<br \/>\nToimitetaan osissa kokoamisohjeineen.<br \/>\nCE-testattu.<\/p>\n<p>Toimitustapa: Nouto<br \/>\nOptio: Toimitus + 28 \u20ac (alv 24%)<br \/>\nToimitusaika: n. 3 viikkoa.<\/p>\n","protected":false},"excerpt":{"rendered":"<p>Toimistopy\u00f6r\u00e4\u00e4 k\u00e4ytet\u00e4\u00e4n korkeuss\u00e4\u00e4dett\u00e4v\u00e4n p\u00f6yd\u00e4n kanssa ja se tarjoaa kehollesi terveellist\u00e4 liikuntaa samalla kun ty\u00f6skentelet.<\/p>\n","protected":false},"featured_media":446,"comment_status":"open","ping_status":"closed","template":"","meta":{"_acf_changed":false,"_kad_post_transparent":"default","_kad_post_title":"","_kad_post_layout":"default","_kad_post_sidebar_id":"","_kad_post_content_style":"default","_kad_post_vertical_padding":"default","_kad_post_feature":"","_kad_post_feature_position":"","_kad_post_header":false,"_kad_post_footer":false,"_kad_post_classname":""},"product_brand":[],"product_cat":[22,34],"product_tag":[],"class_list":{"0":"post-289","1":"product","2":"type-product","3":"status-publish","4":"has-post-thumbnail","6":"product_cat-ergosafe","7":"product_cat-etatyopisteet","9":"first","10":"instock","11":"featured","12":"taxable","13":"shipping-taxable","14":"purchasable","15":"product-type-variable","16":"entry","17":"content-bg","18":"loop-entry"},"acf":[],"_links":{"self":[{"href":"https:\/\/marketplace.epassi.fi\/kinnarps\/wp-json\/wp\/v2\/product\/289","targetHints":{"allow":["GET"]}}],"collection":[{"href":"https:\/\/marketplace.epassi.fi\/kinnarps\/wp-json\/wp\/v2\/product"}],"about":[{"href":"https:\/\/marketplace.epassi.fi\/kinnarps\/wp-json\/wp\/v2\/types\/product"}],"replies":[{"embeddable":true,"href":"https:\/\/marketplace.epassi.fi\/kinnarps\/wp-json\/wp\/v2\/comments?post=289"}],"wp:featuredmedia":[{"embeddable":true,"href":"https:\/\/marketplace.epassi.fi\/kinnarps\/wp-json\/wp\/v2\/media\/446"}],"wp:attachment":[{"href":"https:\/\/marketplace.epassi.fi\/kinnarps\/wp-json\/wp\/v2\/media?parent=289"}],"wp:term":[{"taxonomy":"product_brand","embeddable":true,"href":"https:\/\/marketplace.epassi.fi\/kinnarps\/wp-json\/wp\/v2\/product_brand?post=289"},{"taxonomy":"product_cat","embeddable":true,"href":"https:\/\/marketplace.epassi.fi\/kinnarps\/wp-json\/wp\/v2\/product_cat?post=289"},{"taxonomy":"product_tag","embeddable":true,"href":"https:\/\/marketplace.epassi.fi\/kinnarps\/wp-json\/wp\/v2\/product_tag?post=289"}],"curies":[{"name":"wp","href":"https:\/\/api.w.org\/{rel}","templated":true}]}}