{"id":290,"date":"2021-10-20T17:09:46","date_gmt":"2021-10-20T14:09:46","guid":{"rendered":"https:\/\/marketplace.epassi.fi\/kinnarps\/?post_type=product&#038;p=290"},"modified":"2024-09-01T00:06:54","modified_gmt":"2024-08-31T21:06:54","slug":"claro-tyotuoli-verkkoselalla","status":"publish","type":"product","link":"https:\/\/marketplace.epassi.fi\/kinnarps\/kauppa\/ergosafe\/etatyopisteet\/claro-tyotuoli-verkkoselalla\/","title":{"rendered":"Claro &#8211; ty\u00f6tuoli verkkosel\u00e4ll\u00e4"},"content":{"rendered":"<p>Claro on ergonominen ja helppok\u00e4ytt\u00f6inen ty\u00f6tuoli. Tuoli on varustettu lukittavalla mekanismilla, joka tekee istuimen ja selk\u00e4nojan liikkeest\u00e4 pehme\u00e4sti keinuvan.<\/p>\n<p><strong>Istuin:<\/strong> Kaasujousella s\u00e4\u00e4dett\u00e4v\u00e4 istuinkorkeus ja s\u00e4\u00e4dett\u00e4v\u00e4 istuinsyvyys. Istuinverhoilu musta Fame<br \/>\n<strong>Selk\u00e4noja<\/strong> mustaa verkkoneulosta, s\u00e4\u00e4dett\u00e4v\u00e4 ristisel\u00e4n tuki<br \/>\n<strong>Mekanismi<\/strong> Synchrone\u2122 (keinusuhde 1: 2.4) SafeBack-toiminnolla.<br \/>\n<strong>Keinu<\/strong> lukittavissa nelj\u00e4\u00e4n eri asentoon.<br \/>\n<strong>K\u00e4sinojat<\/strong> korkeuss\u00e4\u00e4dett\u00e4v\u00e4t<\/p>\n<p>Toimitustapa: Nouto<br \/>\nOptio: Toimitus + 56 \u20ac (alv 24%)<br \/>\nToimitusaika n. 1 viikko.<\/p>\n","protected":false},"excerpt":{"rendered":"<p>Claro on ergonominen ja helppok\u00e4ytt\u00f6inen ty\u00f6tuoli verkkoselk\u00e4nojalla.<\/p>\n","protected":false},"featured_media":463,"comment_status":"open","ping_status":"closed","template":"","meta":{"_acf_changed":false,"_kad_post_transparent":"default","_kad_post_title":"","_kad_post_layout":"default","_kad_post_sidebar_id":"","_kad_post_content_style":"default","_kad_post_vertical_padding":"default","_kad_post_feature":"","_kad_post_feature_position":"","_kad_post_header":false,"_kad_post_footer":false,"_kad_post_classname":""},"product_brand":[],"product_cat":[22,34],"product_tag":[],"class_list":{"0":"post-290","1":"product","2":"type-product","3":"status-publish","4":"has-post-thumbnail","6":"product_cat-ergosafe","7":"product_cat-etatyopisteet","9":"first","10":"instock","11":"featured","12":"taxable","13":"shipping-taxable","14":"purchasable","15":"product-type-variable","16":"entry","17":"content-bg","18":"loop-entry"},"acf":[],"_links":{"self":[{"href":"https:\/\/marketplace.epassi.fi\/kinnarps\/wp-json\/wp\/v2\/product\/290","targetHints":{"allow":["GET"]}}],"collection":[{"href":"https:\/\/marketplace.epassi.fi\/kinnarps\/wp-json\/wp\/v2\/product"}],"about":[{"href":"https:\/\/marketplace.epassi.fi\/kinnarps\/wp-json\/wp\/v2\/types\/product"}],"replies":[{"embeddable":true,"href":"https:\/\/marketplace.epassi.fi\/kinnarps\/wp-json\/wp\/v2\/comments?post=290"}],"wp:featuredmedia":[{"embeddable":true,"href":"https:\/\/marketplace.epassi.fi\/kinnarps\/wp-json\/wp\/v2\/media\/463"}],"wp:attachment":[{"href":"https:\/\/marketplace.epassi.fi\/kinnarps\/wp-json\/wp\/v2\/media?parent=290"}],"wp:term":[{"taxonomy":"product_brand","embeddable":true,"href":"https:\/\/marketplace.epassi.fi\/kinnarps\/wp-json\/wp\/v2\/product_brand?post=290"},{"taxonomy":"product_cat","embeddable":true,"href":"https:\/\/marketplace.epassi.fi\/kinnarps\/wp-json\/wp\/v2\/product_cat?post=290"},{"taxonomy":"product_tag","embeddable":true,"href":"https:\/\/marketplace.epassi.fi\/kinnarps\/wp-json\/wp\/v2\/product_tag?post=290"}],"curies":[{"name":"wp","href":"https:\/\/api.w.org\/{rel}","templated":true}]}}