{"id":418,"date":"2022-03-25T16:21:38","date_gmt":"2022-03-25T14:21:38","guid":{"rendered":"https:\/\/marketplace.epassi.fi\/kinnarps\/?post_type=product&#038;p=418"},"modified":"2024-09-01T00:06:54","modified_gmt":"2024-08-31T21:06:54","slug":"stepsit-satulatuoli-musta-nahka","status":"publish","type":"product","link":"https:\/\/marketplace.epassi.fi\/kinnarps\/kauppa\/ergosafe\/etatyopisteet\/stepsit-satulatuoli-musta-nahka\/","title":{"rendered":"StepSit \u2013 satulatuoli, musta nahka"},"content":{"rendered":"<p>StepSit on satulatuoli pehme\u00e4ll\u00e4 istuimella, jonka kallistusta ja korkeutta voidaan s\u00e4\u00e4t\u00e4\u00e4. Tuoli on perinteinen 1-osainen, laadukkaasti viimeistelty satulatuoli.<\/p>\n<p><strong>Istuin: <\/strong>1-osainen istuin, pehme\u00e4ll\u00e4 kylm\u00e4vaahtomuovilla, kallistuksens\u00e4\u00e4t\u00f6.<br \/>\n<strong>Verhoilu:<\/strong> musta nahka, kiilt\u00e4v\u00e4 alumiiniristikko<br \/>\n<b>Istuinkorkeus:<\/b>\u00a0s\u00e4\u00e4t\u00f6v\u00e4li 540 &#8211; 730 mm, <b> <\/b>korkeuss\u00e4\u00e4t\u00f6 kaasujousella<b><br \/>\n<\/b><strong>Py\u00f6r\u00e4t<\/strong>: vapaasti py\u00f6riv\u00e4t, pehme\u00e4reunaiset.<\/p>\n<p>Toimitustapa: Nouto<br \/>\nOptio: Toimitus + 28 \u20ac (alv 24%)<\/p>\n<p>Toimitusaika n. 3 viikkoa. Saat ilmoituksen kun tuote on noudettavissa.<\/p>\n","protected":false},"excerpt":{"rendered":"<p>StepSit, perinteinen ja laadukkaasti viimeistelty satulatuoli, jonka kallistusta ja korkeutta voidaan s\u00e4\u00e4t\u00e4\u00e4.<\/p>\n","protected":false},"featured_media":465,"comment_status":"open","ping_status":"closed","template":"","meta":{"_acf_changed":false,"_kad_post_transparent":"default","_kad_post_title":"","_kad_post_layout":"default","_kad_post_sidebar_id":"","_kad_post_content_style":"default","_kad_post_vertical_padding":"default","_kad_post_feature":"","_kad_post_feature_position":"","_kad_post_header":false,"_kad_post_footer":false,"_kad_post_classname":""},"product_brand":[],"product_cat":[22,34],"product_tag":[],"class_list":{"0":"post-418","1":"product","2":"type-product","3":"status-publish","4":"has-post-thumbnail","6":"product_cat-ergosafe","7":"product_cat-etatyopisteet","9":"first","10":"instock","11":"featured","12":"taxable","13":"shipping-taxable","14":"purchasable","15":"product-type-variable","16":"entry","17":"content-bg","18":"loop-entry"},"acf":[],"_links":{"self":[{"href":"https:\/\/marketplace.epassi.fi\/kinnarps\/wp-json\/wp\/v2\/product\/418","targetHints":{"allow":["GET"]}}],"collection":[{"href":"https:\/\/marketplace.epassi.fi\/kinnarps\/wp-json\/wp\/v2\/product"}],"about":[{"href":"https:\/\/marketplace.epassi.fi\/kinnarps\/wp-json\/wp\/v2\/types\/product"}],"replies":[{"embeddable":true,"href":"https:\/\/marketplace.epassi.fi\/kinnarps\/wp-json\/wp\/v2\/comments?post=418"}],"wp:featuredmedia":[{"embeddable":true,"href":"https:\/\/marketplace.epassi.fi\/kinnarps\/wp-json\/wp\/v2\/media\/465"}],"wp:attachment":[{"href":"https:\/\/marketplace.epassi.fi\/kinnarps\/wp-json\/wp\/v2\/media?parent=418"}],"wp:term":[{"taxonomy":"product_brand","embeddable":true,"href":"https:\/\/marketplace.epassi.fi\/kinnarps\/wp-json\/wp\/v2\/product_brand?post=418"},{"taxonomy":"product_cat","embeddable":true,"href":"https:\/\/marketplace.epassi.fi\/kinnarps\/wp-json\/wp\/v2\/product_cat?post=418"},{"taxonomy":"product_tag","embeddable":true,"href":"https:\/\/marketplace.epassi.fi\/kinnarps\/wp-json\/wp\/v2\/product_tag?post=418"}],"curies":[{"name":"wp","href":"https:\/\/api.w.org\/{rel}","templated":true}]}}