{"id":67,"date":"2021-09-13T18:36:17","date_gmt":"2021-09-13T15:36:17","guid":{"rendered":"https:\/\/marketplace.epassi.fi\/kinnarps\/?post_type=product&#038;p=67"},"modified":"2024-09-01T00:06:54","modified_gmt":"2024-08-31T21:06:54","slug":"standup-korkeussaadettava-tyopoyta","status":"publish","type":"product","link":"https:\/\/marketplace.epassi.fi\/kinnarps\/kauppa\/ergosafe\/etatyopisteet\/standup-korkeussaadettava-tyopoyta\/","title":{"rendered":"StandUp \u2013 pieni, korkeuss\u00e4\u00e4dett\u00e4v\u00e4 ty\u00f6p\u00f6yt\u00e4"},"content":{"rendered":"<p>Kaasujousella korkeuss\u00e4\u00e4dett\u00e4v\u00e4 ty\u00f6p\u00f6yt\u00e4 aktiiviseen ja muunneltavaan ty\u00f6tilaan, kuten kotitoimistoon. P\u00f6yt\u00e4 on n\u00e4pp\u00e4r\u00e4n kokoinen, joten se on eritt\u00e4in helppo sijoittaa tilaan. P\u00f6yt\u00e4levy on materiaaliltaan FSC\u00ae-merkitty\u00e4 mdf laminaattia. Kaksi kokoa.<\/p>\n<p><strong>Koko:<\/strong> 70&#215;60 cm tai 96&#215;62 cm<br \/>\n<strong>Korkeuss\u00e4\u00e4t\u00f6:<\/strong>\u00a0kaasujousella 73\u2013117\u00a0cm.<br \/>\n<strong>Jalat:<\/strong> Takimmaisissa jaloissa s\u00e4\u00e4t\u00f6tassu, etummaiset jalat kiinte\u00e4t.<br \/>\n<strong>V\u00e4ri<\/strong>: valkoinen<br \/>\nP\u00f6yt\u00e4 ei tarvitse s\u00e4hk\u00f6liit\u00e4nt\u00e4\u00e4<\/p>\n<p>Toimitustapa: Nouto<br \/>\nOptio: Toimitus + 47 \u20ac (alv 24%)<br \/>\nToimitusaika n. 1 viikko.<\/p>\n<p>Toimitetaan osissa. P\u00f6yt\u00e4levyn asennus runkoon tapahtuu 6 kpl rampamutterilla. Asennus on helppoa, paketin mukana seuraa kaikki tarvittava my\u00f6s asennusohje sek\u00e4 kuusiokoloavain.<\/p>\n","protected":false},"excerpt":{"rendered":"<p>Pieni, korkeuss\u00e4\u00e4dett\u00e4v\u00e4 ty\u00f6p\u00f6yt\u00e4 aktiiviseen ja muunneltavaan kotitoimistoon. Ei tarvitse s\u00e4hk\u00f6liit\u00e4nt\u00e4\u00e4. Kaksi kokoa.<\/p>\n","protected":false},"featured_media":438,"comment_status":"open","ping_status":"closed","template":"","meta":{"_acf_changed":false,"_kad_post_transparent":"default","_kad_post_title":"","_kad_post_layout":"default","_kad_post_sidebar_id":"","_kad_post_content_style":"default","_kad_post_vertical_padding":"default","_kad_post_feature":"","_kad_post_feature_position":"","_kad_post_header":false,"_kad_post_footer":false,"_kad_post_classname":""},"product_brand":[],"product_cat":[22,34],"product_tag":[],"class_list":{"0":"post-67","1":"product","2":"type-product","3":"status-publish","4":"has-post-thumbnail","6":"product_cat-ergosafe","7":"product_cat-etatyopisteet","9":"first","10":"instock","11":"featured","12":"taxable","13":"shipping-taxable","14":"purchasable","15":"product-type-variable","16":"entry","17":"content-bg","18":"loop-entry"},"acf":[],"_links":{"self":[{"href":"https:\/\/marketplace.epassi.fi\/kinnarps\/wp-json\/wp\/v2\/product\/67","targetHints":{"allow":["GET"]}}],"collection":[{"href":"https:\/\/marketplace.epassi.fi\/kinnarps\/wp-json\/wp\/v2\/product"}],"about":[{"href":"https:\/\/marketplace.epassi.fi\/kinnarps\/wp-json\/wp\/v2\/types\/product"}],"replies":[{"embeddable":true,"href":"https:\/\/marketplace.epassi.fi\/kinnarps\/wp-json\/wp\/v2\/comments?post=67"}],"wp:featuredmedia":[{"embeddable":true,"href":"https:\/\/marketplace.epassi.fi\/kinnarps\/wp-json\/wp\/v2\/media\/438"}],"wp:attachment":[{"href":"https:\/\/marketplace.epassi.fi\/kinnarps\/wp-json\/wp\/v2\/media?parent=67"}],"wp:term":[{"taxonomy":"product_brand","embeddable":true,"href":"https:\/\/marketplace.epassi.fi\/kinnarps\/wp-json\/wp\/v2\/product_brand?post=67"},{"taxonomy":"product_cat","embeddable":true,"href":"https:\/\/marketplace.epassi.fi\/kinnarps\/wp-json\/wp\/v2\/product_cat?post=67"},{"taxonomy":"product_tag","embeddable":true,"href":"https:\/\/marketplace.epassi.fi\/kinnarps\/wp-json\/wp\/v2\/product_tag?post=67"}],"curies":[{"name":"wp","href":"https:\/\/api.w.org\/{rel}","templated":true}]}}