{"id":282,"date":"2021-11-18T14:02:55","date_gmt":"2021-11-18T12:02:55","guid":{"rendered":"https:\/\/marketplace.epassi.fi\/kj-experience\/?post_type=product&#038;p=282"},"modified":"2024-07-19T11:36:05","modified_gmt":"2024-07-19T08:36:05","slug":"elamyslahjakortti","status":"publish","type":"product","link":"https:\/\/marketplace.epassi.fi\/kj-experience\/kauppa\/liikuntaedut\/elamyslahjakortti\/","title":{"rendered":"El\u00e4myslahjakortti"},"content":{"rendered":"<div class=\"container main-content\">\n<div class=\"row product-content-mainwrap\">\n<div class=\"product-content-main product-content-text text-content col-sm-9 col-p-8\">\n<p>KJ-Experiencen el\u00e4myslahjakortin voi k\u00e4ytt\u00e4\u00e4 kaikkiin yrityksen tarjoamiin aktiviteetteihin ja palveluihin esim. retkeen, kurssiin, vaellukseen, kalastusmatkaan, kelkkasafariin, v\u00e4linevuokraukseen. Silloin, kun se parhaiten saajalle sopii.<\/p>\n<p>El\u00e4myslahjakortti on hyv\u00e4 valinta, jos ePassin saldoa on j\u00e4ljell\u00e4, etk\u00e4 ehdi sit\u00e4 k\u00e4ytt\u00e4m\u00e4\u00e4n vuoden loppuun menness\u00e4.<\/p>\n<p>El\u00e4myslahjakortti on voimassa yhden vuoden ostop\u00e4iv\u00e4st\u00e4 alkaen.<\/p>\n<p>El\u00e4myslahjakortit my\u00f6s suoraan KJ-Experiencen verkkokaupassa https:\/\/kj-experience.com\/fi_FI\/lahjakortit\/elamyslahjakortit<\/p>\n<\/div>\n<\/div>\n<\/div>\n","protected":false},"excerpt":{"rendered":"<p>Osta El\u00e4myslahjakortti my\u00f6hemmin rakennettavaan el\u00e4mykseen tai ikimuistoiseen kokemukseen.<\/p>\n<p>Lahjakortti on ostop\u00e4iv\u00e4st\u00e4 lukien vuoden voimassa.<\/p>\n","protected":false},"featured_media":321,"comment_status":"open","ping_status":"closed","template":"","meta":{"_acf_changed":false,"_kad_post_transparent":"default","_kad_post_title":"","_kad_post_layout":"default","_kad_post_sidebar_id":"","_kad_post_content_style":"default","_kad_post_vertical_padding":"default","_kad_post_feature":"","_kad_post_feature_position":"","_kad_post_header":false,"_kad_post_footer":false,"_kad_post_classname":""},"product_brand":[],"product_cat":[19],"product_tag":[],"class_list":{"0":"post-282","1":"product","2":"type-product","3":"status-publish","4":"has-post-thumbnail","6":"product_cat-liikuntaedut","8":"first","9":"instock","10":"taxable","11":"shipping-taxable","12":"purchasable","13":"product-type-variable","14":"has-default-attributes","15":"entry","16":"content-bg","17":"loop-entry"},"acf":[],"_links":{"self":[{"href":"https:\/\/marketplace.epassi.fi\/kj-experience\/wp-json\/wp\/v2\/product\/282","targetHints":{"allow":["GET"]}}],"collection":[{"href":"https:\/\/marketplace.epassi.fi\/kj-experience\/wp-json\/wp\/v2\/product"}],"about":[{"href":"https:\/\/marketplace.epassi.fi\/kj-experience\/wp-json\/wp\/v2\/types\/product"}],"replies":[{"embeddable":true,"href":"https:\/\/marketplace.epassi.fi\/kj-experience\/wp-json\/wp\/v2\/comments?post=282"}],"wp:featuredmedia":[{"embeddable":true,"href":"https:\/\/marketplace.epassi.fi\/kj-experience\/wp-json\/wp\/v2\/media\/321"}],"wp:attachment":[{"href":"https:\/\/marketplace.epassi.fi\/kj-experience\/wp-json\/wp\/v2\/media?parent=282"}],"wp:term":[{"taxonomy":"product_brand","embeddable":true,"href":"https:\/\/marketplace.epassi.fi\/kj-experience\/wp-json\/wp\/v2\/product_brand?post=282"},{"taxonomy":"product_cat","embeddable":true,"href":"https:\/\/marketplace.epassi.fi\/kj-experience\/wp-json\/wp\/v2\/product_cat?post=282"},{"taxonomy":"product_tag","embeddable":true,"href":"https:\/\/marketplace.epassi.fi\/kj-experience\/wp-json\/wp\/v2\/product_tag?post=282"}],"curies":[{"name":"wp","href":"https:\/\/api.w.org\/{rel}","templated":true}]}}