{"id":290,"date":"2021-10-20T17:09:46","date_gmt":"2021-10-20T17:09:46","guid":{"rendered":"https:\/\/marketplace.epassi.fi\/kj-experience\/?post_type=product&#038;p=290"},"modified":"2024-07-19T11:36:15","modified_gmt":"2024-07-19T08:36:15","slug":"moottorikelkkailun-abc-opi-moottorikelkkailemaan-2h","status":"publish","type":"product","link":"https:\/\/marketplace.epassi.fi\/kj-experience\/kauppa\/liikuntaedut\/liikunta-muut\/moottorikelkkailun-abc-opi-moottorikelkkailemaan-2h\/","title":{"rendered":"Moottorikelkkailun ABC &#8211; Opi moottorikelkkailemaan, 2h"},"content":{"rendered":"<p>Moottorikelkkaillessa p\u00e4\u00e4set kokemaan pohjoisen talvisen luonnon joko ohjatuilla safareilla tai omatoimisesti kelkkaillen. Se on turvallista ja hauskaa, kun perusteet ovat hallinnassa.<\/p>\n<p>Moottorikelkkailun perusteiden j\u00e4lkeen on helppo l\u00e4hte\u00e4 ohjatulle safarille tai vuokrata moottorikelkka ja l\u00e4hte\u00e4 omatoimiselle retkelle.<\/p>\n<p>Aikaisempaa ajokokemusta et tarvitse, aloitamme kelkan k\u00e4sittelyn aivan alkeista. Tutustumme moottorikelkkailun turvallisuuss\u00e4\u00e4nn\u00f6ksiin, kelkan hallintalaitteisiin ja hallintaan ennen kuin starttaamme kelkan. Tunnin aikana k\u00e4ymme l\u00e4pi turvallisen ajamisen reiteill\u00e4 mm. kaarreajo, pys\u00e4ytt\u00e4minen, peruuttaminen, ajon kaltevalla alustalla ja nautimme kodassa l\u00e4mpim\u00e4n juoman lisukkeineen. Aloitamme ajoharjoittelun turvallisesti ajoharjoittelurdalla, harjoittelemme my\u00f6s kahdestaan ajoa ja lopuksi k\u00e4ymme virallisella reitill\u00e4 lyhyen harjoitussafarin. Nautimme harjoittelun lomassa l\u00e4mpim\u00e4n juoman kodalla.<\/p>\n<p><strong>Sis\u00e4ltyy:<\/strong><\/p>\n<ul>\n<li>ammattitaitoisen safarioppaan palvelut<\/li>\n<li>moottorikelkka, polttoaine, vakuutus<\/li>\n<li>kelkkailukyp\u00e4r\u00e4n ja alusmyssy (tarvittaessa l\u00e4mpim\u00e4t nahkakintaat)<\/li>\n<li>l\u00e4mmin juoma kodalla<\/li>\n<\/ul>\n<p><strong>Tarvitset:<\/strong><\/p>\n<ul>\n<li>l\u00e4mpim\u00e4t talvivaatteet (jalkineet, k\u00e4sineet ja ulkoilupuku)<\/li>\n<\/ul>\n<p>Vaatimustaso: Helppo<\/p>\n<p>Kesto:\u00a0\u00a0\u00a0\u00a0\u00a0\u00a0\u00a0\u00a0\u00a0\u00a0\u00a0\u00a0\u00a0 2 h<\/p>\n<p>Ryhm\u00e4koko:\u00a0\u00a0\u00a0 2 \u2013 6 hl\u00f6<\/p>\n<p>Hinta:\u00a0\u00a0\u00a0\u00a0\u00a0\u00a0\u00a0\u00a0\u00a0\u00a0\u00a0\u00a0\u00a0\u00a0 80,00 \u20ac\/hl\u00f6<\/p>\n<p><strong>TURVALLINEN KELKKAILU<\/strong> (lyhyt luento sis\u00e4ltyy opetukseen)<\/p>\n<ul>\n<li>Varustautuminen talviolosuhteisiin\n<ul>\n<li>s\u00e4\u00e4 (mennyt, vallitseva ja tuleva)<\/li>\n<li>varusteet, tauko-\/varavaatetus, ajovarusteet (mm. keng\u00e4t, kyp\u00e4r\u00e4, k\u00e4sineet)<\/li>\n<li>Ensiapu (EA-laukku, hypotermiapakkaus)<\/li>\n<li>Puhelin, 112-sovellus, varavirta<\/li>\n<li>GPS<\/li>\n<\/ul>\n<\/li>\n<li>Pukeutuminen\n<ul>\n<li>kerrospukeutuminen (alus-, v\u00e4li- ja p\u00e4\u00e4llyskerros)<\/li>\n<li>tuulenpit\u00e4vyys, kylmyys, viimaindeksi<\/li>\n<\/ul>\n<\/li>\n<li>Turvallinen kelkkailu\n<ul>\n<li>liikennes\u00e4\u00e4nn\u00f6t<\/li>\n<li>mit\u00e4 tulee huomioida kelkkaillessa<\/li>\n<li>nollatoleranssi liikenteess\u00e4<\/li>\n<\/ul>\n<\/li>\n<\/ul>\n","protected":false},"excerpt":{"rendered":"<p>Moottorikelkkailu n\u00e4ytt\u00e4\u00e4 hauskalta ja helpolta talviharrastukselta. Sit\u00e4 se onkin, mutta tietoa, taitoa ja osaamista. Haluatko oppia moottorikelkkailun turvallisesti ja ohjatusti ajoharjoitteluradalla. Aikaimpaa ajokokemusta et tarvitse, aloitamme moottorikelkan k\u00e4sittelyn aivan alkeista.<\/p>\n","protected":false},"featured_media":319,"comment_status":"open","ping_status":"closed","template":"","meta":{"_acf_changed":false,"_kad_post_transparent":"default","_kad_post_title":"","_kad_post_layout":"default","_kad_post_sidebar_id":"","_kad_post_content_style":"default","_kad_post_vertical_padding":"default","_kad_post_feature":"","_kad_post_feature_position":"","_kad_post_header":false,"_kad_post_footer":false,"_kad_post_classname":""},"product_brand":[],"product_cat":[29,19],"product_tag":[],"class_list":{"0":"post-290","1":"product","2":"type-product","3":"status-publish","4":"has-post-thumbnail","6":"product_cat-liikunta-muut","7":"product_cat-liikuntaedut","9":"first","10":"instock","11":"virtual","12":"taxable","13":"purchasable","14":"product-type-simple","15":"entry","16":"content-bg","17":"loop-entry"},"acf":[],"_links":{"self":[{"href":"https:\/\/marketplace.epassi.fi\/kj-experience\/wp-json\/wp\/v2\/product\/290","targetHints":{"allow":["GET"]}}],"collection":[{"href":"https:\/\/marketplace.epassi.fi\/kj-experience\/wp-json\/wp\/v2\/product"}],"about":[{"href":"https:\/\/marketplace.epassi.fi\/kj-experience\/wp-json\/wp\/v2\/types\/product"}],"replies":[{"embeddable":true,"href":"https:\/\/marketplace.epassi.fi\/kj-experience\/wp-json\/wp\/v2\/comments?post=290"}],"wp:featuredmedia":[{"embeddable":true,"href":"https:\/\/marketplace.epassi.fi\/kj-experience\/wp-json\/wp\/v2\/media\/319"}],"wp:attachment":[{"href":"https:\/\/marketplace.epassi.fi\/kj-experience\/wp-json\/wp\/v2\/media?parent=290"}],"wp:term":[{"taxonomy":"product_brand","embeddable":true,"href":"https:\/\/marketplace.epassi.fi\/kj-experience\/wp-json\/wp\/v2\/product_brand?post=290"},{"taxonomy":"product_cat","embeddable":true,"href":"https:\/\/marketplace.epassi.fi\/kj-experience\/wp-json\/wp\/v2\/product_cat?post=290"},{"taxonomy":"product_tag","embeddable":true,"href":"https:\/\/marketplace.epassi.fi\/kj-experience\/wp-json\/wp\/v2\/product_tag?post=290"}],"curies":[{"name":"wp","href":"https:\/\/api.w.org\/{rel}","templated":true}]}}