{"id":22,"date":"2021-09-13T17:45:59","date_gmt":"2021-09-13T17:45:59","guid":{"rendered":"https:\/\/marketplace.epassi.fi\/koirankuje\/?page_id=22"},"modified":"2021-10-12T10:57:35","modified_gmt":"2021-10-12T10:57:35","slug":"info","status":"publish","type":"page","link":"https:\/\/marketplace.epassi.fi\/koirankuje\/info\/","title":{"rendered":"Info"},"content":{"rendered":"\n\t<div class=\"entry-content single-content\">\n\n\t\t<div class=\"wp-block-columns\" style=\"gap:30px\">\n\t\t\t<div class=\"wp-block-column\">\n\t\t\t\t<h2>Iloa ja hyvintointia sinun ja koirasi parhaaksi!<\/h2>\n\t\t\t\t<p><p>Paljon erilaisia liikunnallisia koirakursseja yhdess\u00e4 koiran kanssa sek\u00e4 yksityisohjausta. Mets\u00e4kursseilla on kiva ulkoilla ja p\u00e4\u00e4st\u00e4 rentotumaan nelijalkaisen perheenj\u00e4senen kanssa. Molemmin puolista hy\u00f6ty\u00e4 ja huvia sek\u00e4 hyvinvointia. Kaikki voivat hyvin kurssip\u00e4iv\u00e4n j\u00e4lkeen. <\/p>\n<\/p>\n\t\t\t\t<h3>Koirakoulu Koirankuje Tmi<\/h3>\n\t\t\t\t<p>Palakoskenm\u00e4ki 47<br>\n\t\t\t\t\t03150 Huhmari (Siuntio\/Vihti\/Veikkola)<\/p>\n\t\t\t\t<p><a href=\"tel:050 384 3607\">050 384 3607<\/a><\/p>\n\t\t\t\t<p><a href=\"mailto:kikka@koirankuje.fi\">kikka@koirankuje.fi<\/a><\/p>\n\n\t\t\t\t<h2>Toimipisteet<\/h2><div class=\"info-page-location-list\"><div class=\"info-page-location\"><h3>Koirakoulu Koirankuje Tmi<\/h3><p>Palakoskenm\u00e4ki ,  Siuntio<\/p><p><p><a href=\"https:\/\/www.google.com\/maps\/search\/?api=1&query=Google&query_place_id=EiFQYWxha29za2VubcOka2ksIFNpdW50aW8sIEZpbmxhbmQiLiosChQKEgkZcMLJmOuNRhGI5hoZbzFnuRIUChIJ7SxxKTSUjUYRRCoj5Y6nH40\">Katso sijainti kartalla <span>&#8599;<\/span><\/a><\/p><\/p><p><\/p><\/div><\/div>\t\t\t<\/div>\n\n\t\t\t<div class=\"wp-block-column\">\n\t\t\t\t<figure class=\"wp-block-image size-large\"><img loading=\"lazy\" decoding=\"async\" width=\"300\" height=\"225\" src=\"https:\/\/marketplace.epassi.fi\/koirankuje\/wp-content\/uploads\/sites\/57\/2021\/11\/dusty_ottaa_rennosti_ylosalaisin-300x225-1.jpg\" class=\"attachment-medium_large size-medium_large\" alt=\"Rentoa oloa yhdess\u00e4 Koirakoulu Koirankuje\" \/><\/figure>\n\t\t\t<\/div>\n\t\t<\/div>\n\t<\/div>\n\t\n","protected":false},"excerpt":{"rendered":"","protected":false},"author":2,"featured_media":0,"parent":0,"menu_order":0,"comment_status":"closed","ping_status":"closed","template":"","meta":{"_acf_changed":false,"_kad_post_transparent":"","_kad_post_title":"","_kad_post_layout":"","_kad_post_sidebar_id":"","_kad_post_content_style":"","_kad_post_vertical_padding":"","_kad_post_feature":"","_kad_post_feature_position":"","_kad_post_header":false,"_kad_post_footer":false,"_kad_post_classname":"","footnotes":""},"class_list":["post-22","page","type-page","status-publish","hentry"],"acf":[],"_links":{"self":[{"href":"https:\/\/marketplace.epassi.fi\/koirankuje\/wp-json\/wp\/v2\/pages\/22","targetHints":{"allow":["GET"]}}],"collection":[{"href":"https:\/\/marketplace.epassi.fi\/koirankuje\/wp-json\/wp\/v2\/pages"}],"about":[{"href":"https:\/\/marketplace.epassi.fi\/koirankuje\/wp-json\/wp\/v2\/types\/page"}],"author":[{"embeddable":true,"href":"https:\/\/marketplace.epassi.fi\/koirankuje\/wp-json\/wp\/v2\/users\/2"}],"replies":[{"embeddable":true,"href":"https:\/\/marketplace.epassi.fi\/koirankuje\/wp-json\/wp\/v2\/comments?post=22"}],"version-history":[{"count":10,"href":"https:\/\/marketplace.epassi.fi\/koirankuje\/wp-json\/wp\/v2\/pages\/22\/revisions"}],"predecessor-version":[{"id":264,"href":"https:\/\/marketplace.epassi.fi\/koirankuje\/wp-json\/wp\/v2\/pages\/22\/revisions\/264"}],"wp:attachment":[{"href":"https:\/\/marketplace.epassi.fi\/koirankuje\/wp-json\/wp\/v2\/media?parent=22"}],"curies":[{"name":"wp","href":"https:\/\/api.w.org\/{rel}","templated":true}]}}