{"id":290,"date":"2021-10-20T17:09:46","date_gmt":"2021-10-20T17:09:46","guid":{"rendered":"https:\/\/marketplace.epassi.fi\/koirankuje\/?post_type=product&#038;p=290"},"modified":"2024-09-02T14:42:36","modified_gmt":"2024-09-02T11:42:36","slug":"yksityistunti","status":"publish","type":"product","link":"https:\/\/marketplace.epassi.fi\/koirankuje\/kauppa\/liikuntaedut\/liikunta-muut\/yksityistunti\/","title":{"rendered":"Yksityistunti &#8211; henkil\u00f6kohtaista koiran koulutusta ja aktivointia"},"content":{"rendered":"<p>Yksityistunti toteutetaan asiakkaan toivomusten mukaan ja pidet\u00e4\u00e4n Koirakoulu Koirankujeella. Kotik\u00e4ynnist\u00e4 veloitetaan matkakulut erikseen 0,75\u20ac\/km.<\/p>\n","protected":false},"excerpt":{"rendered":"<p>Yksityistunti toteutetaan asiakkaan toivomusten mukaan ja pidet\u00e4\u00e4n Koirakoulu Koirankujeella. Kotik\u00e4ynnist\u00e4 veloitetaan erikseen. Yksityistunnilla voidaan harjoitella mets\u00e4ss\u00e4 j\u00e4ljest\u00e4mist\u00e4, liikkumista koiran kanssa erilaisissa tilanteissa, agilityyn tutustumista jne. sopimuksen mukaan.<\/p>\n","protected":false},"featured_media":330,"comment_status":"open","ping_status":"closed","template":"","meta":{"_acf_changed":false,"_kad_post_transparent":"default","_kad_post_title":"","_kad_post_layout":"default","_kad_post_sidebar_id":"","_kad_post_content_style":"default","_kad_post_vertical_padding":"default","_kad_post_feature":"","_kad_post_feature_position":"","_kad_post_header":false,"_kad_post_footer":false,"_kad_post_classname":""},"product_brand":[],"product_cat":[29,19],"product_tag":[],"class_list":{"0":"post-290","1":"product","2":"type-product","3":"status-publish","4":"has-post-thumbnail","6":"product_cat-liikunta-muut","7":"product_cat-liikuntaedut","9":"first","10":"instock","11":"virtual","12":"taxable","13":"purchasable","14":"product-type-simple","15":"entry","16":"content-bg","17":"loop-entry"},"acf":[],"_links":{"self":[{"href":"https:\/\/marketplace.epassi.fi\/koirankuje\/wp-json\/wp\/v2\/product\/290","targetHints":{"allow":["GET"]}}],"collection":[{"href":"https:\/\/marketplace.epassi.fi\/koirankuje\/wp-json\/wp\/v2\/product"}],"about":[{"href":"https:\/\/marketplace.epassi.fi\/koirankuje\/wp-json\/wp\/v2\/types\/product"}],"replies":[{"embeddable":true,"href":"https:\/\/marketplace.epassi.fi\/koirankuje\/wp-json\/wp\/v2\/comments?post=290"}],"wp:featuredmedia":[{"embeddable":true,"href":"https:\/\/marketplace.epassi.fi\/koirankuje\/wp-json\/wp\/v2\/media\/330"}],"wp:attachment":[{"href":"https:\/\/marketplace.epassi.fi\/koirankuje\/wp-json\/wp\/v2\/media?parent=290"}],"wp:term":[{"taxonomy":"product_brand","embeddable":true,"href":"https:\/\/marketplace.epassi.fi\/koirankuje\/wp-json\/wp\/v2\/product_brand?post=290"},{"taxonomy":"product_cat","embeddable":true,"href":"https:\/\/marketplace.epassi.fi\/koirankuje\/wp-json\/wp\/v2\/product_cat?post=290"},{"taxonomy":"product_tag","embeddable":true,"href":"https:\/\/marketplace.epassi.fi\/koirankuje\/wp-json\/wp\/v2\/product_tag?post=290"}],"curies":[{"name":"wp","href":"https:\/\/api.w.org\/{rel}","templated":true}]}}