{"id":331,"date":"2021-11-18T13:03:16","date_gmt":"2021-11-18T11:03:16","guid":{"rendered":"https:\/\/marketplace.epassi.fi\/koirankuje\/?post_type=product&#038;p=331"},"modified":"2024-09-02T14:43:54","modified_gmt":"2024-09-02T11:43:54","slug":"jalkikurssi-metsassa-yhdessa-ulkoillen","status":"publish","type":"product","link":"https:\/\/marketplace.epassi.fi\/koirankuje\/kauppa\/liikuntaedut\/liikunta-muut\/jalkikurssi-metsassa-yhdessa-ulkoillen\/","title":{"rendered":"J\u00e4lkikurssi mets\u00e4ss\u00e4 yhdess\u00e4 ulkoillen"},"content":{"rendered":"<div class=\"fl-col-group fl-node-56bca4dee4bbf\" data-node=\"56bca4dee4bbf\">\n<div class=\"fl-col fl-node-56bca4dee4e5b\" data-node=\"56bca4dee4e5b\">\n<div class=\"fl-col-content fl-node-content\">\n<div class=\"fl-module fl-module-rich-text fl-node-56bca4dede531\" data-node=\"56bca4dede531\">\n<div class=\"fl-module-content fl-node-content\">\n<div class=\"fl-rich-text\">\n<h2>Tule j\u00e4lkikurssille aktivoimaan koirasi hajuaistia<\/h2>\n<\/div>\n<\/div>\n<\/div>\n<\/div>\n<\/div>\n<\/div>\n<div class=\"fl-col-group fl-node-56bca4f13149d\" data-node=\"56bca4f13149d\">\n<div class=\"fl-col fl-node-56bca4f13175c\" data-node=\"56bca4f13175c\">\n<div class=\"fl-col-content fl-node-content\">\n<div class=\"fl-module fl-module-rich-text fl-node-56bca4f1312bc\" data-node=\"56bca4f1312bc\">\n<div class=\"fl-module-content fl-node-content\">\n<div class=\"fl-rich-text\">\n<p>Tule j\u00e4lkikurssille aktivoimaan koirasi hajuaistia koiralle lajityypillisell\u00e4 tavalla. J\u00e4lkikurssit tarjoavat mukavan tavan aktivoida koiraasi my\u00f6s kurssin j\u00e4lkeen. Ihanaa yhdess\u00e4 oloa luonnon keskell\u00e4 mets\u00e4ss\u00e4.<\/p>\n<p>Hinta yhdelt\u00e4 kerralta 48\u20ac. Pidemm\u00e4n j\u00e4lkikurssin hinta, kysy erikseen.<\/p>\n<\/div>\n<\/div>\n<\/div>\n<\/div>\n<\/div>\n<\/div>\n","protected":false},"excerpt":{"rendered":"<div class=\"fl-col-group fl-node-56bca4dee4bbf\" data-node=\"56bca4dee4bbf\">\n<div class=\"fl-col fl-node-56bca4dee4e5b\" data-node=\"56bca4dee4e5b\">\n<div class=\"fl-col-content fl-node-content\">\n<div class=\"fl-module fl-module-rich-text fl-node-56bca4dede531\" data-node=\"56bca4dede531\">\n<div class=\"fl-module-content fl-node-content\">\n<div class=\"fl-rich-text\">\n<h2>Tule j\u00e4lkikurssille aktivoimaan koirasi hajuaistia<\/h2>\n<\/div>\n<\/div>\n<\/div>\n<\/div>\n<\/div>\n<\/div>\n<div class=\"fl-col-group fl-node-56bca4f13149d\" data-node=\"56bca4f13149d\">\n<div class=\"fl-col fl-node-56bca4f13175c\" data-node=\"56bca4f13175c\">\n<div class=\"fl-col-content fl-node-content\">\n<div class=\"fl-module fl-module-rich-text fl-node-56bca4f1312bc\" data-node=\"56bca4f1312bc\">\n<div class=\"fl-module-content fl-node-content\">\n<div class=\"fl-rich-text\">\n<p>Tule j\u00e4lkikurssille aktivoimaan koirasi hajuaistia koiralle lajityypillisell\u00e4 tavalla. J\u00e4lkikurssit tarjoavat mukavan tavan aktivoida koiraasi my\u00f6s kurssin j\u00e4lkeen. Ihanaa yhdess\u00e4 oloa luonnon keskell\u00e4 mets\u00e4ss\u00e4. Kokeile vaikka kerran kuinka kivaa on yhdess\u00e4 harrastaminen luonnossa.<\/p>\n<p><strong>Alkeiskurssilla<\/strong> tutustutaan lajiin ja tehd\u00e4\u00e4n helppoja harjoituksia.<\/p>\n<p><strong>Jatkokurssi<\/strong> on tarkoitettu alkeiskurssin k\u00e4yneille tai j\u00e4lke\u00e4 hiukan harjoitelleille koirakoille.\u00a0 Jatkokurssilla<\/p>\n<ul>\n<li>vaikeutetaan j\u00e4lki\u00e4<\/li>\n<li>keskityt\u00e4\u00e4n keppien ilmaisuihin ja janaty\u00f6skentelyyn<\/li>\n<li>syvennet\u00e4\u00e4n tietoa ja taitoa j\u00e4ljestyksen saloista<\/li>\n<li>kerrataan jo opittuja asioita<\/li>\n<\/ul>\n<\/div>\n<\/div>\n<\/div>\n<\/div>\n<\/div>\n<\/div>\n","protected":false},"featured_media":323,"comment_status":"open","ping_status":"closed","template":"","meta":{"_acf_changed":false,"_kad_post_transparent":"default","_kad_post_title":"","_kad_post_layout":"default","_kad_post_sidebar_id":"","_kad_post_content_style":"default","_kad_post_vertical_padding":"default","_kad_post_feature":"","_kad_post_feature_position":"","_kad_post_header":false,"_kad_post_footer":false,"_kad_post_classname":""},"product_brand":[],"product_cat":[29,19],"product_tag":[],"class_list":{"0":"post-331","1":"product","2":"type-product","3":"status-publish","4":"has-post-thumbnail","6":"product_cat-liikunta-muut","7":"product_cat-liikuntaedut","9":"first","10":"instock","11":"taxable","12":"shipping-taxable","13":"purchasable","14":"product-type-simple","15":"entry","16":"content-bg","17":"loop-entry"},"acf":[],"_links":{"self":[{"href":"https:\/\/marketplace.epassi.fi\/koirankuje\/wp-json\/wp\/v2\/product\/331","targetHints":{"allow":["GET"]}}],"collection":[{"href":"https:\/\/marketplace.epassi.fi\/koirankuje\/wp-json\/wp\/v2\/product"}],"about":[{"href":"https:\/\/marketplace.epassi.fi\/koirankuje\/wp-json\/wp\/v2\/types\/product"}],"replies":[{"embeddable":true,"href":"https:\/\/marketplace.epassi.fi\/koirankuje\/wp-json\/wp\/v2\/comments?post=331"}],"wp:featuredmedia":[{"embeddable":true,"href":"https:\/\/marketplace.epassi.fi\/koirankuje\/wp-json\/wp\/v2\/media\/323"}],"wp:attachment":[{"href":"https:\/\/marketplace.epassi.fi\/koirankuje\/wp-json\/wp\/v2\/media?parent=331"}],"wp:term":[{"taxonomy":"product_brand","embeddable":true,"href":"https:\/\/marketplace.epassi.fi\/koirankuje\/wp-json\/wp\/v2\/product_brand?post=331"},{"taxonomy":"product_cat","embeddable":true,"href":"https:\/\/marketplace.epassi.fi\/koirankuje\/wp-json\/wp\/v2\/product_cat?post=331"},{"taxonomy":"product_tag","embeddable":true,"href":"https:\/\/marketplace.epassi.fi\/koirankuje\/wp-json\/wp\/v2\/product_tag?post=331"}],"curies":[{"name":"wp","href":"https:\/\/api.w.org\/{rel}","templated":true}]}}