{"id":333,"date":"2021-11-19T00:34:11","date_gmt":"2021-11-18T22:34:11","guid":{"rendered":"https:\/\/marketplace.epassi.fi\/koirankuje\/?post_type=product&#038;p=333"},"modified":"2024-09-02T14:44:16","modified_gmt":"2024-09-02T11:44:16","slug":"hakukurssi-piiloleikkia-metsassa","status":"publish","type":"product","link":"https:\/\/marketplace.epassi.fi\/koirankuje\/kauppa\/liikuntaedut\/liikunta-muut\/hakukurssi-piiloleikkia-metsassa\/","title":{"rendered":"Hakukurssi piiloleikki\u00e4 mets\u00e4ss\u00e4"},"content":{"rendered":"<p>Tule kokeilemaan vaikka kerran ja p\u00e4\u00e4t\u00e4t sen j\u00e4lkeen jatkatko.<\/p>\n<p>Hakukurssilla koirasi p\u00e4\u00e4see toteuttamaan luontaisia viettej\u00e4 ja vaistojaan. Kurssilla saat nauttia yhdess\u00e4 koiran kanssa luonnon helmassa ulkoilemisesta ja samalla saat koirasi aktivoitua.\u00a0Hakukurssit ovat tarkoitettu kaikille koirille ik\u00e4\u00e4n tai rotuun katsomatta. Se sopii parhaiten avoimille ja yst\u00e4v\u00e4llisille koirille, mutta my\u00f6s hieman pid\u00e4ttyv\u00e4isille koirille.Hakukurssi on koiralle hauskaa piiloleikki\u00e4. Samalla opit huomaamaan, kuinka koiramme nauttivat l\u00f6yt\u00e4ess\u00e4\u00e4n piilossa olevan ihmisen hyv\u00e4n palkkion kanssa. Palkkioksi k\u00e4ytet\u00e4\u00e4n p\u00e4\u00e4s\u00e4\u00e4nt\u00f6isesti hyvi\u00e4 makupaloja, jotka motivoivat koiraasi toimimaan parhaalla mahdollisella tavalla.<\/p>\n<p>Kertamaksu 48\u20ac, koko kurssin hinta, kysy erikseen.<\/p>\n","protected":false},"excerpt":{"rendered":"<p>Hakukurssilla koirasi p\u00e4\u00e4see toteuttamaan luontaisia viettej\u00e4 ja vaistojaan. Kurssilla saat nauttia yhdess\u00e4 koiran kanssa luonnon helmassa ulkoilemisesta ja samalla saat koirasi aktivoitua.\u00a0Hakukurssit ovat tarkoitettu kaikille koirille ik\u00e4\u00e4n tai rotuun katsomatta. Se sopii parhaiten avoimille ja yst\u00e4v\u00e4llisille koirille, mutta my\u00f6s hieman pid\u00e4ttyv\u00e4isille koirille.Hakukurssi on koiralle hauskaa piiloleikki\u00e4. Samalla opit huomaamaan, kuinka koiramme nauttivat l\u00f6yt\u00e4ess\u00e4\u00e4n piilossa olevan ihmisen hyv\u00e4n palkkion kanssa. Palkkioksi k\u00e4ytet\u00e4\u00e4n p\u00e4\u00e4s\u00e4\u00e4nt\u00f6isesti hyvi\u00e4 makupaloja, jotka motivoivat koiraasi toimimaan parhaalla mahdollisella tavalla.<\/p>\n","protected":false},"featured_media":314,"comment_status":"open","ping_status":"closed","template":"","meta":{"_acf_changed":false,"_kad_post_transparent":"default","_kad_post_title":"","_kad_post_layout":"default","_kad_post_sidebar_id":"","_kad_post_content_style":"default","_kad_post_vertical_padding":"default","_kad_post_feature":"","_kad_post_feature_position":"","_kad_post_header":false,"_kad_post_footer":false,"_kad_post_classname":""},"product_brand":[],"product_cat":[29,19],"product_tag":[],"class_list":{"0":"post-333","1":"product","2":"type-product","3":"status-publish","4":"has-post-thumbnail","6":"product_cat-liikunta-muut","7":"product_cat-liikuntaedut","9":"first","10":"instock","11":"taxable","12":"shipping-taxable","13":"purchasable","14":"product-type-simple","15":"entry","16":"content-bg","17":"loop-entry"},"acf":[],"_links":{"self":[{"href":"https:\/\/marketplace.epassi.fi\/koirankuje\/wp-json\/wp\/v2\/product\/333","targetHints":{"allow":["GET"]}}],"collection":[{"href":"https:\/\/marketplace.epassi.fi\/koirankuje\/wp-json\/wp\/v2\/product"}],"about":[{"href":"https:\/\/marketplace.epassi.fi\/koirankuje\/wp-json\/wp\/v2\/types\/product"}],"replies":[{"embeddable":true,"href":"https:\/\/marketplace.epassi.fi\/koirankuje\/wp-json\/wp\/v2\/comments?post=333"}],"wp:featuredmedia":[{"embeddable":true,"href":"https:\/\/marketplace.epassi.fi\/koirankuje\/wp-json\/wp\/v2\/media\/314"}],"wp:attachment":[{"href":"https:\/\/marketplace.epassi.fi\/koirankuje\/wp-json\/wp\/v2\/media?parent=333"}],"wp:term":[{"taxonomy":"product_brand","embeddable":true,"href":"https:\/\/marketplace.epassi.fi\/koirankuje\/wp-json\/wp\/v2\/product_brand?post=333"},{"taxonomy":"product_cat","embeddable":true,"href":"https:\/\/marketplace.epassi.fi\/koirankuje\/wp-json\/wp\/v2\/product_cat?post=333"},{"taxonomy":"product_tag","embeddable":true,"href":"https:\/\/marketplace.epassi.fi\/koirankuje\/wp-json\/wp\/v2\/product_tag?post=333"}],"curies":[{"name":"wp","href":"https:\/\/api.w.org\/{rel}","templated":true}]}}