{"id":22,"date":"2021-09-13T17:45:59","date_gmt":"2021-09-13T17:45:59","guid":{"rendered":"https:\/\/marketplace.epassi.fi\/kokko-dent\/?page_id=22"},"modified":"2021-10-12T10:57:35","modified_gmt":"2021-10-12T10:57:35","slug":"info","status":"publish","type":"page","link":"https:\/\/marketplace.epassi.fi\/kokko-dent\/info\/","title":{"rendered":"Info"},"content":{"rendered":"\n\t<div class=\"entry-content single-content\">\n\n\t\t<div class=\"wp-block-columns\" style=\"gap:30px\">\n\t\t\t<div class=\"wp-block-column\">\n\t\t\t\t<h2>Kokko-Dent \/ Sirudent<\/h2>\n\t\t\t\t<p><p>Olipa mieless\u00e4si mit\u00e4 vain suunterveyden saralta, me voimme auttaa sinua! Palvelemme Kokkolassa ja Kannuksessa nimell\u00e4 Kokko-Dent. Pietarsaaresta taas l\u00f6yd\u00e4t vastaanottomme nimell\u00e4 Sirudent. Meilt\u00e4 l\u00f6ytyy perushammashoidon lis\u00e4ksi pitk\u00e4aikaista kokemusta pelkopotilaiden hoidosta sek\u00e4 tarvittaessa l\u00e4hes jokaisen erikoisalan erikoishammasl\u00e4\u00e4k\u00e4rit haastaviin hoitoihin.<\/p>\n<\/p>\n\t\t\t\t<h3>Kokko-Dent \/ Sirudent<\/h3>\n\t\t\t\t<p>Rantakatu 16<br>\n\t\t\t\t\t67100 Kokkola<\/p>\n\t\t\t\t<p><a href=\"tel:050 327 7747\">050 327 7747<\/a><\/p>\n\t\t\t\t<p><a href=\"mailto:kokko-dent@plusterveys.fi\">kokko-dent@plusterveys.fi<\/a><\/p>\n\n\t\t\t\t<h2>Toimipisteet<\/h2><div class=\"info-page-location-list\"><div class=\"info-page-location\"><h3>Kokko-Dent Kokkola<\/h3><p>Rantakatu 16, 67100 Kokkola<\/p><p><a href=\"tel:050 327 7747\">050 327 7747<\/a><br><a href=\"mail:kokko-dent@plusterveys.fi\">kokko-dent@plusterveys.fi<\/a><p><a href=\"https:\/\/www.google.com\/maps\/search\/?api=1&query=Google&query_place_id=ChIJJzpYS-1Ih0YRW2RM_uHei5I\">Katso sijainti kartalla <span>&#8599;<\/span><\/a><\/p><\/p><p>Kokkolan vastaanotollamme teemme kaikkea suunterveyden saralla niin perus- kuin erikoishammasl\u00e4\u00e4k\u00e4ritasolla. Tarvitsetpa sitten hammastarkastusta ja kokonaishoitoa, puuttuvan hampaan korvaamista implantilla tai muilla ratkaisuilla, kalvo-oikomista tai muuta esteettist\u00e4 hoitoa - onnistuu se kaikki Kokkolassa. T\u00e4\u00e4ll\u00e4 onnistuu my\u00f6s kaikki suun alueen kuvantamistutkimukset aina kktt-kuviin saakka.<\/p><\/div><div class=\"info-page-location\"><h3>Kokko-Dent Kannus<\/h3><p>Valtakatu 17, 69100 Kannus<\/p><p><a href=\"tel:050 327 7747\">050 327 7747<\/a><br><a href=\"mail:kokko-dent@plusterveys.fi\">kokko-dent@plusterveys.fi<\/a><p><a href=\"https:\/\/www.google.com\/maps\/search\/?api=1&query=Google&query_place_id=ChIJrXiKmkPTgEYRHxCDlp1iRSM\">Katso sijainti kartalla <span>&#8599;<\/span><\/a><\/p><\/p><p>Kannuksessa saat kattavat suun terveydenhuollon palvelut. Iensairauksien osalta Kannuksen vastanotolta l\u00f6ytyy my\u00f6s alan erikoishammasl\u00e4\u00e4k\u00e4ri. My\u00f6s esteettinen hoito ja hampaiden valkaisut onnistuvat.<\/p><\/div><div class=\"info-page-location\"><h3>Sirudent<\/h3><p>Myllym\u00e4enkatu 5, 68600 Pietarsaari<\/p><p><a href=\"tel:06 7236321\">06 7236321<\/a><br><p><a href=\"https:\/\/www.google.com\/maps\/search\/?api=1&query=Google&query_place_id=ChIJm3ZGWhpoh0YRmcqD9W3rvDs\">Katso sijainti kartalla <span>&#8599;<\/span><\/a><\/p><\/p><p>Sirudent on kokonaisvaltaista hammashoitoa tarjoava hammasl\u00e4\u00e4k\u00e4riasema Pietarsaaressa. Tarjoamme monipuolisia hammasl\u00e4\u00e4k\u00e4ri- ja erikoishammasl\u00e4\u00e4k\u00e4ripalveluita saman katon alla leppoisana tiimin\u00e4.\r\n\r\nPalveluvalikoimaamme kuuluu perushammashoito, iensairauksien hoidot, protetiikka ja hammasimplantti. Tarvittaessa my\u00f6s l\u00e4\u00e4k\u00e4rikonsultoinnit.<\/p><\/div><\/div>\t\t\t<\/div>\n\n\t\t\t<div class=\"wp-block-column\">\n\t\t\t\t<figure class=\"wp-block-image size-large\"><img loading=\"lazy\" decoding=\"async\" width=\"768\" height=\"768\" src=\"https:\/\/marketplace.epassi.fi\/kokko-dent\/wp-content\/uploads\/sites\/448\/2025\/12\/vastaanotto-768x768.jpg\" class=\"attachment-medium_large size-medium_large\" alt=\"\" \/><\/figure>\n\t\t\t<\/div>\n\t\t<\/div>\n\t<\/div>\n\t\n","protected":false},"excerpt":{"rendered":"","protected":false},"author":2,"featured_media":0,"parent":0,"menu_order":0,"comment_status":"closed","ping_status":"closed","template":"","meta":{"_acf_changed":false,"_kad_post_transparent":"","_kad_post_title":"","_kad_post_layout":"","_kad_post_sidebar_id":"","_kad_post_content_style":"","_kad_post_vertical_padding":"","_kad_post_feature":"","_kad_post_feature_position":"","_kad_post_header":false,"_kad_post_footer":false,"_kad_post_classname":"","footnotes":""},"class_list":["post-22","page","type-page","status-publish","hentry"],"acf":[],"_links":{"self":[{"href":"https:\/\/marketplace.epassi.fi\/kokko-dent\/wp-json\/wp\/v2\/pages\/22","targetHints":{"allow":["GET"]}}],"collection":[{"href":"https:\/\/marketplace.epassi.fi\/kokko-dent\/wp-json\/wp\/v2\/pages"}],"about":[{"href":"https:\/\/marketplace.epassi.fi\/kokko-dent\/wp-json\/wp\/v2\/types\/page"}],"author":[{"embeddable":true,"href":"https:\/\/marketplace.epassi.fi\/kokko-dent\/wp-json\/wp\/v2\/users\/2"}],"replies":[{"embeddable":true,"href":"https:\/\/marketplace.epassi.fi\/kokko-dent\/wp-json\/wp\/v2\/comments?post=22"}],"version-history":[{"count":10,"href":"https:\/\/marketplace.epassi.fi\/kokko-dent\/wp-json\/wp\/v2\/pages\/22\/revisions"}],"predecessor-version":[{"id":264,"href":"https:\/\/marketplace.epassi.fi\/kokko-dent\/wp-json\/wp\/v2\/pages\/22\/revisions\/264"}],"wp:attachment":[{"href":"https:\/\/marketplace.epassi.fi\/kokko-dent\/wp-json\/wp\/v2\/media?parent=22"}],"curies":[{"name":"wp","href":"https:\/\/api.w.org\/{rel}","templated":true}]}}