{"id":22,"date":"2021-09-13T17:45:59","date_gmt":"2021-09-13T17:45:59","guid":{"rendered":"https:\/\/marketplace.epassi.fi\/kotonakuntoon\/?page_id=22"},"modified":"2021-10-12T10:57:35","modified_gmt":"2021-10-12T10:57:35","slug":"info","status":"publish","type":"page","link":"https:\/\/marketplace.epassi.fi\/kotonakuntoon\/info\/","title":{"rendered":"Info"},"content":{"rendered":"\n\t<div class=\"entry-content single-content\">\n\n\t\t<div class=\"wp-block-columns\" style=\"gap:30px\">\n\t\t\t<div class=\"wp-block-column\">\n\t\t\t\t<h2>Kotonakuntoon.fi<\/h2>\n\t\t\t\t<p><p>Yrityksemme <b>kotonakuntoon.fi<\/b> syntyi vuonna 2020 yhdest\u00e4 yksinkertaisesta oivalluksesta: liikunnan ei tarvitse olla monimutkaista, aikaa viev\u00e4\u00e4 tai vaivalloista. Me haluamme tuoda tehokkaan ja miellytt\u00e4v\u00e4n kotiharjoittelun jokaisen suomalaisen ulottuville \u2013 helposti ja ilman turhia mutkia.<\/p>\n<p>Kun valitset meid\u00e4n ohjelmamme, saat <b>kaiken mit\u00e4 tarvitset<\/b>. Mukana tulevat harjoitusv\u00e4lineet ja selke\u00e4t, helposti seurattavat ohjeet, joiden avulla onnistut varmasti. Ei arvailua, vain tuloksia!<\/p>\n<p><b>70 000 tyytyv\u00e4ist\u00e4 asiakasta<\/b> ei voi olla v\u00e4\u00e4r\u00e4ss\u00e4. Olemme auttaneet tuhansia suomalaisia saavuttamaan unelmavartalonsa ja lis\u00e4\u00e4m\u00e4\u00e4n hyvinvointiaan \u2013 kaikki oman kodin mukavuudessa.<\/p>\n<p>Harjoitusohjelmamme ovat saaneet upean arvosanan <b>4,4\/5 \u2b50\ufe0f\u2b50\ufe0f\u2b50\ufe0f\u2b50\ufe0f\u2b50\ufe0f (4728 arvostelua)<\/b>. Tule mukaan ja koe itse, miksi kotiharjoittelu voi olla paras p\u00e4\u00e4t\u00f6s hyvinvointisi puolesta!<\/p>\n<\/p>\n\t\t\t\t<h3>kotonakuntoon.fi<\/h3>\n\t\t\t\t<p>Kytt\u00e4l\u00e4nkatu 1 Huone 206, 2. krs.<br>\n\t\t\t\t\t33100 Tampere<\/p>\n\t\t\t\t<p><a href=\"tel:+358 50 3731177\">+358 50 3731177<\/a><\/p>\n\t\t\t\t<p><a href=\"mailto:info@kotonakuntoon.fi\">info@kotonakuntoon.fi<\/a><\/p>\n\n\t\t\t\t\t\t\t<\/div>\n\n\t\t\t<div class=\"wp-block-column\">\n\t\t\t\t<figure class=\"wp-block-image size-large\"><img loading=\"lazy\" decoding=\"async\" width=\"768\" height=\"512\" src=\"https:\/\/marketplace.epassi.fi\/kotonakuntoon\/wp-content\/uploads\/sites\/265\/2022\/11\/iStock-1254578962-768x512.jpg\" class=\"attachment-medium_large size-medium_large\" alt=\"\" \/><\/figure>\n\t\t\t<\/div>\n\t\t<\/div>\n\t<\/div>\n\t\n","protected":false},"excerpt":{"rendered":"","protected":false},"author":2,"featured_media":0,"parent":0,"menu_order":0,"comment_status":"closed","ping_status":"closed","template":"","meta":{"_acf_changed":false,"_kad_post_transparent":"","_kad_post_title":"","_kad_post_layout":"","_kad_post_sidebar_id":"","_kad_post_content_style":"","_kad_post_vertical_padding":"","_kad_post_feature":"","_kad_post_feature_position":"","_kad_post_header":false,"_kad_post_footer":false,"_kad_post_classname":"","footnotes":""},"class_list":["post-22","page","type-page","status-publish","hentry"],"acf":[],"_links":{"self":[{"href":"https:\/\/marketplace.epassi.fi\/kotonakuntoon\/wp-json\/wp\/v2\/pages\/22","targetHints":{"allow":["GET"]}}],"collection":[{"href":"https:\/\/marketplace.epassi.fi\/kotonakuntoon\/wp-json\/wp\/v2\/pages"}],"about":[{"href":"https:\/\/marketplace.epassi.fi\/kotonakuntoon\/wp-json\/wp\/v2\/types\/page"}],"author":[{"embeddable":true,"href":"https:\/\/marketplace.epassi.fi\/kotonakuntoon\/wp-json\/wp\/v2\/users\/2"}],"replies":[{"embeddable":true,"href":"https:\/\/marketplace.epassi.fi\/kotonakuntoon\/wp-json\/wp\/v2\/comments?post=22"}],"version-history":[{"count":10,"href":"https:\/\/marketplace.epassi.fi\/kotonakuntoon\/wp-json\/wp\/v2\/pages\/22\/revisions"}],"predecessor-version":[{"id":264,"href":"https:\/\/marketplace.epassi.fi\/kotonakuntoon\/wp-json\/wp\/v2\/pages\/22\/revisions\/264"}],"wp:attachment":[{"href":"https:\/\/marketplace.epassi.fi\/kotonakuntoon\/wp-json\/wp\/v2\/media?parent=22"}],"curies":[{"name":"wp","href":"https:\/\/api.w.org\/{rel}","templated":true}]}}