{"id":22,"date":"2021-09-13T17:45:59","date_gmt":"2021-09-13T17:45:59","guid":{"rendered":"https:\/\/marketplace.epassi.fi\/kouvolan-kiropraktiikka\/?page_id=22"},"modified":"2021-10-12T10:57:35","modified_gmt":"2021-10-12T10:57:35","slug":"info","status":"publish","type":"page","link":"https:\/\/marketplace.epassi.fi\/kouvolan-kiropraktiikka\/info\/","title":{"rendered":"Info"},"content":{"rendered":"\n\t<div class=\"entry-content single-content\">\n\n\t\t<div class=\"wp-block-columns\" style=\"gap:30px\">\n\t\t\t<div class=\"wp-block-column\">\n\t\t\t\t<h2>Kouvolan Kiropraktiikka<\/h2>\n\t\t\t\t<p><p>MIT\u00c4 KIROPRAKTIIKKA ON? SOPIIKO SE MINULLE?<\/p>\n<p>Kiropraktikon vastaanotolle hakeudutaan usein jonkin vaivan, kivun tai oireen vuoksi. Yleisimpien syiden joukossa ovat mm. alaselk\u00e4kipu, p\u00e4\u00e4ns\u00e4ryt, migreeni, hengenahdistus, huono ryhti, niska-hartiaseudun ongelma, k\u00e4sien tai jalkojen puutuminen, iskiaskipu, olkap\u00e4\u00e4vaivat, ummetus, refluksi, astmaoireet, selitt\u00e4m\u00e4tt\u00f6m\u00e4t kivut tai oireet, ongelmat sel\u00e4n v\u00e4lilevyjen kanssa.<\/p>\n<p>Kiropraktiikassa on kuitenkin kysymys paljon muustakin kuin pelk\u00e4st\u00e4\u00e4n oireiden hoitamisesta. Ryhti ja selk\u00e4rangan liike vaikuttavat hermoston ja sit\u00e4 kautta koko kehon toimintaan. Ryhtivirhe tai selk\u00e4rangan liikevajaus voivat est\u00e4\u00e4 hermoston (aivojen ja kehon v\u00e4lisen yhteyden) normaalin toiminnan: t\u00e4st\u00e4 voi seurata esimerkiksi vastustuskyvyn laskua, v\u00e4symyst\u00e4, ruoansulatusoireita, tai monia muita terveyden haasteita.<\/p>\n<p>Kiropraktisen hoidon tarkoituksena on palauttaa selk\u00e4rangan luonnollinen liikkuvuus ja siten hermoston ja koko kehon normaali toiminta.<\/p>\n<p>https:\/\/www.kouvolankiropraktiikka.fi\/<\/p>\n<\/p>\n\t\t\t\t<h3>Kouvolan Kiropraktiikka<\/h3>\n\t\t\t\t<p>Kouvolankatu 12<br>\n\t\t\t\t\t45100  Kouvola<\/p>\n\t\t\t\t<p><a href=\"tel:050 551 4344\">050 551 4344<\/a><\/p>\n\t\t\t\t<p><a href=\"mailto:info@kouvolankiropraktiikka.fi\">info@kouvolankiropraktiikka.fi<\/a><\/p>\n\n\t\t\t\t\t\t\t<\/div>\n\n\t\t\t<div class=\"wp-block-column\">\n\t\t\t\t<figure class=\"wp-block-image size-large\"><img loading=\"lazy\" decoding=\"async\" width=\"768\" height=\"512\" src=\"https:\/\/marketplace.epassi.fi\/kouvolan-kiropraktiikka\/wp-content\/uploads\/sites\/401\/2024\/05\/DSC05984-768x512.jpg\" class=\"attachment-medium_large size-medium_large\" alt=\"\" \/><\/figure>\n\t\t\t<\/div>\n\t\t<\/div>\n\t<\/div>\n\t\n","protected":false},"excerpt":{"rendered":"","protected":false},"author":2,"featured_media":0,"parent":0,"menu_order":0,"comment_status":"closed","ping_status":"closed","template":"","meta":{"_acf_changed":false,"_kad_post_transparent":"","_kad_post_title":"","_kad_post_layout":"","_kad_post_sidebar_id":"","_kad_post_content_style":"","_kad_post_vertical_padding":"","_kad_post_feature":"","_kad_post_feature_position":"","_kad_post_header":false,"_kad_post_footer":false,"_kad_post_classname":"","footnotes":""},"class_list":["post-22","page","type-page","status-publish","hentry"],"acf":[],"_links":{"self":[{"href":"https:\/\/marketplace.epassi.fi\/kouvolan-kiropraktiikka\/wp-json\/wp\/v2\/pages\/22","targetHints":{"allow":["GET"]}}],"collection":[{"href":"https:\/\/marketplace.epassi.fi\/kouvolan-kiropraktiikka\/wp-json\/wp\/v2\/pages"}],"about":[{"href":"https:\/\/marketplace.epassi.fi\/kouvolan-kiropraktiikka\/wp-json\/wp\/v2\/types\/page"}],"author":[{"embeddable":true,"href":"https:\/\/marketplace.epassi.fi\/kouvolan-kiropraktiikka\/wp-json\/wp\/v2\/users\/2"}],"replies":[{"embeddable":true,"href":"https:\/\/marketplace.epassi.fi\/kouvolan-kiropraktiikka\/wp-json\/wp\/v2\/comments?post=22"}],"version-history":[{"count":10,"href":"https:\/\/marketplace.epassi.fi\/kouvolan-kiropraktiikka\/wp-json\/wp\/v2\/pages\/22\/revisions"}],"predecessor-version":[{"id":264,"href":"https:\/\/marketplace.epassi.fi\/kouvolan-kiropraktiikka\/wp-json\/wp\/v2\/pages\/22\/revisions\/264"}],"wp:attachment":[{"href":"https:\/\/marketplace.epassi.fi\/kouvolan-kiropraktiikka\/wp-json\/wp\/v2\/media?parent=22"}],"curies":[{"name":"wp","href":"https:\/\/api.w.org\/{rel}","templated":true}]}}