{"id":282,"date":"2024-11-07T09:24:54","date_gmt":"2024-11-07T07:24:54","guid":{"rendered":"https:\/\/marketplace.epassi.fi\/kouvolan-kiropraktiikka\/?post_type=product&#038;p=282"},"modified":"2025-11-26T15:00:16","modified_gmt":"2025-11-26T13:00:16","slug":"lahjakortti","status":"publish","type":"product","link":"https:\/\/marketplace.epassi.fi\/kouvolan-kiropraktiikka\/kauppa\/hyvinvointi\/lahjakortti\/","title":{"rendered":"Lahjakortti avoin"},"content":{"rendered":"<p>Lahjakortti itselle!<\/p>\n<p>Ovatko hyvinvointisaldosi vanhenemassa? Osta t\u00e4st\u00e4 itsellesi lahjakortti meille ja k\u00e4yt\u00e4 se my\u00f6hemmin.<\/p>\n","protected":false},"excerpt":{"rendered":"<p>Lahjakortti itselle!<\/p>\n<p>Ovatko hyvinvointisaldosi vanhenemassa? Osta t\u00e4st\u00e4 itsellesi lahjakortti meille ja k\u00e4yt\u00e4 se my\u00f6hemmin.<\/p>\n","protected":false},"featured_media":325,"comment_status":"open","ping_status":"closed","template":"","meta":{"_acf_changed":false,"_kad_post_transparent":"default","_kad_post_title":"","_kad_post_layout":"default","_kad_post_sidebar_id":"","_kad_post_content_style":"default","_kad_post_vertical_padding":"default","_kad_post_feature":"","_kad_post_feature_position":"","_kad_post_header":false,"_kad_post_footer":false,"_kad_post_classname":""},"product_brand":[],"product_cat":[21],"product_tag":[],"class_list":{"0":"post-282","1":"product","2":"type-product","3":"status-publish","4":"has-post-thumbnail","6":"product_cat-hyvinvointi","8":"first","9":"instock","10":"purchasable","11":"product-type-variable","12":"has-default-attributes","13":"entry","14":"content-bg","15":"loop-entry"},"acf":[],"_links":{"self":[{"href":"https:\/\/marketplace.epassi.fi\/kouvolan-kiropraktiikka\/wp-json\/wp\/v2\/product\/282","targetHints":{"allow":["GET"]}}],"collection":[{"href":"https:\/\/marketplace.epassi.fi\/kouvolan-kiropraktiikka\/wp-json\/wp\/v2\/product"}],"about":[{"href":"https:\/\/marketplace.epassi.fi\/kouvolan-kiropraktiikka\/wp-json\/wp\/v2\/types\/product"}],"replies":[{"embeddable":true,"href":"https:\/\/marketplace.epassi.fi\/kouvolan-kiropraktiikka\/wp-json\/wp\/v2\/comments?post=282"}],"wp:featuredmedia":[{"embeddable":true,"href":"https:\/\/marketplace.epassi.fi\/kouvolan-kiropraktiikka\/wp-json\/wp\/v2\/media\/325"}],"wp:attachment":[{"href":"https:\/\/marketplace.epassi.fi\/kouvolan-kiropraktiikka\/wp-json\/wp\/v2\/media?parent=282"}],"wp:term":[{"taxonomy":"product_brand","embeddable":true,"href":"https:\/\/marketplace.epassi.fi\/kouvolan-kiropraktiikka\/wp-json\/wp\/v2\/product_brand?post=282"},{"taxonomy":"product_cat","embeddable":true,"href":"https:\/\/marketplace.epassi.fi\/kouvolan-kiropraktiikka\/wp-json\/wp\/v2\/product_cat?post=282"},{"taxonomy":"product_tag","embeddable":true,"href":"https:\/\/marketplace.epassi.fi\/kouvolan-kiropraktiikka\/wp-json\/wp\/v2\/product_tag?post=282"}],"curies":[{"name":"wp","href":"https:\/\/api.w.org\/{rel}","templated":true}]}}