{"id":273,"date":"2021-10-16T11:12:03","date_gmt":"2021-10-16T08:12:03","guid":{"rendered":"https:\/\/marketplace.epassi.fi\/kunnontuki\/?post_type=product&#038;p=273"},"modified":"2025-03-26T15:24:39","modified_gmt":"2025-03-26T13:24:39","slug":"vapauta-hermostosi-koko-vartalo","status":"publish","type":"product","link":"https:\/\/marketplace.epassi.fi\/kunnontuki\/kauppa\/liikuntaedut\/liikunta-muut\/vapauta-hermostosi-koko-vartalo\/","title":{"rendered":"Vapauta hermostosi: koko vartalo"},"content":{"rendered":"<p>T\u00e4m\u00e4 kurssi on meid\u00e4n tekem\u00e4n suositun Hyvinvointiheimon Vapauta hermostosi -kurssin t\u00e4yspitk\u00e4 versio.<\/p>\n<p>Treeniohjelmat\/kurssit keskittyv\u00e4t yl\u00e4- ja alavartalon\u00a0<strong>hermojen liikkuvuuden vapauttamiseen\u00a0<\/strong>sek\u00e4 hermon hyvinvointia h\u00e4iritsevien\u00a0<strong>kireyksien ratkaisemiseen.<\/strong><\/p>\n<p>Ohjelma perustuu fysioterapiaklinikalla vuosien saatossa asiakkailla testattuihin menetelmiin, joilla on tuloksekkaasti palautettu yl\u00e4- ja alavartalon liikkuvuudet sek\u00e4 hoidettu puutumisoireet kuntoon.<\/p>\n<p><strong>Treeniohjelmien avulla saat:<\/strong><\/p>\n<p>Rennomman olon yl\u00e4kroppaan ja k\u00e4siin.<br \/>\nHyvin liikkuvat yl\u00e4raajat.<br \/>\nLiikkuvamman yl\u00e4sel\u00e4n ja niskan.<br \/>\nHelpotuksen k\u00e4sien puutumiseen.<br \/>\nVenyv\u00e4mm\u00e4t taka- ja etureidet.<br \/>\nLiikkuvamman alasel\u00e4n sek\u00e4 lantion.<br \/>\nLiikkuvampi ja hyvinvoiva iskias- ja femoralishermo.<br \/>\nHelpotusta hermoper\u00e4isiin nilkan ja s\u00e4\u00e4ren alueen kireyksiin.<br \/>\nPotkua palautumiseen arjen haasteista.<\/p>\n","protected":false},"excerpt":{"rendered":"<p>Treeniohjelma\/kurssi joka sis\u00e4lt\u00e4\u00e4 sek\u00e4 yl\u00e4raajojen hermojen ett\u00e4 alaraajojen liikkuvuuden vapauttamiseen sek\u00e4 hermon hyvinvointia h\u00e4iritsevien lihaskireyksien ratkaisemiseen.<\/p>\n<p><strong>HUOM!\u00a0<\/strong>Muista oston yhteyteen lis\u00e4t\u00e4 tietoihin s\u00e4hk\u00f6postisi, tai l\u00e4het\u00e4 s\u00e4hk\u00f6postia ostostasi osoitteeseen:\u00a0<a href=\"mailto:info@kunnontuki.com\">info@kunnontuki.com<\/a>. L\u00e4het\u00e4mme t\u00e4m\u00e4n j\u00e4lkeen s\u00e4hk\u00f6postiisi linkin, jonka avulla p\u00e4\u00e4set kirjautumaan kurssille.\u00a0<strong>Tarkistathan roskapostikansiosi silt\u00e4 varalta, ett\u00e4 vastausviestimme on p\u00e4\u00e4tynyt sinne!<\/strong><\/p>\n","protected":false},"featured_media":320,"comment_status":"open","ping_status":"closed","template":"","meta":{"_acf_changed":false,"_kad_post_transparent":"default","_kad_post_title":"","_kad_post_layout":"default","_kad_post_sidebar_id":"","_kad_post_content_style":"default","_kad_post_vertical_padding":"default","_kad_post_feature":"","_kad_post_feature_position":"","_kad_post_header":false,"_kad_post_footer":false,"_kad_post_classname":""},"product_brand":[],"product_cat":[29,19,28],"product_tag":[],"class_list":{"0":"post-273","1":"product","2":"type-product","3":"status-publish","4":"has-post-thumbnail","6":"product_cat-liikunta-muut","7":"product_cat-liikuntaedut","8":"product_cat-verkkotreenit","10":"first","11":"instock","12":"featured","13":"virtual","14":"taxable","15":"purchasable","16":"product-type-simple","17":"entry","18":"content-bg","19":"loop-entry"},"acf":[],"_links":{"self":[{"href":"https:\/\/marketplace.epassi.fi\/kunnontuki\/wp-json\/wp\/v2\/product\/273","targetHints":{"allow":["GET"]}}],"collection":[{"href":"https:\/\/marketplace.epassi.fi\/kunnontuki\/wp-json\/wp\/v2\/product"}],"about":[{"href":"https:\/\/marketplace.epassi.fi\/kunnontuki\/wp-json\/wp\/v2\/types\/product"}],"replies":[{"embeddable":true,"href":"https:\/\/marketplace.epassi.fi\/kunnontuki\/wp-json\/wp\/v2\/comments?post=273"}],"wp:featuredmedia":[{"embeddable":true,"href":"https:\/\/marketplace.epassi.fi\/kunnontuki\/wp-json\/wp\/v2\/media\/320"}],"wp:attachment":[{"href":"https:\/\/marketplace.epassi.fi\/kunnontuki\/wp-json\/wp\/v2\/media?parent=273"}],"wp:term":[{"taxonomy":"product_brand","embeddable":true,"href":"https:\/\/marketplace.epassi.fi\/kunnontuki\/wp-json\/wp\/v2\/product_brand?post=273"},{"taxonomy":"product_cat","embeddable":true,"href":"https:\/\/marketplace.epassi.fi\/kunnontuki\/wp-json\/wp\/v2\/product_cat?post=273"},{"taxonomy":"product_tag","embeddable":true,"href":"https:\/\/marketplace.epassi.fi\/kunnontuki\/wp-json\/wp\/v2\/product_tag?post=273"}],"curies":[{"name":"wp","href":"https:\/\/api.w.org\/{rel}","templated":true}]}}