{"id":289,"date":"2021-10-20T17:08:34","date_gmt":"2021-10-20T14:08:34","guid":{"rendered":"https:\/\/marketplace.epassi.fi\/kunnontuki\/?post_type=product&#038;p=289"},"modified":"2024-09-01T00:04:18","modified_gmt":"2024-08-31T21:04:18","slug":"vapauta-hermostosi-ylavartalo","status":"publish","type":"product","link":"https:\/\/marketplace.epassi.fi\/kunnontuki\/kauppa\/liikuntaedut\/liikunta-muut\/vapauta-hermostosi-ylavartalo\/","title":{"rendered":"Vapauta hermostosi: yl\u00e4vartalo"},"content":{"rendered":"<p>T\u00e4m\u00e4 kurssi on meid\u00e4n tekem\u00e4n suositun Hyvinvointiheimon Vapauta hermostosi -kurssin t\u00e4yspitk\u00e4 versio niskan, hartian sek\u00e4 k\u00e4sien osalta.<br \/>\nTreeniohjelma\/kurssi keskittyy yl\u00e4raajojen <strong>hermojen liikkuvuuden vapauttamiseen\u00a0<\/strong>sek\u00e4 hermon hyvinvointia h\u00e4iritsevien\u00a0<strong>kireyksien ratkaisemiseen.<\/strong><\/p>\n<p>Ohjelma perustuu fysioterapiaklinikalla vuosien saatossa asiakkailla testattuihin menetelmiin, joilla on tuloksekkaasti palautettu yl\u00e4raajojen liikkuvuudet sek\u00e4 hoidettu puutumisoireet kuntoon.<\/p>\n<p><strong>Treeniohjelman avulla saat:<\/strong><\/p>\n<p>Rennomman olon yl\u00e4kroppaan ja k\u00e4siin<br \/>\nHyvin liikkuvat yl\u00e4raajat<br \/>\n<strong>Liikkuvamman yl\u00e4sel\u00e4n ja niskan<\/strong><br \/>\n<strong>Helpotuksen k\u00e4sien puutumiseen<\/strong><br \/>\nPotkua palautumiseen arjen haasteista<\/p>\n<p><strong>Treeniohjelma sopii:<\/strong><\/p>\n<ul>\n<li>Yl\u00e4raajojen liikkuvuusongelmien hoitoon<\/li>\n<li>K\u00e4sien puutumiseen, joka johtuu hermojen liikkuvuus- ja aineenvaihdunnan h\u00e4iri\u00f6ist\u00e4<\/li>\n<li>Ihmisille, jotka haluavat rentouttaa yl\u00e4kroppaa ja optimoida yl\u00e4kropan palautumista<\/li>\n<li>Toimistoty\u00f6ntekij\u00f6ille (staattista ty\u00f6t\u00e4 paljon)<\/li>\n<li>Raskaamman ty\u00f6n tekij\u00f6ille (yl\u00e4raajat kovassa kuormituksessa)<\/li>\n<li>Henkil\u00f6lle, joka haluaa saada tehokkaan kehonhuolto-ohjelman helposti seurattavassa videomuodossa<\/li>\n<\/ul>\n<p><strong>Treeniohjelma ei ole:<\/strong><\/p>\n<ul>\n<li>Niskan kuntoutusohjelma<\/li>\n<li>V\u00e4lilevyjen pullistumien kuntoutusohjelma<\/li>\n<li>Isompien hermovaurioiden kuntoutusohjelma<\/li>\n<\/ul>\n","protected":false},"excerpt":{"rendered":"<p>Treeniohjelma\/kurssi keskittyy yl\u00e4raajojen hermojen liikkuvuuden vapauttamiseen sek\u00e4 hermon hyvinvointia h\u00e4iritsevien lihaskireyksien ratkaisemiseen.<\/p>\n<p><strong>HUOM! <\/strong>Muista oston yhteyteen lis\u00e4t\u00e4 tietoihin s\u00e4hk\u00f6postisi, tai l\u00e4het\u00e4 s\u00e4hk\u00f6postia ostostasi osoitteeseen:\u00a0<a href=\"mailto:info@kunnontuki.com\">info@kunnontuki.com<\/a>. L\u00e4het\u00e4mme t\u00e4m\u00e4n j\u00e4lkeen s\u00e4hk\u00f6postiisi linkin, jonka avulla p\u00e4\u00e4set kirjautumaan kurssille.\u00a0<strong>Tarkistathan roskapostikansiosi silt\u00e4 varalta, ett\u00e4 vastausviestimme on p\u00e4\u00e4tynyt sinne!<\/strong><\/p>\n","protected":false},"featured_media":317,"comment_status":"open","ping_status":"closed","template":"","meta":{"_acf_changed":false,"_kad_post_transparent":"default","_kad_post_title":"","_kad_post_layout":"default","_kad_post_sidebar_id":"","_kad_post_content_style":"default","_kad_post_vertical_padding":"default","_kad_post_feature":"","_kad_post_feature_position":"","_kad_post_header":false,"_kad_post_footer":false,"_kad_post_classname":""},"product_brand":[],"product_cat":[29,19,28],"product_tag":[],"class_list":{"0":"post-289","1":"product","2":"type-product","3":"status-publish","4":"has-post-thumbnail","6":"product_cat-liikunta-muut","7":"product_cat-liikuntaedut","8":"product_cat-verkkotreenit","10":"first","11":"instock","12":"virtual","13":"taxable","14":"purchasable","15":"product-type-simple","16":"entry","17":"content-bg","18":"loop-entry"},"acf":[],"_links":{"self":[{"href":"https:\/\/marketplace.epassi.fi\/kunnontuki\/wp-json\/wp\/v2\/product\/289","targetHints":{"allow":["GET"]}}],"collection":[{"href":"https:\/\/marketplace.epassi.fi\/kunnontuki\/wp-json\/wp\/v2\/product"}],"about":[{"href":"https:\/\/marketplace.epassi.fi\/kunnontuki\/wp-json\/wp\/v2\/types\/product"}],"replies":[{"embeddable":true,"href":"https:\/\/marketplace.epassi.fi\/kunnontuki\/wp-json\/wp\/v2\/comments?post=289"}],"wp:featuredmedia":[{"embeddable":true,"href":"https:\/\/marketplace.epassi.fi\/kunnontuki\/wp-json\/wp\/v2\/media\/317"}],"wp:attachment":[{"href":"https:\/\/marketplace.epassi.fi\/kunnontuki\/wp-json\/wp\/v2\/media?parent=289"}],"wp:term":[{"taxonomy":"product_brand","embeddable":true,"href":"https:\/\/marketplace.epassi.fi\/kunnontuki\/wp-json\/wp\/v2\/product_brand?post=289"},{"taxonomy":"product_cat","embeddable":true,"href":"https:\/\/marketplace.epassi.fi\/kunnontuki\/wp-json\/wp\/v2\/product_cat?post=289"},{"taxonomy":"product_tag","embeddable":true,"href":"https:\/\/marketplace.epassi.fi\/kunnontuki\/wp-json\/wp\/v2\/product_tag?post=289"}],"curies":[{"name":"wp","href":"https:\/\/api.w.org\/{rel}","templated":true}]}}