{"id":22,"date":"2021-09-13T17:45:59","date_gmt":"2021-09-13T17:45:59","guid":{"rendered":"https:\/\/marketplace.epassi.fi\/kuntokeskuspositive\/?page_id=22"},"modified":"2021-10-12T10:57:35","modified_gmt":"2021-10-12T10:57:35","slug":"info","status":"publish","type":"page","link":"https:\/\/marketplace.epassi.fi\/kuntokeskuspositive\/info\/","title":{"rendered":"Info"},"content":{"rendered":"\n\t<div class=\"entry-content single-content\">\n\n\t\t<div class=\"wp-block-columns\" style=\"gap:30px\">\n\t\t\t<div class=\"wp-block-column\">\n\t\t\t\t<h2>Kuntosali, ryhm\u00e4liikunta, PT -valmennus<\/h2>\n\t\t\t\t<p><p>Me olemme Positive. Hyv\u00e4n mielen kuntokeskus keskell\u00e4 Jyv\u00e4skyl\u00e4\u00e4. Nimemme kertoo tavasta, jolla suhtaudumme kuntoiluun: iloisena, voimaa el\u00e4m\u00e4\u00e4n tuovana asiana. Terveen\u00e4 el\u00e4m\u00e4ntapana.<br \/>\nPalvelun tarjontaamme kuuluu kuntosali, ryhm\u00e4liikunta sek\u00e4 yksil\u00f6- ja pienryhm\u00e4valmennus.<br \/>\nSinulla tulee olla  joko A) voimassaoleva j\u00e4senyys Kuntokeskus Positivelle ennen kuin siirr\u00e4t ePassi-saldoa meille. Voit liitty\u00e4 j\u00e4seneksi kuntokeskuspositive.fi -kotisivuiltamme verkkokaupan kautta tai paikan p\u00e4\u00e4ll\u00e4 toimipisteess\u00e4mme. T\u00e4m\u00e4n j\u00e4lkeen voit siirt\u00e4\u00e4 Epassi Marketplace -kaupan kautta helposti lis\u00e4saldoa, joka k\u00e4ytet\u00e4\u00e4n automaattisesti tulevien kk-maksujesi maksuun. Lataa saldoa aina edelt\u00e4v\u00e4n kuukauden 10. p\u00e4iv\u00e4\u00e4n menness\u00e4, jolle haluat saldon kohdentaa. Huomaathan, ett\u00e4 jo l\u00e4hetetyt laskut tulee aina maksaa normaalisti.<br \/>\nTai B) mik\u00e4li sinulla ei ole voimassa olevaa j\u00e4senyytt\u00e4 , niin voit valita Positiven liikuntapalvelut -tuotteen ja siirt\u00e4\u00e4 haluamasi m\u00e4\u00e4r\u00e4n saldoa meille. T\u00e4m\u00e4n j\u00e4lkeen olemme sinuun yhteydess\u00e4 ja sovimme mihin tarjoamistamme palveluistamme haluat siirt\u00e4m\u00e4si saldon kohdistaa.<\/p>\n<\/p>\n\t\t\t\t<h3>Kuntokeskus Positive<\/h3>\n\t\t\t\t<p>Kauppalaispiha 3<br>\n\t\t\t\t\t40100 Jyv\u00e4skyl\u00e4<\/p>\n\t\t\t\t<p><a href=\"tel:050-5590777\">050-5590777<\/a><\/p>\n\t\t\t\t<p><a href=\"mailto:info@kuntokeskuspositive.fi\">info@kuntokeskuspositive.fi<\/a><\/p>\n\n\t\t\t\t<h2>Toimipisteet<\/h2><div class=\"info-page-location-list\"><div class=\"info-page-location\"><h3>Kuntokeskus Positive<\/h3><p>Kauppalaispiha 3, 40100 Jyv\u00e4skyl\u00e4<\/p><p><p><a href=\"https:\/\/www.google.com\/maps\/search\/?api=1&query=Google&query_place_id=ChIJK2HwYxZ0hUYRTVl4qk_Ti3g\">Katso sijainti kartalla <span>&#8599;<\/span><\/a><\/p><\/p><p><\/p><\/div><\/div>\t\t\t<\/div>\n\n\t\t\t<div class=\"wp-block-column\">\n\t\t\t\t<figure class=\"wp-block-image size-large\"><img loading=\"lazy\" decoding=\"async\" width=\"768\" height=\"461\" src=\"https:\/\/marketplace.epassi.fi\/kuntokeskuspositive\/wp-content\/uploads\/sites\/178\/2021\/11\/766E905F-9A41-482C-980A-7CDF4DE2F1C8-768x461.jpeg\" class=\"attachment-medium_large size-medium_large\" alt=\"\" \/><\/figure>\n\t\t\t<\/div>\n\t\t<\/div>\n\t<\/div>\n\t\n","protected":false},"excerpt":{"rendered":"","protected":false},"author":2,"featured_media":0,"parent":0,"menu_order":0,"comment_status":"closed","ping_status":"closed","template":"","meta":{"_acf_changed":false,"_kad_post_transparent":"","_kad_post_title":"","_kad_post_layout":"","_kad_post_sidebar_id":"","_kad_post_content_style":"","_kad_post_vertical_padding":"","_kad_post_feature":"","_kad_post_feature_position":"","_kad_post_header":false,"_kad_post_footer":false,"_kad_post_classname":"","footnotes":""},"class_list":["post-22","page","type-page","status-publish","hentry"],"acf":[],"_links":{"self":[{"href":"https:\/\/marketplace.epassi.fi\/kuntokeskuspositive\/wp-json\/wp\/v2\/pages\/22","targetHints":{"allow":["GET"]}}],"collection":[{"href":"https:\/\/marketplace.epassi.fi\/kuntokeskuspositive\/wp-json\/wp\/v2\/pages"}],"about":[{"href":"https:\/\/marketplace.epassi.fi\/kuntokeskuspositive\/wp-json\/wp\/v2\/types\/page"}],"author":[{"embeddable":true,"href":"https:\/\/marketplace.epassi.fi\/kuntokeskuspositive\/wp-json\/wp\/v2\/users\/2"}],"replies":[{"embeddable":true,"href":"https:\/\/marketplace.epassi.fi\/kuntokeskuspositive\/wp-json\/wp\/v2\/comments?post=22"}],"version-history":[{"count":10,"href":"https:\/\/marketplace.epassi.fi\/kuntokeskuspositive\/wp-json\/wp\/v2\/pages\/22\/revisions"}],"predecessor-version":[{"id":264,"href":"https:\/\/marketplace.epassi.fi\/kuntokeskuspositive\/wp-json\/wp\/v2\/pages\/22\/revisions\/264"}],"wp:attachment":[{"href":"https:\/\/marketplace.epassi.fi\/kuntokeskuspositive\/wp-json\/wp\/v2\/media?parent=22"}],"curies":[{"name":"wp","href":"https:\/\/api.w.org\/{rel}","templated":true}]}}