{"id":330,"date":"2021-11-29T14:23:18","date_gmt":"2021-11-29T12:23:18","guid":{"rendered":"https:\/\/marketplace.epassi.fi\/kuntokeskuspositive\/?post_type=product&#038;p=330"},"modified":"2024-12-09T14:44:09","modified_gmt":"2024-12-09T12:44:09","slug":"positiven-liikuntapalvelut","status":"publish","type":"product","link":"https:\/\/marketplace.epassi.fi\/kuntokeskuspositive\/kauppa\/liikuntaedut\/kuntosali\/positiven-liikuntapalvelut\/","title":{"rendered":"Positiven liikuntapalvelut 20\u20ac-400\u20ac"},"content":{"rendered":"<p>T\u00e4m\u00e4 tuote on tarkoitettu sinulle, joka et viel\u00e4 ole asiakkaanamme. Positiven liikuntapalvelut -tuotteen lunastamalla voit p\u00e4\u00e4tt\u00e4\u00e4 my\u00f6hemmin mihin tarjoamaamme palveluun haluat lataamasi saldon k\u00e4ytt\u00e4\u00e4. Valikoimastamme l\u00f6yd\u00e4t monipuoliset korttivaihtoehdot joko pelk\u00e4st\u00e4\u00e4n kuntosalille tai kuntosalille ja ryhm\u00e4liikuntaan. Siirretty\u00e4si haluamasi summan meille olemme sinuun yhteydess\u00e4 sopiaksemme saldosi k\u00e4yt\u00f6st\u00e4.<\/p>\n","protected":false},"excerpt":{"rendered":"<p>T\u00e4m\u00e4 tuote on tarkoitettu sinulle, joka et viel\u00e4 ole asiakkaanamme. Positiven liikuntapalvelut -tuotteen lunastamalla voit p\u00e4\u00e4tt\u00e4\u00e4 my\u00f6hemmin mihin tarjoamaamme palveluun haluat lataamasi saldon k\u00e4ytt\u00e4\u00e4. Valikoimastamme l\u00f6yd\u00e4t monipuoliset korttivaihtoehdot joko pelk\u00e4st\u00e4\u00e4n kuntosalille tai kuntosalille ja ryhm\u00e4liikuntaan. Siirretty\u00e4si haluamasi summan meille olemme sinuun yhteydess\u00e4 sopiaksemme saldosi k\u00e4yt\u00f6st\u00e4.<\/p>\n","protected":false},"featured_media":325,"comment_status":"open","ping_status":"closed","template":"","meta":{"_acf_changed":false,"_kad_post_transparent":"default","_kad_post_title":"","_kad_post_layout":"default","_kad_post_sidebar_id":"","_kad_post_content_style":"default","_kad_post_vertical_padding":"default","_kad_post_feature":"","_kad_post_feature_position":"","_kad_post_header":false,"_kad_post_footer":false,"_kad_post_classname":""},"product_brand":[],"product_cat":[23,19,27],"product_tag":[],"class_list":{"0":"post-330","1":"product","2":"type-product","3":"status-publish","4":"has-post-thumbnail","6":"product_cat-kuntosali","7":"product_cat-liikuntaedut","8":"product_cat-ryhmaliikunta","10":"first","11":"instock","12":"taxable","13":"shipping-taxable","14":"purchasable","15":"product-type-variable","16":"entry","17":"content-bg","18":"loop-entry"},"acf":[],"_links":{"self":[{"href":"https:\/\/marketplace.epassi.fi\/kuntokeskuspositive\/wp-json\/wp\/v2\/product\/330","targetHints":{"allow":["GET"]}}],"collection":[{"href":"https:\/\/marketplace.epassi.fi\/kuntokeskuspositive\/wp-json\/wp\/v2\/product"}],"about":[{"href":"https:\/\/marketplace.epassi.fi\/kuntokeskuspositive\/wp-json\/wp\/v2\/types\/product"}],"replies":[{"embeddable":true,"href":"https:\/\/marketplace.epassi.fi\/kuntokeskuspositive\/wp-json\/wp\/v2\/comments?post=330"}],"wp:featuredmedia":[{"embeddable":true,"href":"https:\/\/marketplace.epassi.fi\/kuntokeskuspositive\/wp-json\/wp\/v2\/media\/325"}],"wp:attachment":[{"href":"https:\/\/marketplace.epassi.fi\/kuntokeskuspositive\/wp-json\/wp\/v2\/media?parent=330"}],"wp:term":[{"taxonomy":"product_brand","embeddable":true,"href":"https:\/\/marketplace.epassi.fi\/kuntokeskuspositive\/wp-json\/wp\/v2\/product_brand?post=330"},{"taxonomy":"product_cat","embeddable":true,"href":"https:\/\/marketplace.epassi.fi\/kuntokeskuspositive\/wp-json\/wp\/v2\/product_cat?post=330"},{"taxonomy":"product_tag","embeddable":true,"href":"https:\/\/marketplace.epassi.fi\/kuntokeskuspositive\/wp-json\/wp\/v2\/product_tag?post=330"}],"curies":[{"name":"wp","href":"https:\/\/api.w.org\/{rel}","templated":true}]}}