{"id":22,"date":"2021-09-13T17:45:59","date_gmt":"2021-09-13T17:45:59","guid":{"rendered":"https:\/\/marketplace.epassi.fi\/kuntostudio-fiilis\/?page_id=22"},"modified":"2021-10-12T10:57:35","modified_gmt":"2021-10-12T10:57:35","slug":"info","status":"publish","type":"page","link":"https:\/\/marketplace.epassi.fi\/kuntostudio-fiilis\/info\/","title":{"rendered":"Info"},"content":{"rendered":"\n\t<div class=\"entry-content single-content\">\n\n\t\t<div class=\"wp-block-columns\" style=\"gap:30px\">\n\t\t\t<div class=\"wp-block-column\">\n\t\t\t\t<h2>Kuntostudio Fiilis<\/h2>\n\t\t\t\t<p><p>Kuntostudio Fiilis on yksityinen toimija, joka tarjoaa monipuolisia ja laadukkaita ryhm\u00e4liikuntapalveluita Lahden M\u00f6ys\u00e4ss\u00e4 sijaitsevissa viihtyisiss\u00e4 tiloissa.<\/p>\n<p>Fiiliksess\u00e4 asiakas on aina t\u00e4rkein ja palvelut suunnitellaan sek\u00e4 toteutetaan heit\u00e4 kunnioittaen.  Meille on suuri ilo olla mukana tuomassa jokaiselle meill\u00e4 k\u00e4yv\u00e4lle ihmiselle  liikunnan riemua sek\u00e4 sis\u00e4lt\u00f6\u00e4 arkeen.<\/p>\n<p>Ammattitaitoinen ohjaajatiimi pit\u00e4\u00e4 huolen, ett\u00e4 jokainen liikkuja tuntee olonsa tervetulleeksi ja saa meilt\u00e4 liikuntael\u00e4myksen, jolla yll\u00e4pit\u00e4\u00e4 sek\u00e4 parantaa kehon ja mielen hyvinvointia.  <\/p>\n<p>T\u00e4\u00e4lt\u00e4 voit ostaa E-passilla tuotteitamme. Huomioithan ett\u00e4 sinulla tulee olla asiakastili varausohjelmaamme, jotta voimme ladata kortin tai palvelun tilillesi. Kortin latautumiseen asiakastilillesi oston j\u00e4lkeen voi menn\u00e4 max 24 h.<\/p>\n<p>Lis\u00e4tiedot https:\/\/www.fiilis.com\/infoa-ensikertalaiselle<\/p>\n<\/p>\n\t\t\t\t<h3>M\u00f6ys\u00e4n Kuntostudio Fiilis Oy<\/h3>\n\t\t\t\t<p>Viipurintie 1<br>\n\t\t\t\t\t15150 Lahti<\/p>\n\t\t\t\t<p><a href=\"tel:050-5503637\">050-5503637<\/a><\/p>\n\t\t\t\t<p><a href=\"mailto:info@fiilis.com\">info@fiilis.com<\/a><\/p>\n\n\t\t\t\t\t\t\t<\/div>\n\n\t\t\t<div class=\"wp-block-column\">\n\t\t\t\t<figure class=\"wp-block-image size-large\"><img loading=\"lazy\" decoding=\"async\" width=\"768\" height=\"576\" src=\"https:\/\/marketplace.epassi.fi\/kuntostudio-fiilis\/wp-content\/uploads\/sites\/328\/2021\/10\/epassi-tuotekuva-demo-768x576.jpg\" class=\"attachment-medium_large size-medium_large\" alt=\"\" \/><\/figure>\n\t\t\t<\/div>\n\t\t<\/div>\n\t<\/div>\n\t\n","protected":false},"excerpt":{"rendered":"","protected":false},"author":2,"featured_media":0,"parent":0,"menu_order":0,"comment_status":"closed","ping_status":"closed","template":"","meta":{"_acf_changed":false,"_kad_post_transparent":"","_kad_post_title":"","_kad_post_layout":"","_kad_post_sidebar_id":"","_kad_post_content_style":"","_kad_post_vertical_padding":"","_kad_post_feature":"","_kad_post_feature_position":"","_kad_post_header":false,"_kad_post_footer":false,"_kad_post_classname":"","footnotes":""},"class_list":["post-22","page","type-page","status-publish","hentry"],"acf":[],"_links":{"self":[{"href":"https:\/\/marketplace.epassi.fi\/kuntostudio-fiilis\/wp-json\/wp\/v2\/pages\/22","targetHints":{"allow":["GET"]}}],"collection":[{"href":"https:\/\/marketplace.epassi.fi\/kuntostudio-fiilis\/wp-json\/wp\/v2\/pages"}],"about":[{"href":"https:\/\/marketplace.epassi.fi\/kuntostudio-fiilis\/wp-json\/wp\/v2\/types\/page"}],"author":[{"embeddable":true,"href":"https:\/\/marketplace.epassi.fi\/kuntostudio-fiilis\/wp-json\/wp\/v2\/users\/2"}],"replies":[{"embeddable":true,"href":"https:\/\/marketplace.epassi.fi\/kuntostudio-fiilis\/wp-json\/wp\/v2\/comments?post=22"}],"version-history":[{"count":10,"href":"https:\/\/marketplace.epassi.fi\/kuntostudio-fiilis\/wp-json\/wp\/v2\/pages\/22\/revisions"}],"predecessor-version":[{"id":264,"href":"https:\/\/marketplace.epassi.fi\/kuntostudio-fiilis\/wp-json\/wp\/v2\/pages\/22\/revisions\/264"}],"wp:attachment":[{"href":"https:\/\/marketplace.epassi.fi\/kuntostudio-fiilis\/wp-json\/wp\/v2\/media?parent=22"}],"curies":[{"name":"wp","href":"https:\/\/api.w.org\/{rel}","templated":true}]}}