{"id":326,"date":"2023-02-09T16:41:24","date_gmt":"2023-02-09T14:41:24","guid":{"rendered":"https:\/\/marketplace.epassi.fi\/kuntostudio-fiilis\/?post_type=product&#038;p=326"},"modified":"2026-02-16T13:40:50","modified_gmt":"2026-02-16T11:40:50","slug":"5x-kortti-ryhmaliikuntaan","status":"publish","type":"product","link":"https:\/\/marketplace.epassi.fi\/kuntostudio-fiilis\/kauppa\/liikuntaedut\/ryhmaliikunta\/5x-kortti-ryhmaliikuntaan\/","title":{"rendered":"5x kortti ryhm\u00e4liikuntaan"},"content":{"rendered":"<p>Kortti on voimassa 13 vkoa (3 kuukautta) ostop\u00e4iv\u00e4st\u00e4.<\/p>\n<p>Huomioi ett\u00e4 sinulla tulee olla luotuna asiakastili https:\/\/www.varaaheti.fi\/fiilis jotta voimme lis\u00e4t\u00e4 Prepaid-kortin asiakastilillesi, ett\u00e4 p\u00e4\u00e4set varaamaan tunteja.<\/p>\n<p>Huom. E-passi ostoksissa voi olla 24h viive ennekuin tuote on asiakastilill\u00e4si.<\/p>\n<p>Korttien ehdot ja lis\u00e4tiedot https:\/\/www.fiilis.com\/hinnasto<\/p>\n","protected":false},"excerpt":{"rendered":"<p>Kortti on voimassa 13 vkoa 3 kk.<\/p>\n<p>Huomioi ett\u00e4 sinulla tulee olla luotuna asiakastili https:\/\/www.varaaheti.fi\/fiilis jotta voimme lis\u00e4t\u00e4 Prepaid-kortin asiakastilillesi, ett\u00e4 p\u00e4\u00e4set varaamaan tunteja.<\/p>\n<p>Huom. E-passi ostoksissa voi olla 24h viive ennekuin tuote on asiakastilill\u00e4si.<\/p>\n","protected":false},"featured_media":327,"comment_status":"open","ping_status":"closed","template":"","meta":{"_acf_changed":false,"_kad_post_transparent":"default","_kad_post_title":"","_kad_post_layout":"default","_kad_post_sidebar_id":"","_kad_post_content_style":"default","_kad_post_vertical_padding":"default","_kad_post_feature":"","_kad_post_feature_position":"","_kad_post_header":false,"_kad_post_footer":false,"_kad_post_classname":""},"product_brand":[],"product_cat":[19,27],"product_tag":[],"class_list":{"0":"post-326","1":"product","2":"type-product","3":"status-publish","4":"has-post-thumbnail","6":"product_cat-liikuntaedut","7":"product_cat-ryhmaliikunta","9":"first","10":"instock","11":"taxable","12":"shipping-taxable","13":"purchasable","14":"product-type-simple","15":"entry","16":"content-bg","17":"loop-entry"},"acf":[],"_links":{"self":[{"href":"https:\/\/marketplace.epassi.fi\/kuntostudio-fiilis\/wp-json\/wp\/v2\/product\/326","targetHints":{"allow":["GET"]}}],"collection":[{"href":"https:\/\/marketplace.epassi.fi\/kuntostudio-fiilis\/wp-json\/wp\/v2\/product"}],"about":[{"href":"https:\/\/marketplace.epassi.fi\/kuntostudio-fiilis\/wp-json\/wp\/v2\/types\/product"}],"replies":[{"embeddable":true,"href":"https:\/\/marketplace.epassi.fi\/kuntostudio-fiilis\/wp-json\/wp\/v2\/comments?post=326"}],"wp:featuredmedia":[{"embeddable":true,"href":"https:\/\/marketplace.epassi.fi\/kuntostudio-fiilis\/wp-json\/wp\/v2\/media\/327"}],"wp:attachment":[{"href":"https:\/\/marketplace.epassi.fi\/kuntostudio-fiilis\/wp-json\/wp\/v2\/media?parent=326"}],"wp:term":[{"taxonomy":"product_brand","embeddable":true,"href":"https:\/\/marketplace.epassi.fi\/kuntostudio-fiilis\/wp-json\/wp\/v2\/product_brand?post=326"},{"taxonomy":"product_cat","embeddable":true,"href":"https:\/\/marketplace.epassi.fi\/kuntostudio-fiilis\/wp-json\/wp\/v2\/product_cat?post=326"},{"taxonomy":"product_tag","embeddable":true,"href":"https:\/\/marketplace.epassi.fi\/kuntostudio-fiilis\/wp-json\/wp\/v2\/product_tag?post=326"}],"curies":[{"name":"wp","href":"https:\/\/api.w.org\/{rel}","templated":true}]}}