{"id":22,"date":"2021-09-13T17:45:59","date_gmt":"2021-09-13T17:45:59","guid":{"rendered":"https:\/\/marketplace.epassi.fi\/kuopion-fysioterapia\/?page_id=22"},"modified":"2021-10-12T10:57:35","modified_gmt":"2021-10-12T10:57:35","slug":"info","status":"publish","type":"page","link":"https:\/\/marketplace.epassi.fi\/kuopion-fysioterapia\/info\/","title":{"rendered":"Info"},"content":{"rendered":"\n\t<div class=\"entry-content single-content\">\n\n\t\t<div class=\"wp-block-columns\" style=\"gap:30px\">\n\t\t\t<div class=\"wp-block-column\">\n\t\t\t\t<h2>Tietoa yrityksest\u00e4<\/h2>\n\t\t\t\t<p><p>Tervetuloa Kuopion Fysioterapiaan! Olemme erikoistuneet tuki- ja liikuntaelinsairauksien hoitoon ja tarjoamme laajan valikoiman fysioterapia- ja hierontapalveluita kaikenik\u00e4isille ja -kuntoisille asiakkaille.<\/p>\n<p>Haluamme auttaa sinua l\u00f6yt\u00e4m\u00e4\u00e4n juuri sinulle sopivan hoitomuodon, oli kyse sitten klassisesta hieronnasta, urheiluhieronnasta, faskiatekniikoista, kuivakuppaamisesta, manipulatiivisista tekniikoista tai fysioterapiasta. Meill\u00e4 on erityisosaamista polvien ja olkap\u00e4iden pre- ja post-operatiivisesta kuntoutuksesta, tules-fysioterapiasta ja purentaelinten fysioterapiasta.<\/p>\n<p>Asiakkaanamme voit luottaa siihen, ett\u00e4 olet ammattitaitoisten hierojien ja fysioterapeuttien k\u00e4siss\u00e4. Meill\u00e4 on vuosien kokemus alalta ja jatkuvasti p\u00e4ivittyv\u00e4 osaaminen takaa sen, ett\u00e4 saat aina parasta mahdollista hoitoa.<\/p>\n<p>Miksi sinun kannattaa varata aika juuri meid\u00e4n kanssamme? Koska haluamme, ett\u00e4 voit el\u00e4\u00e4 mahdollisimman hyvin ja nauttia liikkumisen ilosta ilman kipuja ja rajoitteita. Haluamme auttaa sinua saavuttamaan tavoitteesi ja parantamaan el\u00e4m\u00e4nlaatuasi.<\/p>\n<p>Tule rohkeasti tutustumaan palveluihimme ja varaamaan aika! www.kuopionfysioterapia.fi<\/p>\n<\/p>\n\t\t\t\t<h3>Kuopion Fysioterapia<\/h3>\n\t\t\t\t<p>K\u00e4sity\u00f6katu 41<br>\n\t\t\t\t\t70100 Kuopio<\/p>\n\t\t\t\t<p><a href=\"tel:0442094257\">0442094257<\/a><\/p>\n\t\t\t\t<p><a href=\"mailto:info@kuopionfysioterapia.fi\">info@kuopionfysioterapia.fi<\/a><\/p>\n\n\t\t\t\t<h2>Toimipisteet<\/h2><div class=\"info-page-location-list\"><div class=\"info-page-location\"><h3>Kuopion Fysioterapia<\/h3><p>K\u00e4sity\u00f6katu 41, 70100 Kuopio<\/p><p><a href=\"tel:0442094257\">0442094257<\/a><br><a href=\"mail:Info@kuopionfysioterapia.fi\">Info@kuopionfysioterapia.fi<\/a><p><a href=\"https:\/\/www.google.com\/maps\/search\/?api=1&query=Google&query_place_id=ChIJq6xb3ImwhEYRwtLC3pCk-ug\">Katso sijainti kartalla <span>&#8599;<\/span><\/a><\/p><\/p><p>Kuinka meille p\u00e4\u00e4see? Katso video linkist\u00e4:\r\nhttps:\/\/youtube.com\/shorts\/ISNM6uvg1fQ<\/p><\/div><\/div>\t\t\t<\/div>\n\n\t\t\t<div class=\"wp-block-column\">\n\t\t\t\t<figure class=\"wp-block-image size-large\"><img loading=\"lazy\" decoding=\"async\" width=\"768\" height=\"432\" src=\"https:\/\/marketplace.epassi.fi\/kuopion-fysioterapia\/wp-content\/uploads\/sites\/117\/2022\/08\/kasityokatu-41-kf-768x432.png\" class=\"attachment-medium_large size-medium_large\" alt=\"Kuopion fysioterapia\" \/><\/figure>\n\t\t\t<\/div>\n\t\t<\/div>\n\t<\/div>\n\t\n","protected":false},"excerpt":{"rendered":"","protected":false},"author":2,"featured_media":0,"parent":0,"menu_order":0,"comment_status":"closed","ping_status":"closed","template":"","meta":{"_acf_changed":false,"_kad_post_transparent":"","_kad_post_title":"","_kad_post_layout":"","_kad_post_sidebar_id":"","_kad_post_content_style":"","_kad_post_vertical_padding":"","_kad_post_feature":"","_kad_post_feature_position":"","_kad_post_header":false,"_kad_post_footer":false,"_kad_post_classname":"","footnotes":""},"class_list":["post-22","page","type-page","status-publish","hentry"],"acf":[],"_links":{"self":[{"href":"https:\/\/marketplace.epassi.fi\/kuopion-fysioterapia\/wp-json\/wp\/v2\/pages\/22","targetHints":{"allow":["GET"]}}],"collection":[{"href":"https:\/\/marketplace.epassi.fi\/kuopion-fysioterapia\/wp-json\/wp\/v2\/pages"}],"about":[{"href":"https:\/\/marketplace.epassi.fi\/kuopion-fysioterapia\/wp-json\/wp\/v2\/types\/page"}],"author":[{"embeddable":true,"href":"https:\/\/marketplace.epassi.fi\/kuopion-fysioterapia\/wp-json\/wp\/v2\/users\/2"}],"replies":[{"embeddable":true,"href":"https:\/\/marketplace.epassi.fi\/kuopion-fysioterapia\/wp-json\/wp\/v2\/comments?post=22"}],"version-history":[{"count":10,"href":"https:\/\/marketplace.epassi.fi\/kuopion-fysioterapia\/wp-json\/wp\/v2\/pages\/22\/revisions"}],"predecessor-version":[{"id":264,"href":"https:\/\/marketplace.epassi.fi\/kuopion-fysioterapia\/wp-json\/wp\/v2\/pages\/22\/revisions\/264"}],"wp:attachment":[{"href":"https:\/\/marketplace.epassi.fi\/kuopion-fysioterapia\/wp-json\/wp\/v2\/media?parent=22"}],"curies":[{"name":"wp","href":"https:\/\/api.w.org\/{rel}","templated":true}]}}