{"id":282,"date":"2021-11-18T21:36:50","date_gmt":"2021-11-18T19:36:50","guid":{"rendered":"https:\/\/marketplace.epassi.fi\/kuopion-fysioterapia\/?post_type=product&#038;p=282"},"modified":"2026-03-27T12:18:18","modified_gmt":"2026-03-27T10:18:18","slug":"__trashed","status":"publish","type":"product","link":"https:\/\/marketplace.epassi.fi\/kuopion-fysioterapia\/kauppa\/hyvinvointi\/hieronta\/__trashed\/","title":{"rendered":"Lahjakortti hierontaan (voimassa 12kk)"},"content":{"rendered":"<h3><strong>Lahjakortti hierontaan \u2013 hemmottelua ja hyvinvointia<\/strong><\/h3>\n<p>Haluatko antaa itsellesi lahjaksi hetken rentoutumista ja hyv\u00e4\u00e4 oloa? Hierontalahjakortti on t\u00e4ydellinen tapa ilahduttaa l\u00e4heist\u00e4si ja tarjota arjen keskelle ansaittua lepoa.<\/p>\n<p>Voit valita juuri itsellesi sopivan hoidon \u2013 klassisen hieronnan, urheiluhieronnan tai kipua lievitt\u00e4v\u00e4n k\u00e4sittelyn. Lahja on joustava ja helppo, ja sen voi k\u00e4ytt\u00e4\u00e4 silloin, kun se tuntuu parhaalta.<\/p>\n<p><strong>Anna lahjaksi hyv\u00e4\u00e4 oloa \u2013 se on lahja, joka j\u00e4\u00e4 mieleen.<\/strong><\/p>\n<p>&nbsp;<\/p>\n<p>&nbsp;<\/p>\n<p>Sarjakortin kesto p\u00e4vitetty 24.11.2025, t\u00e4m\u00e4n j\u00e4lkeen ostetuissa korteissa pidennetty kesto.<\/p>\n","protected":false},"excerpt":{"rendered":"<p style=\"text-align: right\"><strong>Lyhyt kuvaus:<\/strong><br \/>\nAnna lahjaksi rentoutusta ja hyvinvointia lahjakortilla hierontaan. Valitse haluamasi summa ja tarjoa l\u00e4heisellesi mahdollisuus valita itselleen sopiva hierontahoito.<\/p>\n","protected":false},"featured_media":355,"comment_status":"open","ping_status":"closed","template":"","meta":{"_acf_changed":false,"_kad_post_transparent":"default","_kad_post_title":"","_kad_post_layout":"default","_kad_post_sidebar_id":"","_kad_post_content_style":"default","_kad_post_vertical_padding":"default","_kad_post_feature":"","_kad_post_feature_position":"","_kad_post_header":false,"_kad_post_footer":false,"_kad_post_classname":""},"product_brand":[],"product_cat":[31,21],"product_tag":[],"class_list":{"0":"post-282","1":"product","2":"type-product","3":"status-publish","4":"has-post-thumbnail","6":"product_cat-hieronta","7":"product_cat-hyvinvointi","9":"first","10":"instock","11":"purchasable","12":"product-type-variable","13":"entry","14":"content-bg","15":"loop-entry"},"acf":[],"_links":{"self":[{"href":"https:\/\/marketplace.epassi.fi\/kuopion-fysioterapia\/wp-json\/wp\/v2\/product\/282","targetHints":{"allow":["GET"]}}],"collection":[{"href":"https:\/\/marketplace.epassi.fi\/kuopion-fysioterapia\/wp-json\/wp\/v2\/product"}],"about":[{"href":"https:\/\/marketplace.epassi.fi\/kuopion-fysioterapia\/wp-json\/wp\/v2\/types\/product"}],"replies":[{"embeddable":true,"href":"https:\/\/marketplace.epassi.fi\/kuopion-fysioterapia\/wp-json\/wp\/v2\/comments?post=282"}],"wp:featuredmedia":[{"embeddable":true,"href":"https:\/\/marketplace.epassi.fi\/kuopion-fysioterapia\/wp-json\/wp\/v2\/media\/355"}],"wp:attachment":[{"href":"https:\/\/marketplace.epassi.fi\/kuopion-fysioterapia\/wp-json\/wp\/v2\/media?parent=282"}],"wp:term":[{"taxonomy":"product_brand","embeddable":true,"href":"https:\/\/marketplace.epassi.fi\/kuopion-fysioterapia\/wp-json\/wp\/v2\/product_brand?post=282"},{"taxonomy":"product_cat","embeddable":true,"href":"https:\/\/marketplace.epassi.fi\/kuopion-fysioterapia\/wp-json\/wp\/v2\/product_cat?post=282"},{"taxonomy":"product_tag","embeddable":true,"href":"https:\/\/marketplace.epassi.fi\/kuopion-fysioterapia\/wp-json\/wp\/v2\/product_tag?post=282"}],"curies":[{"name":"wp","href":"https:\/\/api.w.org\/{rel}","templated":true}]}}