{"id":345,"date":"2021-11-29T17:26:08","date_gmt":"2021-11-29T15:26:08","guid":{"rendered":"https:\/\/marketplace.epassi.fi\/kuopion-fysioterapia\/?post_type=product&#038;p=345"},"modified":"2025-11-24T21:33:22","modified_gmt":"2025-11-24T19:33:22","slug":"lahjakortti-fysioterapiaan","status":"publish","type":"product","link":"https:\/\/marketplace.epassi.fi\/kuopion-fysioterapia\/kauppa\/hyvinvointi\/fysioterapia\/lahjakortti-fysioterapiaan\/","title":{"rendered":"Lahjakortti fysioterapiaan (12kk)"},"content":{"rendered":"<p><strong>Epassi-etujen Deadline L\u00e4hestyy \u2013 Valitse Lahjakortti ja P\u00e4\u00e4t\u00e4 My\u00f6hemmin!<\/strong><\/p>\n<p>Epassi-etujen k\u00e4ytt\u00f6aika on pian loppumassa, mutta ei h\u00e4t\u00e4\u00e4! Valitse nyt lahjakortti palveluihimme ja p\u00e4\u00e4t\u00e4 my\u00f6hemmin, kuinka haluat k\u00e4ytt\u00e4\u00e4 hyvinvointirahasi. N\u00e4in saat varmistettua, ett\u00e4 hy\u00f6dynn\u00e4t hyvinvointrirahan ennen aikarajan umpeutumista \u2013 joustavasti ja ilman kiirett\u00e4 sill\u00e4!<\/p>\n<p>&nbsp;<\/p>\n<p>Sarjakortin kesto p\u00e4vitetty 24.11.2025, t\u00e4m\u00e4n j\u00e4lkeen ostetuissa korteissa pidennetty kesto.<\/p>\n","protected":false},"excerpt":{"rendered":"<ul>\n<li><strong>Hieronta- ja Fysioterapiapalvelut Kuopiossa<\/strong><br \/>\nTarjoamme monipuolisia hieronta- ja fysioterapiapalveluja Kuopiossa. Hierontamme lievitt\u00e4\u00e4 lihaskireyksi\u00e4, stressi\u00e4 ja tuki- ja liikuntaelinkivun aiheuttamia vaivoja. Fysioterapian avulla saat apua muun muassa liikkuvuusongelmiin, purentaelinh\u00e4iri\u00f6ihin ja postoperatiivisiin kuntoutuksiin. Ota yhteytt\u00e4 ja varaa aika, niin autamme sinua parantamaan hyvinvointiasi ja palautumistasi asiantuntevalla hoidolla.<\/li>\n<\/ul>\n","protected":false},"featured_media":356,"comment_status":"open","ping_status":"closed","template":"","meta":{"_acf_changed":false,"_kad_post_transparent":"default","_kad_post_title":"","_kad_post_layout":"default","_kad_post_sidebar_id":"","_kad_post_content_style":"default","_kad_post_vertical_padding":"default","_kad_post_feature":"","_kad_post_feature_position":"","_kad_post_header":false,"_kad_post_footer":false,"_kad_post_classname":""},"product_brand":[],"product_cat":[32,21],"product_tag":[],"class_list":{"0":"post-345","1":"product","2":"type-product","3":"status-publish","4":"has-post-thumbnail","6":"product_cat-fysioterapia","7":"product_cat-hyvinvointi","9":"first","10":"instock","11":"taxable","12":"shipping-taxable","13":"purchasable","14":"product-type-variable","15":"entry","16":"content-bg","17":"loop-entry"},"acf":[],"_links":{"self":[{"href":"https:\/\/marketplace.epassi.fi\/kuopion-fysioterapia\/wp-json\/wp\/v2\/product\/345","targetHints":{"allow":["GET"]}}],"collection":[{"href":"https:\/\/marketplace.epassi.fi\/kuopion-fysioterapia\/wp-json\/wp\/v2\/product"}],"about":[{"href":"https:\/\/marketplace.epassi.fi\/kuopion-fysioterapia\/wp-json\/wp\/v2\/types\/product"}],"replies":[{"embeddable":true,"href":"https:\/\/marketplace.epassi.fi\/kuopion-fysioterapia\/wp-json\/wp\/v2\/comments?post=345"}],"wp:featuredmedia":[{"embeddable":true,"href":"https:\/\/marketplace.epassi.fi\/kuopion-fysioterapia\/wp-json\/wp\/v2\/media\/356"}],"wp:attachment":[{"href":"https:\/\/marketplace.epassi.fi\/kuopion-fysioterapia\/wp-json\/wp\/v2\/media?parent=345"}],"wp:term":[{"taxonomy":"product_brand","embeddable":true,"href":"https:\/\/marketplace.epassi.fi\/kuopion-fysioterapia\/wp-json\/wp\/v2\/product_brand?post=345"},{"taxonomy":"product_cat","embeddable":true,"href":"https:\/\/marketplace.epassi.fi\/kuopion-fysioterapia\/wp-json\/wp\/v2\/product_cat?post=345"},{"taxonomy":"product_tag","embeddable":true,"href":"https:\/\/marketplace.epassi.fi\/kuopion-fysioterapia\/wp-json\/wp\/v2\/product_tag?post=345"}],"curies":[{"name":"wp","href":"https:\/\/api.w.org\/{rel}","templated":true}]}}