{"id":290,"date":"2021-10-20T17:09:46","date_gmt":"2021-10-20T17:09:46","guid":{"rendered":"https:\/\/marketplace.epassi.fi\/kuusamon-hyvinvointikeskus\/?post_type=product&#038;p=290"},"modified":"2024-01-25T04:01:45","modified_gmt":"2024-01-25T02:01:45","slug":"salikortti-ja-kurssit","status":"publish","type":"product","link":"https:\/\/marketplace.epassi.fi\/kuusamon-hyvinvointikeskus\/kauppa\/liikuntaedut\/jooga\/salikortti-ja-kurssit\/","title":{"rendered":"Salikortti ja liikuntakurssit alkaen"},"content":{"rendered":"<h3>Salikortit ja liikuntakurssit<\/h3>\n<h3>Rekister\u00f6idy ja osta kertak\u00e4ynti verkkokaupasta! Saat tekstiviestin\u00e4 ovikoodin puhelimeesi. Koodi on henkil\u00f6kohtainen ja osto vaatii rekister\u00f6itymisen Kuusamon Hyvinvointikeskuksen verkkokaupassa.<\/h3>\n<p>&nbsp;<\/p>\n<ol>\n<li>Kertak\u00e4ynti<\/li>\n<li>1 kk Salikortti<\/li>\n<li>Kuusamossa lomalla-kortti<\/li>\n<li>10 krt Sarjakortti<\/li>\n<li>12 kk Kausikortti<\/li>\n<li>Salikortti 05-23, toistaiseksi<\/li>\n<li>Salikortti 08-14, toistaiseksi<\/li>\n<li>Liikuntakurssit kuten Pilates, Barre, Kehonhuolto<\/li>\n<li>Et\u00e4n\u00e4 liikuntakurssit Zoom yhteydell\u00e4<\/li>\n<\/ol>\n","protected":false},"excerpt":{"rendered":"<p>Kuusamon Hyvinvointikeskuksen verkkokaupassa maksat k\u00e4tev\u00e4sti e-passi painikkeella tai perinteisill\u00e4 verkkopankki ja luottokortti painikkeilla.<\/p>\n<h1>Saatavilla olevat tuoteet:<\/h1>\n<div class=\"fibo-product\">\n<div class=\"fibo-product-left\">\n<h3>1 KERTAK\u00c4YNTI<\/h3>\n<p>Rekister\u00f6idy ja osta kertak\u00e4ynti verkkokaupasta! Saat tekstiviestin\u00e4 ovikoodin puhelimeesi. Koodi on henkil\u00f6kohtainen ja voimassa 1kk ostop\u00e4iv\u00e4st\u00e4 alkaen.<\/p>\n<\/div>\n<div class=\"fibo-product-right\">\n<h4 class=\"fibo-product-price\"><span style=\"font-family: inherit;font-size: 24px\">1 KK SALIKORTTI 05-23<\/span><\/h4>\n<\/div>\n<\/div>\n<div class=\"fibo-product\">\n<div class=\"fibo-product-left\">\n<p>1kk salikortti, kokop\u00e4iv\u00e4 05:00-23:00 , tuote on voimassa ostohetkest\u00e4 yhden kuukauden. Ostaessasi tuotteen, saat PIN koodin tekstiviestin\u00e4 puhelimeesi. Mik\u00e4li sinulla on ollut asiakkuus aiemmin korttisi aktivoituu my\u00f6s maksun j\u00e4lkeen. Mik\u00e4li tarvitset kulkukortin laita s\u00e4hk\u00f6postia toimistoon niin tehd\u00e4\u00e4n sinulle oma kulkukortti seuraavana toimistop\u00e4iv\u00e4n\u00e4.<\/p>\n<\/div>\n<div class=\"fibo-product-right\">\n<h4 class=\"fibo-product-price\"><span style=\"font-family: inherit;font-size: 24px\">1. KUUSAMOSSA LOMALLA -KORTTI<\/span><\/h4>\n<\/div>\n<\/div>\n<div class=\"fibo-product\">\n<div class=\"fibo-product-left\">\n<p>Rekister\u00f6idy ja osta. Kortti toimii 10 p\u00e4iv\u00e4\u00e4 klo 05-23 v\u00e4lisen\u00e4 aikana. K\u00e4y niin monesti kuin jaksat. Saat pin koodin tekstiviestill\u00e4 puhelimeesi ja p\u00e4\u00e4set heti salille.<\/p>\n<\/div>\n<div class=\"fibo-product-right\">\n<h4 class=\"fibo-product-price\"><span style=\"font-family: inherit;font-size: 24px\">10 KRT SARJAKORTTI, VOIMASSA 3 KUUKAUTTA<\/span><\/h4>\n<\/div>\n<\/div>\n<div class=\"fibo-product\">\n<div class=\"fibo-product-left\">\n<p>Kortti toimii 10 kertaa klo 05-23. Kortti on voimassa kolmen kuukauden ajan. Kortti on henkil\u00f6kohtainen.<\/p>\n<\/div>\n<div class=\"fibo-product-right\">\n<h4 class=\"fibo-product-price\"><span style=\"font-family: inherit;font-size: 24px\">12 KK KAUSIKORTTI M\u00c4\u00c4R\u00c4AIKAINEN, KOKOP\u00c4IV\u00c4 05-23, LASKUTUS<\/span><\/h4>\n<\/div>\n<\/div>\n<div class=\"fibo-product\">\n<div class=\"fibo-product-left\">\n<p>M\u00e4\u00e4r\u00e4aikainen 12kk x 33\u20ac =396 \u20ac 12 kuukauden m\u00e4\u00e4r\u00e4aikainen laskutustuote. E-laskun toimitus ilmainen, kirjelaskun toimituslis\u00e4 on 3 \u20ac. Laskujen er\u00e4p\u00e4iv\u00e4 on kuun 1. p\u00e4iv\u00e4. HUOM! 12 kuukauden j\u00e4lkeen jatkuu toistaiseksi, 1 kuukauden irtisanomisajalla. Ostaessasi tuotteen, saat PIN koodin tekstiviestin\u00e4 puhelimeesi. Mik\u00e4li sinulla on ollut asiakkuus aiemmin korttisi aktivoituu my\u00f6s maksun j\u00e4lkeen. Mik\u00e4li tarvitset kulkukortin laita s\u00e4hk\u00f6postia toimistoon niin tehd\u00e4\u00e4n sinulle oma kulkukortti seuraavana toimistop\u00e4iv\u00e4n\u00e4.<\/p>\n<\/div>\n<div class=\"fibo-product-right\">\n<h4 class=\"fibo-product-price\"><span style=\"font-family: inherit;font-size: 24px\">12 KK KAUSIKORTTI, KESKIP\u00c4IV\u00c4 08-14, LASKUTUS<\/span><\/h4>\n<\/div>\n<\/div>\n<div class=\"fibo-product\">\n<div class=\"fibo-product-left\">\n<p>M\u00e4\u00e4r\u00e4aikainen 12kk x 19\u20ac = 228\u20ac. 12 kuukauden m\u00e4\u00e4r\u00e4aikainen laskutustuote. e-laskun toimitus ilmainen, kirjelaskun toimituslis\u00e4 on 3 euroa. Laskujen er\u00e4p\u00e4iv\u00e4 on kuun 1. p\u00e4iv\u00e4. 12 kuukauden j\u00e4lkeen tuote jatkuu toistaiseksi, 1 kuukauden irtisanomisajalla. Ostaessasi tuotteen, saat PIN koodin tekstiviestin\u00e4 puhelimeesi. Mik\u00e4li sinulla on ollut asiakkuus aiemmin korttisi aktivoituu my\u00f6s maksun j\u00e4lkeen. Mik\u00e4li tarvitset kulkukortin laita s\u00e4hk\u00f6postia toimistoon niin tehd\u00e4\u00e4n sinulle oma kulkukortti seuraavana toimistop\u00e4iv\u00e4n\u00e4.<\/p>\n<\/div>\n<div class=\"fibo-product-right\">\n<h4 class=\"fibo-product-price\"><span style=\"font-family: inherit;font-size: 24px\">12 KK KAUSIKORTTI, KESKIP\u00c4IV\u00c4, KERTAOSTO<\/span><\/h4>\n<\/div>\n<\/div>\n<div class=\"fibo-product\">\n<div class=\"fibo-product-left\">\n<p>Kausikortti keskip\u00e4iv\u00e4 8:00-14:00, kertaosto Ostaessasi tuotteen, saat PIN koodin tekstiviestin\u00e4 puhelimeesi. Mik\u00e4li sinulla on ollut asiakkuus aiemmin korttisi aktivoituu my\u00f6s maksun j\u00e4lkeen. Mik\u00e4li tarvitset kulkukortin laita s\u00e4hk\u00f6postia toimistoon niin tehd\u00e4\u00e4n sinulle oma kulkukortti seuraavana toimistop\u00e4iv\u00e4n\u00e4.<\/p>\n<\/div>\n<div class=\"fibo-product-right\">\n<h4 class=\"fibo-product-price\"><span style=\"font-family: inherit;font-size: 24px\">12 KK KAUSIKORTTI, KOKOP\u00c4IV\u00c4, KERTAOSTO<\/span><\/h4>\n<\/div>\n<\/div>\n<div class=\"fibo-product\">\n<div class=\"fibo-product-left\">\n<p>Kausikortti, kokop\u00e4iv\u00e4 05-23, 12kk, kertamaksu. Ostaessasi tuotteen, saat PIN koodin tekstiviestin\u00e4 puhelimeesi. Mik\u00e4li sinulla on ollut asiakkuus aiemmin korttisi aktivoituu my\u00f6s maksun j\u00e4lkeen. Mik\u00e4li tarvitset kulkukortin laita s\u00e4hk\u00f6postia toimistoon niin tehd\u00e4\u00e4n sinulle oma kulkukortti seuraavana toimistop\u00e4iv\u00e4n\u00e4.<\/p>\n<\/div>\n<div class=\"fibo-product-right\">\n<h4 class=\"fibo-product-price\"><span style=\"font-family: inherit;font-size: 24px\">1KK SALIKORTTI 08-14<\/span><\/h4>\n<\/div>\n<\/div>\n<div class=\"fibo-product\">\n<div class=\"fibo-product-left\">\n<p>1kk Salikortti, keskip\u00e4iv\u00e4 8:00-14:00, Kortti on voimassa ostohetkest\u00e4 yhden kuukauden.<\/p>\n<\/div>\n<div class=\"fibo-product-right\">\n<h4 class=\"fibo-product-price\"><span style=\"font-family: inherit;font-size: 24px\">3. SALIKORTTI, KESKIP\u00c4IV\u00c4 (TOISTAISEKSI, E-LASKUTUS)<\/span><\/h4>\n<\/div>\n<\/div>\n<div class=\"fibo-product\">\n<div class=\"fibo-product-left\">\n<p>Salikortti, keskip\u00e4iv\u00e4 klo 08-14, voimassa toistaiseksi, Kirjelaskun toimituslis\u00e4 3 euroa. Ensimm\u00e4isell\u00e4 kerralla maksetaan: loppukuun tasaus + seuraava kuukausi. Jatkossa kuun 1.pv er\u00e4p\u00e4iv\u00e4 29 euroa\/kuukausi. Irtisanominen 1kk.= t\u00e4ss\u00e4kuussa irtisanotut on voimassa ensikuun loppuun. Ostaessasi tuotteen, saat PIN koodin tekstiviestin\u00e4 puhelimeesi. Mik\u00e4li sinulla on ollut asiakkuus aiemmin korttisi aktivoituu my\u00f6s maksun j\u00e4lkeen. Mik\u00e4li tarvitset kulkukortin laita s\u00e4hk\u00f6postia toimistoon niin tehd\u00e4\u00e4n sinulle oma kulkukortti seuraavana toimistop\u00e4iv\u00e4n\u00e4.<\/p>\n<\/div>\n<div class=\"fibo-product-right\">\n<h4 class=\"fibo-product-price\"><span style=\"font-family: inherit;font-size: 24px\">3. SALIKORTTI, KOKOP\u00c4IV\u00c4, (TOISTAISEKSI, E-LASKUTUS)<\/span><\/h4>\n<\/div>\n<\/div>\n<div class=\"fibo-product\">\n<div class=\"fibo-product-left\">\n<p>Salikortti, kokop\u00e4iv\u00e4 klo 05-23, voimassa toistaiseksi, Kirjelaskun toimituslis\u00e4 3euroa Ensimm\u00e4isell\u00e4 kerralla maksetaan: loppukuun tasaus + seuraava kuukausi. Jatkossa kuun 1.pv er\u00e4p\u00e4iv\u00e4 43 euroa\/kuukausi. Irtisanominen 1kk.= t\u00e4ss\u00e4kuussa irtisanotut on voimassa ensikuun loppuun. Ostaessasi tuotteen, saat PIN koodin tekstiviestin\u00e4 puhelimeesi. Mik\u00e4li sinulla on ollut asiakkuus aiemmin korttisi aktivoituu my\u00f6s maksun j\u00e4lkeen. Mik\u00e4li tarvitset kulkukortin laita s\u00e4hk\u00f6postia toimistoon niin tehd\u00e4\u00e4n sinulle oma kulkukortti seuraavana toimistop\u00e4iv\u00e4n\u00e4.<\/p>\n<\/div>\n<\/div>\n","protected":false},"featured_media":354,"comment_status":"open","ping_status":"closed","template":"","meta":{"_acf_changed":false,"_kad_post_transparent":"default","_kad_post_title":"","_kad_post_layout":"default","_kad_post_sidebar_id":"","_kad_post_content_style":"default","_kad_post_vertical_padding":"default","_kad_post_feature":"","_kad_post_feature_position":"","_kad_post_header":false,"_kad_post_footer":false,"_kad_post_classname":""},"product_brand":[],"product_cat":[25,23,29,19,27,28,15],"product_tag":[],"class_list":{"0":"post-290","1":"product","2":"type-product","3":"status-publish","4":"has-post-thumbnail","6":"product_cat-jooga","7":"product_cat-kuntosali","8":"product_cat-liikunta-muut","9":"product_cat-liikuntaedut","10":"product_cat-ryhmaliikunta","11":"product_cat-verkkotreenit","12":"product_cat-yleinen","14":"first","15":"instock","16":"taxable","17":"shipping-taxable","18":"product-type-external","19":"entry","20":"content-bg","21":"loop-entry"},"acf":[],"_links":{"self":[{"href":"https:\/\/marketplace.epassi.fi\/kuusamon-hyvinvointikeskus\/wp-json\/wp\/v2\/product\/290","targetHints":{"allow":["GET"]}}],"collection":[{"href":"https:\/\/marketplace.epassi.fi\/kuusamon-hyvinvointikeskus\/wp-json\/wp\/v2\/product"}],"about":[{"href":"https:\/\/marketplace.epassi.fi\/kuusamon-hyvinvointikeskus\/wp-json\/wp\/v2\/types\/product"}],"replies":[{"embeddable":true,"href":"https:\/\/marketplace.epassi.fi\/kuusamon-hyvinvointikeskus\/wp-json\/wp\/v2\/comments?post=290"}],"wp:featuredmedia":[{"embeddable":true,"href":"https:\/\/marketplace.epassi.fi\/kuusamon-hyvinvointikeskus\/wp-json\/wp\/v2\/media\/354"}],"wp:attachment":[{"href":"https:\/\/marketplace.epassi.fi\/kuusamon-hyvinvointikeskus\/wp-json\/wp\/v2\/media?parent=290"}],"wp:term":[{"taxonomy":"product_brand","embeddable":true,"href":"https:\/\/marketplace.epassi.fi\/kuusamon-hyvinvointikeskus\/wp-json\/wp\/v2\/product_brand?post=290"},{"taxonomy":"product_cat","embeddable":true,"href":"https:\/\/marketplace.epassi.fi\/kuusamon-hyvinvointikeskus\/wp-json\/wp\/v2\/product_cat?post=290"},{"taxonomy":"product_tag","embeddable":true,"href":"https:\/\/marketplace.epassi.fi\/kuusamon-hyvinvointikeskus\/wp-json\/wp\/v2\/product_tag?post=290"}],"curies":[{"name":"wp","href":"https:\/\/api.w.org\/{rel}","templated":true}]}}