{"id":67,"date":"2021-09-13T18:36:17","date_gmt":"2021-09-13T18:36:17","guid":{"rendered":"https:\/\/marketplace.epassi.fi\/lapland-ski-resort-ounasvaara\/?post_type=product&#038;p=67"},"modified":"2026-01-01T05:02:07","modified_gmt":"2026-01-01T03:02:07","slug":"__trashed-5","status":"publish","type":"product","link":"https:\/\/marketplace.epassi.fi\/lapland-ski-resort-ounasvaara\/kauppa\/liikuntaedut\/hiihtokeskus\/__trashed-5\/","title":{"rendered":"Hissiliput kausi 2025-26"},"content":{"rendered":"<p>Ostaessaan hissilipun ePassin Market Placelta, saa asiakas ohjeet hissilipun lataamiseen Ounasvaaran verkkokaupasta s\u00e4hk\u00f6postitse kolmen arkip\u00e4iv\u00e4n kuluessa.<br \/>\nHissilipun voi ladata omalle keycardille, jonka sarjanumero alkaa 01- ja 30-. Vaihtoehtoisesti keycardin voi latausvaiheessa lunastaa itselleen verkkokaupasta verkkokaupan maksutavoilla hintaan 7 \u20ac.<\/p>\n<p><strong>ePassilla voi ostaa vain henkil\u00f6kohtaisia lippuja samalle henkil\u00f6lle, jonka ePassi-rahaa k\u00e4ytet\u00e4\u00e4n. Hissilipun tietoihin tallennetaan latausvaiheessa nimi ja selke\u00e4 kasvokuva. Lipun v\u00e4\u00e4rink\u00e4ytt\u00f6 johtaa lipun takavarikointiin.<\/strong><\/p>\n<p>Hissilipun voi ladata s\u00e4hk\u00f6postin ohjeiden mukaan kauden 2025-2026 aikana, mutta latausta ei tarvitse suorittaa heti s\u00e4hk\u00f6postin saavuttua. Hissilippua ladatessa Ounasvaaran verkkokaupassa on oltava erityisen tarkkana lipun voimassaolon alkup\u00e4iv\u00e4m\u00e4\u00e4r\u00e4st\u00e4.<\/p>\n<p>ePassi-maksuja ei muuteta rahaksi eik\u00e4 hyvitet\u00e4 miss\u00e4\u00e4n tapauksessa. ePassi-maksut eiv\u00e4t ole yhdistett\u00e4viss\u00e4 muihin alennuksiin (esim. perhealennukset).<\/p>\n<p><strong>HUOM! ePassi Market Placen kautta ei voi ostaa lippuja samalle p\u00e4iv\u00e4lle. Jos olet ostamassa lippuja kuluvalle p\u00e4iv\u00e4lle \/ l\u00e4hip\u00e4iv\u00e4lle, mene k\u00e4ytt\u00f6paikan lipunmyyntiin ja etsi kassalla ollessasi mobiililaitteestasi oikea k\u00e4ytt\u00f6paikka (Lapland Ski Resort Ounasvaara) ePassin k\u00e4ytt\u00f6paikkahaulla.\u00a0<\/strong><\/p>\n","protected":false},"excerpt":{"rendered":"<p>Nauti liikuntaeduista rinteess\u00e4 ja osta hissilippusi ennakkoon.<\/p>\n","protected":false},"featured_media":329,"comment_status":"open","ping_status":"closed","template":"","meta":{"_acf_changed":false,"_kad_post_transparent":"default","_kad_post_title":"","_kad_post_layout":"default","_kad_post_sidebar_id":"","_kad_post_content_style":"default","_kad_post_vertical_padding":"default","_kad_post_feature":"","_kad_post_feature_position":"","_kad_post_header":false,"_kad_post_footer":false,"_kad_post_classname":""},"product_brand":[],"product_cat":[24,19],"product_tag":[],"class_list":{"0":"post-67","1":"product","2":"type-product","3":"status-publish","4":"has-post-thumbnail","6":"product_cat-hiihtokeskus","7":"product_cat-liikuntaedut","9":"first","10":"instock","11":"taxable","12":"shipping-taxable","13":"purchasable","14":"product-type-variable","15":"entry","16":"content-bg","17":"loop-entry"},"acf":[],"_links":{"self":[{"href":"https:\/\/marketplace.epassi.fi\/lapland-ski-resort-ounasvaara\/wp-json\/wp\/v2\/product\/67","targetHints":{"allow":["GET"]}}],"collection":[{"href":"https:\/\/marketplace.epassi.fi\/lapland-ski-resort-ounasvaara\/wp-json\/wp\/v2\/product"}],"about":[{"href":"https:\/\/marketplace.epassi.fi\/lapland-ski-resort-ounasvaara\/wp-json\/wp\/v2\/types\/product"}],"replies":[{"embeddable":true,"href":"https:\/\/marketplace.epassi.fi\/lapland-ski-resort-ounasvaara\/wp-json\/wp\/v2\/comments?post=67"}],"wp:featuredmedia":[{"embeddable":true,"href":"https:\/\/marketplace.epassi.fi\/lapland-ski-resort-ounasvaara\/wp-json\/wp\/v2\/media\/329"}],"wp:attachment":[{"href":"https:\/\/marketplace.epassi.fi\/lapland-ski-resort-ounasvaara\/wp-json\/wp\/v2\/media?parent=67"}],"wp:term":[{"taxonomy":"product_brand","embeddable":true,"href":"https:\/\/marketplace.epassi.fi\/lapland-ski-resort-ounasvaara\/wp-json\/wp\/v2\/product_brand?post=67"},{"taxonomy":"product_cat","embeddable":true,"href":"https:\/\/marketplace.epassi.fi\/lapland-ski-resort-ounasvaara\/wp-json\/wp\/v2\/product_cat?post=67"},{"taxonomy":"product_tag","embeddable":true,"href":"https:\/\/marketplace.epassi.fi\/lapland-ski-resort-ounasvaara\/wp-json\/wp\/v2\/product_tag?post=67"}],"curies":[{"name":"wp","href":"https:\/\/api.w.org\/{rel}","templated":true}]}}