{"id":22,"date":"2021-09-13T17:45:59","date_gmt":"2021-09-13T17:45:59","guid":{"rendered":"https:\/\/marketplace.epassi.fi\/larate\/?page_id=22"},"modified":"2021-10-12T10:57:35","modified_gmt":"2021-10-12T10:57:35","slug":"info","status":"publish","type":"page","link":"https:\/\/marketplace.epassi.fi\/larate\/info\/","title":{"rendered":"Info"},"content":{"rendered":"\n\t<div class=\"entry-content single-content\">\n\n\t\t<div class=\"wp-block-columns\" style=\"gap:30px\">\n\t\t\t<div class=\"wp-block-column\">\n\t\t\t\t<h2>Koska ravitsemus on keskeinen osa hyvinvointiasi<\/h2>\n\t\t\t\t<p><p>Haasteita sy\u00f6misen riitt\u00e4vyyden, hallinnan tai monipuolisuuden kanssa? Kamppailetko painon tai vatsavaivojen kanssa? Ravitsemusterapian tavoitteena on auttaa muuttamaan ruokailutottumuksia omaa hyvinvointia tukevaan suuntaan. <\/p>\n<p>Laratesta l\u00f6yd\u00e4t erilaisiin sy\u00f6misen haasteisiin erikoistuneet, innostavat ja kannustavat ravitsemusterapeutit. Palveluita tarjoavat vain yliopistokoulutuksen saaneet laillistetut ravitsemusterapeutit, joilla on osaaminen my\u00f6s sairauksien ravitsemushoitoon. Ravitsemusterapeutit ovat my\u00f6s painonhallinnan ohjauksessa vastuullinen ja osaava ammattikunta.<\/p>\n<\/p>\n\t\t\t\t<h3>Larate - Ravitsemusterapeuttien palvelut &amp; oppaat<\/h3>\n\t\t\t\t<p>Videovastaanotot<br>\n\t\t\t\t\t-- <\/p>\n\t\t\t\t<p><a href=\"tel:0442955552\">0442955552<\/a><\/p>\n\t\t\t\t<p><a href=\"mailto:hello@larate.fi\">hello@larate.fi<\/a><\/p>\n\n\t\t\t\t\t\t\t<\/div>\n\n\t\t\t<div class=\"wp-block-column\">\n\t\t\t\t<figure class=\"wp-block-image size-large\"><img loading=\"lazy\" decoding=\"async\" width=\"768\" height=\"480\" src=\"https:\/\/marketplace.epassi.fi\/larate\/wp-content\/uploads\/sites\/299\/2022\/11\/Ravitsemusterapiapalvelut-2-768x480.jpg\" class=\"attachment-medium_large size-medium_large\" alt=\"\" \/><\/figure>\n\t\t\t<\/div>\n\t\t<\/div>\n\t<\/div>\n\t\n","protected":false},"excerpt":{"rendered":"","protected":false},"author":2,"featured_media":0,"parent":0,"menu_order":0,"comment_status":"closed","ping_status":"closed","template":"","meta":{"_acf_changed":false,"_kad_post_transparent":"","_kad_post_title":"","_kad_post_layout":"","_kad_post_sidebar_id":"","_kad_post_content_style":"","_kad_post_vertical_padding":"","_kad_post_feature":"","_kad_post_feature_position":"","_kad_post_header":false,"_kad_post_footer":false,"_kad_post_classname":"","footnotes":""},"class_list":["post-22","page","type-page","status-publish","hentry"],"acf":[],"_links":{"self":[{"href":"https:\/\/marketplace.epassi.fi\/larate\/wp-json\/wp\/v2\/pages\/22","targetHints":{"allow":["GET"]}}],"collection":[{"href":"https:\/\/marketplace.epassi.fi\/larate\/wp-json\/wp\/v2\/pages"}],"about":[{"href":"https:\/\/marketplace.epassi.fi\/larate\/wp-json\/wp\/v2\/types\/page"}],"author":[{"embeddable":true,"href":"https:\/\/marketplace.epassi.fi\/larate\/wp-json\/wp\/v2\/users\/2"}],"replies":[{"embeddable":true,"href":"https:\/\/marketplace.epassi.fi\/larate\/wp-json\/wp\/v2\/comments?post=22"}],"version-history":[{"count":10,"href":"https:\/\/marketplace.epassi.fi\/larate\/wp-json\/wp\/v2\/pages\/22\/revisions"}],"predecessor-version":[{"id":264,"href":"https:\/\/marketplace.epassi.fi\/larate\/wp-json\/wp\/v2\/pages\/22\/revisions\/264"}],"wp:attachment":[{"href":"https:\/\/marketplace.epassi.fi\/larate\/wp-json\/wp\/v2\/media?parent=22"}],"curies":[{"name":"wp","href":"https:\/\/api.w.org\/{rel}","templated":true}]}}