{"id":331,"date":"2022-11-21T13:55:15","date_gmt":"2022-11-21T11:55:15","guid":{"rendered":"https:\/\/marketplace.epassi.fi\/larate\/?post_type=product&#038;p=331"},"modified":"2026-01-02T00:45:15","modified_gmt":"2026-01-01T22:45:15","slug":"ravitsemusterapia-604530-min","status":"publish","type":"product","link":"https:\/\/marketplace.epassi.fi\/larate\/kauppa\/hyvinvointi\/ravitsemusterapia-604530-min\/","title":{"rendered":"Ravitsemusterapia 60min + 45min + 30min"},"content":{"rendered":"<p>T\u00e4m\u00e4 palvelu sis\u00e4lt\u00e4\u00e4 60 minuutin ensitapaamisen lis\u00e4ksi kaksi seurantaa, eli 45 min ja 30 min jatkok\u00e4ynnit samalle, valitsemallesi ravitsemusterapeutille. Varaa vain ensimm\u00e4inen 60min k\u00e4ynti Laraten sivuilta ja seuraavat tapaamiset sovitaan aina asiakkaan oman tarpeen ja tilanteen mukaan tulevien 1-6 kuukauden ajalle.<\/p>\n","protected":false},"excerpt":{"rendered":"<p>Kest\u00e4viin elintapamuutoksiin tarvitaan aikaa ja malttia \u2013 siisp\u00e4 aloittaa kannattaa jo t\u00e4n\u00e4\u00e4n. Sanotaan, ett\u00e4 vaikeinta on p\u00e4\u00e4st\u00e4 alkuun, mutta ruokavaliomuutoksissa haastavaa on my\u00f6s jatkaa niin kauan, ett\u00e4 uusi tottumus on muuttunut rutiiniksi. Jos olet valmis j\u00e4tt\u00e4m\u00e4\u00e4n pikadieetit ja muut kommervenkit ja keskittym\u00e4\u00e4n omaan arkeesi istuviin, pitk\u00e4ll\u00e4 aikav\u00e4lill\u00e4 merkityksellisiin muutoksiin, olet oikeassa osoitteessa. Useammalla tapaamiskerralla saat tukea, kannustusta ja jatkuvuutta omaan muutosmatkaasi \u2013 pysyv\u00e4mpi\u00e4 tuloksia, sy\u00f6misen iloa unohtamatta!<\/p>\n<p><strong>Miten palvelu toimii?<\/strong><\/p>\n<ol>\n<li>Maksa palvelu Epassilla.<\/li>\n<li>Tutustu &amp; valitse mieleinen <a href=\"https:\/\/www.larate.fi\/terapeuttimme\/\">Laraten ravitsemusterapeuteista<\/a><\/li>\n<li>Varaa aika palveluun &#8221;<a href=\"https:\/\/www.larate.fi\/palvelut\/kolmen-kaynnin-paketti\/\">Kolmen kerran paketti<\/a>&#8221;.<\/li>\n<li>Valitse ajanvarauslomakkeen viimeisell\u00e4 sivulla maksutavaksi &#8221;Epassi&#8221;.<\/li>\n<li>Saat s\u00e4hk\u00f6postiin vahvistusviestin ajanvarauksesta, ohjeet sek\u00e4 linkin videovastaanotolle.<\/li>\n<\/ol>\n<p><a href=\"https:\/\/www.larate.fi\/palvelut\/kolmen-kaynnin-paketti\/\">https:\/\/www.larate.fi\/palvelut\/kolmen-kaynnin-paketti\/<\/a><\/p>\n<div class=\"elementor-widget-container\">\n<div class=\"elementor-heading-title elementor-size-default\">\n<p><strong><a href=\"https:\/\/www.larate.fi\/amelia-ajanvaraus\/\">Varaa aika<\/a><\/strong> palveluun Laraten sivuilta, kun olet tehnyt maksun. Voit varata ajan 12kk ajan maksusta. Vastaanotto voidaan toteuttaa my\u00f6s puhelinvastaanottona, lis\u00e4\u00e4 t\u00e4st\u00e4 kommentti varausvahvistuksen yhteydess\u00e4 lis\u00e4tietoja-kentt\u00e4\u00e4n.<\/p>\n<p><strong>Jos haluat maksaa vain osan palvelun hinnasta Epassin saldolla, voimme laskuttaa loppusumman erikseen<\/strong> &#8211; l\u00e4het\u00e4 t\u00e4st\u00e4 viesti hello@larate.fi : kerro, mink\u00e4 palvelun haluat varata (esim. 60min ravitsemusterapia) ja paljonko Epassin Terveys-saldoa k\u00e4yt\u00e4t t\u00e4h\u00e4n, niin l\u00e4het\u00e4mme loppusumman maksamiseen erillisen maksulinkin.<\/p>\n<\/div>\n<\/div>\n<div>\n<p>&nbsp;<\/p>\n<p><span style=\"font-family: var(--global-body-font-family)\">Tehd\u00e4\u00e4nk\u00f6 hyvin sy\u00f6misest\u00e4 arjen voimavara? \ud83e\udde1<\/span><\/p>\n<\/div>\n","protected":false},"featured_media":340,"comment_status":"open","ping_status":"closed","template":"","meta":{"_acf_changed":false,"_kad_post_transparent":"default","_kad_post_title":"","_kad_post_layout":"default","_kad_post_sidebar_id":"","_kad_post_content_style":"default","_kad_post_vertical_padding":"default","_kad_post_feature":"","_kad_post_feature_position":"","_kad_post_header":false,"_kad_post_footer":false,"_kad_post_classname":""},"product_brand":[],"product_cat":[21],"product_tag":[],"class_list":{"0":"post-331","1":"product","2":"type-product","3":"status-publish","4":"has-post-thumbnail","6":"product_cat-hyvinvointi","8":"first","9":"instock","10":"virtual","11":"purchasable","12":"product-type-simple","13":"entry","14":"content-bg","15":"loop-entry"},"acf":[],"_links":{"self":[{"href":"https:\/\/marketplace.epassi.fi\/larate\/wp-json\/wp\/v2\/product\/331","targetHints":{"allow":["GET"]}}],"collection":[{"href":"https:\/\/marketplace.epassi.fi\/larate\/wp-json\/wp\/v2\/product"}],"about":[{"href":"https:\/\/marketplace.epassi.fi\/larate\/wp-json\/wp\/v2\/types\/product"}],"replies":[{"embeddable":true,"href":"https:\/\/marketplace.epassi.fi\/larate\/wp-json\/wp\/v2\/comments?post=331"}],"wp:featuredmedia":[{"embeddable":true,"href":"https:\/\/marketplace.epassi.fi\/larate\/wp-json\/wp\/v2\/media\/340"}],"wp:attachment":[{"href":"https:\/\/marketplace.epassi.fi\/larate\/wp-json\/wp\/v2\/media?parent=331"}],"wp:term":[{"taxonomy":"product_brand","embeddable":true,"href":"https:\/\/marketplace.epassi.fi\/larate\/wp-json\/wp\/v2\/product_brand?post=331"},{"taxonomy":"product_cat","embeddable":true,"href":"https:\/\/marketplace.epassi.fi\/larate\/wp-json\/wp\/v2\/product_cat?post=331"},{"taxonomy":"product_tag","embeddable":true,"href":"https:\/\/marketplace.epassi.fi\/larate\/wp-json\/wp\/v2\/product_tag?post=331"}],"curies":[{"name":"wp","href":"https:\/\/api.w.org\/{rel}","templated":true}]}}