{"id":22,"date":"2021-09-13T17:45:59","date_gmt":"2021-09-13T17:45:59","guid":{"rendered":"https:\/\/marketplace.epassi.fi\/lesmills\/?page_id=22"},"modified":"2021-10-12T10:57:35","modified_gmt":"2021-10-12T10:57:35","slug":"info","status":"publish","type":"page","link":"https:\/\/marketplace.epassi.fi\/lesmills\/info\/","title":{"rendered":"Info"},"content":{"rendered":"\n\t<div class=\"entry-content single-content\">\n\n\t\t<div class=\"wp-block-columns\" style=\"gap:30px\">\n\t\t\t<div class=\"wp-block-column\">\n\t\t\t\t<h2>LES MILLS+ online treenit<\/h2>\n\t\t\t\t<p><p>LES MILLS+ tarjoaa kaiken tasoisia online-treenej\u00e4. Voit harjoitella puhelimen, tabletin, tietokoneen tai television v\u00e4lityksell\u00e4 miss\u00e4 vain, milloin vain. Saat rajattoman p\u00e4\u00e4syn yli 1500 harjoitukseen eri kategorioissa, kuten tanssi, voimaharjoittelu, cardio, py\u00f6r\u00e4ily, jooga, pilates jne. Treenaa maailmankuulujen tuntien parissa, kuten BODYPUMP\u00ae, BODYCOMBAT\u00ae, BODYBALANCE\u00ae, BODYATTACK\u00ae, LES MILLS DANCE\u2122, LES MILLS PILATES\u2122, LES MILLS YOGA\u2122, LES MILLS GRIT\u00ae ja nauti ohjatusta venyttelyst\u00e4, rentoutumisesta ja mindfulness-harjoitteista.<\/p>\n<\/p>\n\t\t\t\t<h3>LES MILLS+<\/h3>\n\t\t\t\t<p><br>\n\t\t\t\t\t <\/p>\n\t\t\t\t<p><a href=\"tel:+46(0)8-556 096 90\">+46(0)8-556 096 90<\/a><\/p>\n\t\t\t\t<p><a href=\"mailto:nordic@lesmills.com\">nordic@lesmills.com<\/a><\/p>\n\n\t\t\t\t\t\t\t<\/div>\n\n\t\t\t<div class=\"wp-block-column\">\n\t\t\t\t<figure class=\"wp-block-image size-large\"><img loading=\"lazy\" decoding=\"async\" width=\"768\" height=\"512\" src=\"https:\/\/marketplace.epassi.fi\/lesmills\/wp-content\/uploads\/sites\/10\/2021\/11\/LM1200x800px-768x512.jpg\" class=\"attachment-medium_large size-medium_large\" alt=\"LES MILLS+ home workouts\" \/><\/figure>\n\t\t\t<\/div>\n\t\t<\/div>\n\t<\/div>\n\t\n","protected":false},"excerpt":{"rendered":"","protected":false},"author":2,"featured_media":0,"parent":0,"menu_order":0,"comment_status":"closed","ping_status":"closed","template":"","meta":{"_acf_changed":false,"_kad_post_transparent":"","_kad_post_title":"","_kad_post_layout":"","_kad_post_sidebar_id":"","_kad_post_content_style":"","_kad_post_vertical_padding":"","_kad_post_feature":"","_kad_post_feature_position":"","_kad_post_header":false,"_kad_post_footer":false,"_kad_post_classname":"","footnotes":""},"class_list":["post-22","page","type-page","status-publish","hentry"],"acf":[],"_links":{"self":[{"href":"https:\/\/marketplace.epassi.fi\/lesmills\/wp-json\/wp\/v2\/pages\/22","targetHints":{"allow":["GET"]}}],"collection":[{"href":"https:\/\/marketplace.epassi.fi\/lesmills\/wp-json\/wp\/v2\/pages"}],"about":[{"href":"https:\/\/marketplace.epassi.fi\/lesmills\/wp-json\/wp\/v2\/types\/page"}],"author":[{"embeddable":true,"href":"https:\/\/marketplace.epassi.fi\/lesmills\/wp-json\/wp\/v2\/users\/2"}],"replies":[{"embeddable":true,"href":"https:\/\/marketplace.epassi.fi\/lesmills\/wp-json\/wp\/v2\/comments?post=22"}],"version-history":[{"count":10,"href":"https:\/\/marketplace.epassi.fi\/lesmills\/wp-json\/wp\/v2\/pages\/22\/revisions"}],"predecessor-version":[{"id":264,"href":"https:\/\/marketplace.epassi.fi\/lesmills\/wp-json\/wp\/v2\/pages\/22\/revisions\/264"}],"wp:attachment":[{"href":"https:\/\/marketplace.epassi.fi\/lesmills\/wp-json\/wp\/v2\/media?parent=22"}],"curies":[{"name":"wp","href":"https:\/\/api.w.org\/{rel}","templated":true}]}}