{"id":274,"date":"2021-10-16T11:14:50","date_gmt":"2021-10-16T11:14:50","guid":{"rendered":"https:\/\/marketplace.epassi.fi\/lesmills\/?post_type=product&#038;p=274"},"modified":"2025-11-24T07:59:17","modified_gmt":"2025-11-24T07:59:17","slug":"les-mills-kotritreeni-tilaus-12kk","status":"publish","type":"product","link":"https:\/\/marketplace.epassi.fi\/lesmills\/kauppa\/liikuntaedut\/jooga\/les-mills-kotritreeni-tilaus-12kk\/","title":{"rendered":"LES MILLS+ Kotritreeni tilaus &#8211; 12kk"},"content":{"rendered":"<p>Rajoittamaton p\u00e4\u00e4sy treeneihin, milloin ja miss\u00e4 haluat.<\/p>\n<p>Tehty\u00e4si ostoksesi, saat Les Millsilt\u00e4 s\u00e4hk\u00f6postitse aktivointikoodin 1-2 arkip\u00e4iv\u00e4n kuluessa. T\u00e4m\u00e4n j\u00e4lkeen voit luoda tilin s\u00e4hk\u00f6postiosoitteellasi ja aktivointikoodillasi s\u00e4hk\u00f6postissa olevien ohjeiden mukaisesti.<\/p>\n<p>LES MILLS+ (aikaisemmin Les Mills On Demand) k\u00e4tt\u00e4j\u00e4n tulee olla yli 18-vuotias.<\/p>\n<p>Alustan k\u00e4ytt\u00f6 on rajoitettu LES MILLS+ k\u00e4ytt\u00f6ehtojen mukaisesti.<\/p>\n<p><a href=\"https:\/\/www.lesmillsondemand.com\/en_eu\/website-terms?c\">https:\/\/www.lesmillsondemand.com\/en_eu\/website-terms?c<\/a><\/p>\n<p>Tilauksesi kesto on rajoitettu Epassilla tekem\u00e4si valinnan mukaan ja p\u00e4\u00e4ttyy automaattisesti.<br \/>\nSaatavilla vain Suomessa.<br \/>\nEi vaihdettavissa. Ei palautusoikeutta.<\/p>\n","protected":false},"excerpt":{"rendered":"<p>Saat:<\/p>\n<ul>\n<li>1500 harjoitusta monessa eri kategoriassa ja pituudessa<\/li>\n<li>Valmiit treeniaikataulut<\/li>\n<li>Teknisi\u00e4 vinkkej\u00e4<\/li>\n<li>Treenihaasteita<\/li>\n<li>Yhteis\u00f6 ainutlaatuisen ja kannustavan facebook-ryhm\u00e4n kautta<\/li>\n<\/ul>\n","protected":false},"featured_media":329,"comment_status":"open","ping_status":"closed","template":"","meta":{"_acf_changed":false,"_kad_post_transparent":"default","_kad_post_title":"","_kad_post_layout":"default","_kad_post_sidebar_id":"","_kad_post_content_style":"default","_kad_post_vertical_padding":"default","_kad_post_feature":"","_kad_post_feature_position":"","_kad_post_header":false,"_kad_post_footer":false,"_kad_post_classname":""},"product_brand":[],"product_cat":[25,29,19,27,28],"product_tag":[],"class_list":{"0":"post-274","1":"product","2":"type-product","3":"status-publish","4":"has-post-thumbnail","6":"product_cat-jooga","7":"product_cat-liikunta-muut","8":"product_cat-liikuntaedut","9":"product_cat-ryhmaliikunta","10":"product_cat-verkkotreenit","12":"first","13":"instock","14":"virtual","15":"taxable","16":"purchasable","17":"product-type-simple","18":"entry","19":"content-bg","20":"loop-entry"},"acf":[],"_links":{"self":[{"href":"https:\/\/marketplace.epassi.fi\/lesmills\/wp-json\/wp\/v2\/product\/274","targetHints":{"allow":["GET"]}}],"collection":[{"href":"https:\/\/marketplace.epassi.fi\/lesmills\/wp-json\/wp\/v2\/product"}],"about":[{"href":"https:\/\/marketplace.epassi.fi\/lesmills\/wp-json\/wp\/v2\/types\/product"}],"replies":[{"embeddable":true,"href":"https:\/\/marketplace.epassi.fi\/lesmills\/wp-json\/wp\/v2\/comments?post=274"}],"wp:featuredmedia":[{"embeddable":true,"href":"https:\/\/marketplace.epassi.fi\/lesmills\/wp-json\/wp\/v2\/media\/329"}],"wp:attachment":[{"href":"https:\/\/marketplace.epassi.fi\/lesmills\/wp-json\/wp\/v2\/media?parent=274"}],"wp:term":[{"taxonomy":"product_brand","embeddable":true,"href":"https:\/\/marketplace.epassi.fi\/lesmills\/wp-json\/wp\/v2\/product_brand?post=274"},{"taxonomy":"product_cat","embeddable":true,"href":"https:\/\/marketplace.epassi.fi\/lesmills\/wp-json\/wp\/v2\/product_cat?post=274"},{"taxonomy":"product_tag","embeddable":true,"href":"https:\/\/marketplace.epassi.fi\/lesmills\/wp-json\/wp\/v2\/product_tag?post=274"}],"curies":[{"name":"wp","href":"https:\/\/api.w.org\/{rel}","templated":true}]}}