{"id":1478,"date":"2024-10-15T14:10:23","date_gmt":"2024-10-15T14:10:23","guid":{"rendered":"https:\/\/marketplace.epassi.fi\/levi\/?post_type=product&#038;p=1478"},"modified":"2026-01-01T14:03:50","modified_gmt":"2026-01-01T14:03:50","slug":"hissilippu-talvi-2024-2025","status":"publish","type":"product","link":"https:\/\/marketplace.epassi.fi\/levi\/kauppa\/liikuntaedut\/hiihtokeskus\/hissilippu-talvi-2024-2025\/","title":{"rendered":"Hissilippu talvi 2025-2026"},"content":{"rendered":"<div class=\"ql-block\" data-block-id=\"block-5d693c48-9371-4234-840f-83d3b5135be3\">Tilausvahvistus sek\u00e4 QR-koodi jolla saat hissilipun noudettua, <strong>toimitetaan s\u00e4hk\u00f6postiisi kolmen vuorokauden sis\u00e4ll\u00e4 ostoksesta<\/strong>.<\/div>\n<div class=\"ql-block\" data-block-id=\"block-117398ae-6cd6-46df-84d9-bd563e8506b2\">Keycard kuuluu hissilipun hintaan. Lunasta ostoksesi lippuautomaatista n\u00e4ytt\u00e4m\u00e4ll\u00e4 lukijap\u00e4\u00e4tteelle QR-koodia joka l\u00f6ytyy s\u00e4hk\u00f6postiisi toimitetusta tilausvahvistuksesta.<\/div>\n<div class=\"ql-block\" data-block-id=\"block-73bed5ae-2e3d-4142-a906-6a2484ad0a0f\"><\/div>\n<div class=\"ql-block\" data-block-id=\"block-f1809dae-d1f2-4685-a511-0a1af9ace60c\">Noudatamme Suomen hiihtokeskusyhdistyksen ja kuluttaja-asiamiehen laatimia hiihtokeskuspalveluja koskevia yleisi\u00e4 sopimusehtoja <a class=\"ql-link\" href=\"https:\/\/www.ski.fi\/info\/sopimusehdot\/hiihtokeskuspalveluiden-sopimusehdot\/\" target=\"_blank\" rel=\"noopener noreferrer\">https:\/\/www.ski.fi\/info\/sopimusehdot\/hiihtokeskuspalveluiden-sopimusehdot\/<\/a><\/div>\n<div data-block-id=\"block-f1809dae-d1f2-4685-a511-0a1af9ace60c\"><\/div>\n<div data-block-id=\"block-f1809dae-d1f2-4685-a511-0a1af9ace60c\"><strong>Hissilippu on henkil\u00f6kohtainen ja voit ostaa ainoastaan yhden lipun per ajankohta!<\/strong><\/div>\n","protected":false},"excerpt":{"rendered":"<p>Tilausvahvistus sek\u00e4 QR-koodi jolla saat hissilipun noudettua, toimitetaan s\u00e4hk\u00f6postiisi kolmen vuorokauden sis\u00e4ll\u00e4 ostoksesta. Keycard kuuluu hissilipun hintaan. Lunasta ostoksesi lippuautomaatista n\u00e4ytt\u00e4m\u00e4ll\u00e4 lukijap\u00e4\u00e4tteelle QR-koodia joka l\u00f6ytyy s\u00e4hk\u00f6postiisi toimitetusta tilausvahvistuksesta. Noudatamme Suomen hiihtokeskusyhdistyksen ja kuluttaja-asiamiehen laatimia hiihtokeskuspalveluja koskevia yleisi\u00e4 sopimusehtoja https:\/\/www.ski.fi\/info\/sopimusehdot\/hiihtokeskuspalveluiden-sopimusehdot\/ Hissilippu on henkil\u00f6kohtainen ja voit ostaa ainoastaan yhden lipun per ajankohta!<\/p>\n","protected":false},"featured_media":1514,"comment_status":"open","ping_status":"closed","template":"","meta":{"_acf_changed":false,"_kad_post_transparent":"default","_kad_post_title":"","_kad_post_layout":"default","_kad_post_sidebar_id":"","_kad_post_content_style":"default","_kad_post_vertical_padding":"default","_kad_post_feature":"","_kad_post_feature_position":"","_kad_post_header":false,"_kad_post_footer":false,"_kad_post_classname":""},"product_brand":[],"product_cat":[24,19],"product_tag":[],"class_list":{"0":"post-1478","1":"product","2":"type-product","3":"status-publish","4":"has-post-thumbnail","6":"product_cat-hiihtokeskus","7":"product_cat-liikuntaedut","9":"first","10":"instock","11":"sold-individually","12":"taxable","13":"shipping-taxable","14":"purchasable","15":"product-type-variable","16":"has-default-attributes","17":"entry","18":"content-bg","19":"loop-entry"},"acf":[],"_links":{"self":[{"href":"https:\/\/marketplace.epassi.fi\/levi\/wp-json\/wp\/v2\/product\/1478","targetHints":{"allow":["GET"]}}],"collection":[{"href":"https:\/\/marketplace.epassi.fi\/levi\/wp-json\/wp\/v2\/product"}],"about":[{"href":"https:\/\/marketplace.epassi.fi\/levi\/wp-json\/wp\/v2\/types\/product"}],"replies":[{"embeddable":true,"href":"https:\/\/marketplace.epassi.fi\/levi\/wp-json\/wp\/v2\/comments?post=1478"}],"wp:featuredmedia":[{"embeddable":true,"href":"https:\/\/marketplace.epassi.fi\/levi\/wp-json\/wp\/v2\/media\/1514"}],"wp:attachment":[{"href":"https:\/\/marketplace.epassi.fi\/levi\/wp-json\/wp\/v2\/media?parent=1478"}],"wp:term":[{"taxonomy":"product_brand","embeddable":true,"href":"https:\/\/marketplace.epassi.fi\/levi\/wp-json\/wp\/v2\/product_brand?post=1478"},{"taxonomy":"product_cat","embeddable":true,"href":"https:\/\/marketplace.epassi.fi\/levi\/wp-json\/wp\/v2\/product_cat?post=1478"},{"taxonomy":"product_tag","embeddable":true,"href":"https:\/\/marketplace.epassi.fi\/levi\/wp-json\/wp\/v2\/product_tag?post=1478"}],"curies":[{"name":"wp","href":"https:\/\/api.w.org\/{rel}","templated":true}]}}