{"id":22,"date":"2021-09-13T17:45:59","date_gmt":"2021-09-13T17:45:59","guid":{"rendered":"https:\/\/marketplace.epassi.fi\/liikku\/?page_id=22"},"modified":"2021-10-12T10:57:35","modified_gmt":"2021-10-12T10:57:35","slug":"info","status":"publish","type":"page","link":"https:\/\/marketplace.epassi.fi\/liikku\/info\/","title":{"rendered":"Info"},"content":{"rendered":"\n\t<div class=\"entry-content single-content\">\n\n\t\t<div class=\"wp-block-columns\" style=\"gap:30px\">\n\t\t\t<div class=\"wp-block-column\">\n\t\t\t\t<h2>Tutustu Liikkuun ilmaiseksi ma-ke klo 16-19<\/h2>\n\t\t\t\t<p><p>T\u00e4rke\u00e4\u00e4! Sinulla tulee olla voimassaoleva j\u00e4senyys Liikkuun ennen kuin siirr\u00e4t ePassi-saldoa Liikulle. Liity j\u00e4seneksi liikku.fi -verkkokaupassa tai aktivoi vanha j\u00e4senyys OmaLiikku-palvelussa. Kun Liikun j\u00e4senyys on voimassa, voit siirt\u00e4\u00e4 Epassi Marketplace -kaupan kautta helposti lis\u00e4saldoa, joka k\u00e4ytet\u00e4\u00e4n automaattisesti tulevien kk-maksujesi maksuun. Lataa saldoa aina 4 viikkoa ennen sen laskun er\u00e4p\u00e4iv\u00e4\u00e4, jolle haluat saldon kohdentaa. Huomaathan, ett\u00e4 jo saapuneet laskut tulee aina maksaa normaalisti. Kuntokeskus Liikku tarjoaa erinomaista laatua j\u00e4rkev\u00e4\u00e4n hintaan, kautta maan. Liikku tarjoaa asiakkailleen aina sujuvan treenin ja sen mahdollistavat v\u00e4lj\u00e4t tilat, raikas ilma sek\u00e4 laajat aukioloajat (joka p\u00e4iv\u00e4 klo 5-23). Tutustu Liikkuun ilmaiseksi ma-ke klo 16-19 ja liity j\u00e4seneksi osoitteessa liikku.fi. <\/p>\n<p>Huomioithan, ett\u00e4 voit ladata ePassi-saldoa my\u00f6s OmaLiikku-palvelussa. Ladatessa etua Marketpacen kautta, saldo n\u00e4kyy j\u00e4senyydell\u00e4si 1-2 arkip\u00e4iv\u00e4n kuluessa. OmaLiikku-latauksissa lataus tallentuu j\u00e4senyydellesi v\u00e4litt\u00f6m\u00e4sti.  <\/p>\n<\/p>\n\t\t\t\t<h3>Kuntokeskus Liikku<\/h3>\n\t\t\t\t<p><br>\n\t\t\t\t\t Koko Suomi<\/p>\n\t\t\t\t<p><a href=\"tel:\"><\/a><\/p>\n\t\t\t\t<p><a href=\"mailto:info@liikku.fi\">info@liikku.fi<\/a><\/p>\n\n\t\t\t\t<h2>Toimipisteet<\/h2><div class=\"info-page-location-list\"><div class=\"info-page-location\"><h3>Espoo Otaniemi<\/h3><p>Otaniementie 12, 02150 Espoo<\/p><p><p><a href=\"https:\/\/www.google.com\/maps\/search\/?api=1&query=Google&query_place_id=ChIJGV_n9KX1jUYRVaQrRE4mr3k\">Katso sijainti kartalla <span>&#8599;<\/span><\/a><\/p><\/p><p><\/p><\/div><div class=\"info-page-location\"><h3>Forssa<\/h3><p>Kutomonkuja 1, 30100 Forssa<\/p><p><p><a href=\"https:\/\/www.google.com\/maps\/search\/?api=1&query=Google&query_place_id=ChIJIwQeaq-DjkYREtRGgC5gRSM\">Katso sijainti kartalla <span>&#8599;<\/span><\/a><\/p><\/p><p><\/p><\/div><div class=\"info-page-location\"><h3>Haukipudas<\/h3><p>Kirkkotie 1, 90830 Haukipudas<\/p><p><p><a href=\"https:\/\/www.google.com\/maps\/search\/?api=1&query=Google&query_place_id=ChIJb5Z2BpIpgEYRu4jnON8JtL4\">Katso sijainti kartalla <span>&#8599;<\/span><\/a><\/p><\/p><p><\/p><\/div><div class=\"info-page-location\"><h3>Helsinki It\u00e4keskus<\/h3><p>Vanhanlinnantie 1, 00900 Helsinki<\/p><p><p><a href=\"https:\/\/www.google.com\/maps\/search\/?api=1&query=Google&query_place_id=ChIJofErB7wPkkYRNk90zcWZiuM\">Katso sijainti kartalla <span>&#8599;<\/span><\/a><\/p><\/p><p><\/p><\/div><div class=\"info-page-location\"><h3>Helsinki Pukinm\u00e4ki<\/h3><p> , 00720 Helsinki<\/p><p><p><a href=\"https:\/\/www.google.com\/maps\/search\/?api=1&query=Google&query_place_id=ChIJA5pMYEMIkkYR0fAYPFK1ACY\">Katso sijainti kartalla <span>&#8599;<\/span><\/a><\/p><\/p><p>Avautuu 2023<\/p><\/div><div class=\"info-page-location\"><h3>Hollola<\/h3><p>Keskuskatu 11, 15870 Hollola<\/p><p><p><a href=\"https:\/\/www.google.com\/maps\/search\/?api=1&query=Google&query_place_id=ChIJ_0DpJkcvjkYR4D1tYp0z5sM\">Katso sijainti kartalla <span>&#8599;<\/span><\/a><\/p><\/p><p><\/p><\/div><div class=\"info-page-location\"><h3>H\u00e4meenlinna, H\u00e4til\u00e4 <\/h3><p>Viipurintie 19, 13210 H\u00e4meenlinna<\/p><p><p><a href=\"https:\/\/www.google.com\/maps\/search\/?api=1&query=Google&query_place_id=ChIJN_5v8RRdjkYR4gzWkNl6N6Y\">Katso sijainti kartalla <span>&#8599;<\/span><\/a><\/p><\/p><p><\/p><\/div><div class=\"info-page-location\"><h3>H\u00e4meenlinna Tiiri\u00f6<\/h3><p>Pitk\u00e4tanhuankatu 1, 13130 H\u00e4meenlinna<\/p><p><p><a href=\"https:\/\/www.google.com\/maps\/search\/?api=1&query=Google&query_place_id=ChIJq-ihFSpdjkYRkbnnOQHFUcM\">Katso sijainti kartalla <span>&#8599;<\/span><\/a><\/p><\/p><p><\/p><\/div><div class=\"info-page-location\"><h3>Imatra<\/h3><p>Tainionkoskentie 68, 55120 Imatra<\/p><p><p><a href=\"https:\/\/www.google.com\/maps\/search\/?api=1&query=Google&query_place_id=ChIJn1WDe2qnkEYRcU_0nb34B_g\">Katso sijainti kartalla <span>&#8599;<\/span><\/a><\/p><\/p><p><\/p><\/div><div class=\"info-page-location\"><h3>Joensuu<\/h3><p>Raatekankaantie 4, 80100 Joensuu<\/p><p><p><a href=\"https:\/\/www.google.com\/maps\/search\/?api=1&query=Google&query_place_id=ChIJPb3km8qHm0YR4uDq9-0cMp8\">Katso sijainti kartalla <span>&#8599;<\/span><\/a><\/p><\/p><p><\/p><\/div><div class=\"info-page-location\"><h3>Jyv\u00e4skyl\u00e4 <\/h3><p>Kympinkatu 3 B, 40320 Jyv\u00e4skyl\u00e4<\/p><p><p><a href=\"https:\/\/www.google.com\/maps\/search\/?api=1&query=Google&query_place_id=ChIJgxMszGt0hUYRwZES8a0pauE\">Katso sijainti kartalla <span>&#8599;<\/span><\/a><\/p><\/p><p><\/p><\/div><div class=\"info-page-location\"><h3>Kaarina<\/h3><p>Hovirinnantie 5, 20780 Kaarina<\/p><p><p><a href=\"https:\/\/www.google.com\/maps\/search\/?api=1&query=Google&query_place_id=ChIJpeeY4OtwjEYR_vQWHbrFNdo\">Katso sijainti kartalla <span>&#8599;<\/span><\/a><\/p><\/p><p><\/p><\/div><div class=\"info-page-location\"><h3>Kajaani<\/h3><p>Kasarminkatu 2, 87100 Kajaani<\/p><p><p><a href=\"https:\/\/www.google.com\/maps\/search\/?api=1&query=Google&query_place_id=ChIJF54_8lVagkYRCt4B6gX4Pqk\">Katso sijainti kartalla <span>&#8599;<\/span><\/a><\/p><\/p><p><\/p><\/div><div class=\"info-page-location\"><h3>Kangasala<\/h3><p>M\u00e4kirinteentie 4, 36220 Kangasala<\/p><p><p><a href=\"https:\/\/www.google.com\/maps\/search\/?api=1&query=Google&query_place_id=ChIJtWw_lxcfj0YRAh_jMdZDEM4\">Katso sijainti kartalla <span>&#8599;<\/span><\/a><\/p><\/p><p><\/p><\/div><div class=\"info-page-location\"><h3>Kemi<\/h3><p>Lapintie 1, 94100 Kemi<\/p><p><p><a href=\"https:\/\/www.google.com\/maps\/search\/?api=1&query=Google&query_place_id=ChIJ4wWGxSlL1UUR6kmpFks8hwI\">Katso sijainti kartalla <span>&#8599;<\/span><\/a><\/p><\/p><p><\/p><\/div><div class=\"info-page-location\"><h3>Kokkola<\/h3><p>Latojankatu 2, 67700 Kokkola<\/p><p><p><a href=\"https:\/\/www.google.com\/maps\/search\/?api=1&query=Google&query_place_id=ChIJB2g6rIVJh0YROQgTD3LKDfc\">Katso sijainti kartalla <span>&#8599;<\/span><\/a><\/p><\/p><p><\/p><\/div><div class=\"info-page-location\"><h3>Lahti Syke<\/h3><p>Kauppakatu 18, 15140 Lahti<\/p><p><p><a href=\"https:\/\/www.google.com\/maps\/search\/?api=1&query=Google&query_place_id=ChIJoQmmwQApjkYR6GI0lIOOL8Q\">Katso sijainti kartalla <span>&#8599;<\/span><\/a><\/p><\/p><p><\/p><\/div><div class=\"info-page-location\"><h3>Lahti Karisma<\/h3><p>Kauppiaankatu 2, 15160 Lahti<\/p><p><p><a href=\"https:\/\/www.google.com\/maps\/search\/?api=1&query=Google&query_place_id=ChIJ6Rg0z-3XkUYRkMVmeFW8ZIA\">Katso sijainti kartalla <span>&#8599;<\/span><\/a><\/p><\/p><p><\/p><\/div><div class=\"info-page-location\"><h3>Lahti Hennala<\/h3><p>Helsingintie 138, 15700 Lahti<\/p><p><p><a href=\"https:\/\/www.google.com\/maps\/search\/?api=1&query=Google&query_place_id=ChIJs0rZyc0pjkYRhWfDmfYSZwQ\">Katso sijainti kartalla <span>&#8599;<\/span><\/a><\/p><\/p><p><\/p><\/div><div class=\"info-page-location\"><h3>Lahti Mukkula<\/h3><p>Ritaniemenkatu 13, 15240 Lahti<\/p><p><p><a href=\"https:\/\/www.google.com\/maps\/search\/?api=1&query=Google&query_place_id=ChIJ6c5htwgpjkYR_QckC3WzgS4\">Katso sijainti kartalla <span>&#8599;<\/span><\/a><\/p><\/p><p><\/p><\/div><div class=\"info-page-location\"><h3>Mikkeli<\/h3><p>Setrikatu 5, 50100 Mikkeli<\/p><p><p><a href=\"https:\/\/www.google.com\/maps\/search\/?api=1&query=Google&query_place_id=ChIJGSE2h9ahmkYRFMpKjHG9GU0\">Katso sijainti kartalla <span>&#8599;<\/span><\/a><\/p><\/p><p><\/p><\/div><div class=\"info-page-location\"><h3>Oulu Kaakkuri<\/h3><p>Metsokankaantie 3, 90420 Oulu<\/p><p><p><a href=\"https:\/\/www.google.com\/maps\/search\/?api=1&query=Google&query_place_id=ChIJ7YezXP7MgUYRBmkZOQG4rdA\">Katso sijainti kartalla <span>&#8599;<\/span><\/a><\/p><\/p><p><\/p><\/div><div class=\"info-page-location\"><h3>Oulu Limingantulli<\/h3><p>Alasintie 3-7, 90400 Oulu<\/p><p><p><a href=\"https:\/\/www.google.com\/maps\/search\/?api=1&query=Google&query_place_id=ChIJPz1Ze2HNgUYRJx2s6riWdqo\">Katso sijainti kartalla <span>&#8599;<\/span><\/a><\/p><\/p><p><\/p><\/div><div class=\"info-page-location\"><h3>Oulu Rusko<\/h3><p>Tapsitie 5, 90620 Oulu<\/p><p><p><a href=\"https:\/\/www.google.com\/maps\/search\/?api=1&query=Google&query_place_id=ChIJgX8ZO9nSgUYRrcN9_W5o7Go\">Katso sijainti kartalla <span>&#8599;<\/span><\/a><\/p><\/p><p><\/p><\/div><div class=\"info-page-location\"><h3>Pori Etel\u00e4v\u00e4yl\u00e4<\/h3><p>Etel\u00e4v\u00e4yl\u00e4 4, 28610 Pori<\/p><p><p><a href=\"https:\/\/www.google.com\/maps\/search\/?api=1&query=Google&query_place_id=ChIJJa5eimELiUYROT1pYeGqmmI\">Katso sijainti kartalla <span>&#8599;<\/span><\/a><\/p><\/p><p><\/p><\/div><div class=\"info-page-location\"><h3>Pori Mikkola<\/h3><p>It\u00e4keskuksenkaari 8, 28130 Pori<\/p><p><p><a href=\"https:\/\/www.google.com\/maps\/search\/?api=1&query=Google&query_place_id=ChIJU1VVeqwMiUYRroU4XrxLWTg\">Katso sijainti kartalla <span>&#8599;<\/span><\/a><\/p><\/p><p><\/p><\/div><div class=\"info-page-location\"><h3>Riihim\u00e4ki<\/h3><p>Etel\u00e4n Viertotie 2, 11130 Riihim\u00e4ki<\/p><p><p><a href=\"https:\/\/www.google.com\/maps\/search\/?api=1&query=Google&query_place_id=ChIJXeo8myoTjkYROIZKZ3cz8Js\">Katso sijainti kartalla <span>&#8599;<\/span><\/a><\/p><\/p><p><\/p><\/div><div class=\"info-page-location\"><h3>Rovaniemi<\/h3><p>L\u00e4hteentie 20, 96400 Rovaniemi<\/p><p><p><a href=\"https:\/\/www.google.com\/maps\/search\/?api=1&query=Google&query_place_id=ChIJafdW6wJLK0QRwyVGMZ7Ab5I\">Katso sijainti kartalla <span>&#8599;<\/span><\/a><\/p><\/p><p><\/p><\/div><div class=\"info-page-location\"><h3>Salo<\/h3><p>Savipajankatu 5, 24240 Salo<\/p><p><p><a href=\"https:\/\/www.google.com\/maps\/search\/?api=1&query=Google&query_place_id=ChIJe9g9hpZHjEYRjetHuV3lT4Q\">Katso sijainti kartalla <span>&#8599;<\/span><\/a><\/p><\/p><p><\/p><\/div><div class=\"info-page-location\"><h3>Sein\u00e4joki<\/h3><p>Rengastie 9, 60120 Sein\u00e4joki<\/p><p><p><a href=\"https:\/\/www.google.com\/maps\/search\/?api=1&query=Google&query_place_id=ChIJzTlrYbrLh0YRdj_tehUS1M0\">Katso sijainti kartalla <span>&#8599;<\/span><\/a><\/p><\/p><p><\/p><\/div><div class=\"info-page-location\"><h3>Tampere Turtola<\/h3><p>Martinpojankatu 4, 33710 Tampere<\/p><p><p><a href=\"https:\/\/www.google.com\/maps\/search\/?api=1&query=Google&query_place_id=ChIJUwRSeHDfjkYR5xDHIFo9CtA\">Katso sijainti kartalla <span>&#8599;<\/span><\/a><\/p><\/p><p><\/p><\/div><div class=\"info-page-location\"><h3>Tampere Hermia<\/h3><p>Insin\u00f6\u00f6rinkatu 41b, 33720 Tampere<\/p><p><p><a href=\"https:\/\/www.google.com\/maps\/search\/?api=1&query=Google&query_place_id=ChIJYxoyXbHfjkYRJs4Mj__3_6I\">Katso sijainti kartalla <span>&#8599;<\/span><\/a><\/p><\/p><p><\/p><\/div><div class=\"info-page-location\"><h3>Tampere Rantaperki\u00f6<\/h3><p>Rantaperki\u00f6nkatu 1, 33900 Tampere<\/p><p><p><a href=\"https:\/\/www.google.com\/maps\/search\/?api=1&query=Google&query_place_id=ChIJ55DHohzfjkYR5w2CTPtG0fw\">Katso sijainti kartalla <span>&#8599;<\/span><\/a><\/p><\/p><p><\/p><\/div><div class=\"info-page-location\"><h3>Tuusula<\/h3><p>Moukarinkuja 4, 04300 Hyryl\u00e4<\/p><p><p><a href=\"https:\/\/www.google.com\/maps\/search\/?api=1&query=Google&query_place_id=ChIJz3Eo5c__jUYRHyXlszTFUtA\">Katso sijainti kartalla <span>&#8599;<\/span><\/a><\/p><\/p><p><\/p><\/div><div class=\"info-page-location\"><h3>Turku Satama<\/h3><p>Juhana Herttuan puistokatu 3, 20200 Turku<\/p><p><p><a href=\"https:\/\/www.google.com\/maps\/search\/?api=1&query=Google&query_place_id=ChIJmY34Y9B3jEYR1HCm_5BITxU\">Katso sijainti kartalla <span>&#8599;<\/span><\/a><\/p><\/p><p><\/p><\/div><div class=\"info-page-location\"><h3>Turku Paalupaikka<\/h3><p>Satakunnantie 102, 21280 Turku<\/p><p><p><a href=\"https:\/\/www.google.com\/maps\/search\/?api=1&query=Google&query_place_id=ChIJZU70NkN2jEYRReSZ2iPcbPs\">Katso sijainti kartalla <span>&#8599;<\/span><\/a><\/p><\/p><p>Avataan 2023<\/p><\/div><div class=\"info-page-location\"><h3>Vaasa<\/h3><p>Kiilletie 1, 65300 Vaasa<\/p><p><p><a href=\"https:\/\/www.google.com\/maps\/search\/?api=1&query=Google&query_place_id=ChIJoVj4jIVhfUYR9ZAGDBAXLz8\">Katso sijainti kartalla <span>&#8599;<\/span><\/a><\/p><\/p><p><\/p><\/div><div class=\"info-page-location\"><h3>Vantaa Tammisto<\/h3><p>Tammiston Kauppatie 18, 01510 Vantaa<\/p><p><p><a href=\"https:\/\/www.google.com\/maps\/search\/?api=1&query=Google&query_place_id=ChIJ5wPzYE0HkkYRuSfUaFhj2g4\">Katso sijainti kartalla <span>&#8599;<\/span><\/a><\/p><\/p><p><\/p><\/div><div class=\"info-page-location\"><h3>Ylivieska<\/h3><p>Ollilanojankatu 1, 84100 Ylivieska<\/p><p><p><a href=\"https:\/\/www.google.com\/maps\/search\/?api=1&query=Google&query_place_id=ChIJr8nphKsngUYRrFL-094cPX4\">Katso sijainti kartalla <span>&#8599;<\/span><\/a><\/p><\/p><p><\/p><\/div><div class=\"info-page-location\"><h3>Yl\u00f6j\u00e4rvi<\/h3><p>Soppeentie 2, 33470 Yl\u00f6j\u00e4rvi<\/p><p><p><a href=\"https:\/\/www.google.com\/maps\/search\/?api=1&query=Google&query_place_id=ChIJLY_yLeIpj0YRoV10ecd4RUk\">Katso sijainti kartalla <span>&#8599;<\/span><\/a><\/p><\/p><p><\/p><\/div><\/div>\t\t\t<\/div>\n\n\t\t\t<div class=\"wp-block-column\">\n\t\t\t\t<figure class=\"wp-block-image size-large\"><img loading=\"lazy\" decoding=\"async\" width=\"768\" height=\"512\" src=\"https:\/\/marketplace.epassi.fi\/liikku\/wp-content\/uploads\/sites\/150\/2021\/11\/Nettiresoluutio-_MA_5550-3-768x512.jpg\" class=\"attachment-medium_large size-medium_large\" alt=\"\" \/><\/figure>\n\t\t\t<\/div>\n\t\t<\/div>\n\t<\/div>\n\t\n","protected":false},"excerpt":{"rendered":"","protected":false},"author":2,"featured_media":0,"parent":0,"menu_order":0,"comment_status":"closed","ping_status":"closed","template":"","meta":{"_acf_changed":false,"_kad_post_transparent":"","_kad_post_title":"","_kad_post_layout":"","_kad_post_sidebar_id":"","_kad_post_content_style":"","_kad_post_vertical_padding":"","_kad_post_feature":"","_kad_post_feature_position":"","_kad_post_header":false,"_kad_post_footer":false,"_kad_post_classname":"","footnotes":""},"class_list":["post-22","page","type-page","status-publish","hentry"],"acf":[],"_links":{"self":[{"href":"https:\/\/marketplace.epassi.fi\/liikku\/wp-json\/wp\/v2\/pages\/22","targetHints":{"allow":["GET"]}}],"collection":[{"href":"https:\/\/marketplace.epassi.fi\/liikku\/wp-json\/wp\/v2\/pages"}],"about":[{"href":"https:\/\/marketplace.epassi.fi\/liikku\/wp-json\/wp\/v2\/types\/page"}],"author":[{"embeddable":true,"href":"https:\/\/marketplace.epassi.fi\/liikku\/wp-json\/wp\/v2\/users\/2"}],"replies":[{"embeddable":true,"href":"https:\/\/marketplace.epassi.fi\/liikku\/wp-json\/wp\/v2\/comments?post=22"}],"version-history":[{"count":10,"href":"https:\/\/marketplace.epassi.fi\/liikku\/wp-json\/wp\/v2\/pages\/22\/revisions"}],"predecessor-version":[{"id":264,"href":"https:\/\/marketplace.epassi.fi\/liikku\/wp-json\/wp\/v2\/pages\/22\/revisions\/264"}],"wp:attachment":[{"href":"https:\/\/marketplace.epassi.fi\/liikku\/wp-json\/wp\/v2\/media?parent=22"}],"curies":[{"name":"wp","href":"https:\/\/api.w.org\/{rel}","templated":true}]}}