{"id":327,"date":"2021-11-18T18:44:16","date_gmt":"2021-11-18T16:44:16","guid":{"rendered":"https:\/\/marketplace.epassi.fi\/liikku\/?post_type=product&#038;p=327"},"modified":"2024-07-19T11:59:22","modified_gmt":"2024-07-19T08:59:22","slug":"liikku-saldon-lataus-vuosijasenyys-yksi-kuntokeskus","status":"publish","type":"product","link":"https:\/\/marketplace.epassi.fi\/liikku\/kauppa\/liikuntaedut\/kuntosali\/liikku-saldon-lataus-vuosijasenyys-yksi-kuntokeskus\/","title":{"rendered":"Liikku saldon lataus &#8211; Vuosij\u00e4senyys &#8211; Yksi kuntokeskus (j\u00e4senyys jo voimassa)"},"content":{"rendered":"<p>HUOM! Sinulla tulee olla voimassaoleva j\u00e4senyys siirt\u00e4ess\u00e4si saldoa Liikulle. Luo uusi j\u00e4senyys liikku.fi -verkkokaupassa tai aktivoi vanha j\u00e4senyys OmaLiikku-palvelussa. Saldon lataus ei luo sinulle uutta j\u00e4senyytt\u00e4 tai aktivoi vanhaa j\u00e4senyytt\u00e4. Kun sinulla on Liikun j\u00e4senyys, voit siirt\u00e4\u00e4 kerralla saldoa useamman kuukausimaksun edest\u00e4. Lataa saldoa aina 4 viikkoa ennen sen laskun er\u00e4p\u00e4iv\u00e4\u00e4, jolle haluat saldon kohdentaa. Mik\u00e4li olet jo saanut vuosij\u00e4senyyslaskun tai haluat vaihtaa j\u00e4senyytesi kk-j\u00e4senyydest\u00e4 vuosij\u00e4senyydeksi ja maksaa ePassilla, ilmoita asiasta meille s\u00e4hk\u00f6postitse info@liikku.fi. Siirrettyj\u00e4 saldoja ei palauteta, vaikka j\u00e4senyys p\u00e4\u00e4ttyisi ja saldoa on viel\u00e4 j\u00e4ljell\u00e4. Saldon m\u00e4\u00e4r\u00e4n voit tarkistaa OmaLiikku -palvelusta.<\/p>\n","protected":false},"excerpt":{"rendered":"<p>HUOM! Sinulla tulee olla voimassaoleva j\u00e4senyys siirt\u00e4ess\u00e4si saldoa Liikulle. Luo uusi j\u00e4senyys liikku.fi -verkkokaupassa tai aktivoi vanha j\u00e4senyys OmaLiikku-palvelussa. Saldon lataus ei luo sinulle uutta j\u00e4senyytt\u00e4 tai aktivoi vanhaa j\u00e4senyytt\u00e4. Kun sinulla on Liikun j\u00e4senyys, voit siirt\u00e4\u00e4 kerralla saldoa useamman kuukausimaksun edest\u00e4. Lataa saldoa aina 4 viikkoa ennen sen laskun er\u00e4p\u00e4iv\u00e4\u00e4, jolle haluat saldon kohdentaa&#8230;.<\/p>\n","protected":false},"featured_media":342,"comment_status":"open","ping_status":"closed","template":"","meta":{"_acf_changed":false,"_kad_post_transparent":"default","_kad_post_title":"","_kad_post_layout":"default","_kad_post_sidebar_id":"","_kad_post_content_style":"default","_kad_post_vertical_padding":"default","_kad_post_feature":"","_kad_post_feature_position":"","_kad_post_header":false,"_kad_post_footer":false,"_kad_post_classname":""},"product_brand":[],"product_cat":[23,19],"product_tag":[],"class_list":{"0":"post-327","1":"product","2":"type-product","3":"status-publish","4":"has-post-thumbnail","6":"product_cat-kuntosali","7":"product_cat-liikuntaedut","9":"first","10":"instock","11":"virtual","12":"taxable","13":"purchasable","14":"product-type-simple","15":"entry","16":"content-bg","17":"loop-entry"},"acf":[],"_links":{"self":[{"href":"https:\/\/marketplace.epassi.fi\/liikku\/wp-json\/wp\/v2\/product\/327","targetHints":{"allow":["GET"]}}],"collection":[{"href":"https:\/\/marketplace.epassi.fi\/liikku\/wp-json\/wp\/v2\/product"}],"about":[{"href":"https:\/\/marketplace.epassi.fi\/liikku\/wp-json\/wp\/v2\/types\/product"}],"replies":[{"embeddable":true,"href":"https:\/\/marketplace.epassi.fi\/liikku\/wp-json\/wp\/v2\/comments?post=327"}],"wp:featuredmedia":[{"embeddable":true,"href":"https:\/\/marketplace.epassi.fi\/liikku\/wp-json\/wp\/v2\/media\/342"}],"wp:attachment":[{"href":"https:\/\/marketplace.epassi.fi\/liikku\/wp-json\/wp\/v2\/media?parent=327"}],"wp:term":[{"taxonomy":"product_brand","embeddable":true,"href":"https:\/\/marketplace.epassi.fi\/liikku\/wp-json\/wp\/v2\/product_brand?post=327"},{"taxonomy":"product_cat","embeddable":true,"href":"https:\/\/marketplace.epassi.fi\/liikku\/wp-json\/wp\/v2\/product_cat?post=327"},{"taxonomy":"product_tag","embeddable":true,"href":"https:\/\/marketplace.epassi.fi\/liikku\/wp-json\/wp\/v2\/product_tag?post=327"}],"curies":[{"name":"wp","href":"https:\/\/api.w.org\/{rel}","templated":true}]}}