{"id":330,"date":"2021-11-18T18:48:44","date_gmt":"2021-11-18T16:48:44","guid":{"rendered":"https:\/\/marketplace.epassi.fi\/liikku\/?post_type=product&#038;p=330"},"modified":"2024-07-19T11:59:08","modified_gmt":"2024-07-19T08:59:08","slug":"liikku-saldon-lataus-kuukausijasenyys-kaikki-kuntokeskukset","status":"publish","type":"product","link":"https:\/\/marketplace.epassi.fi\/liikku\/kauppa\/liikuntaedut\/kuntosali\/liikku-saldon-lataus-kuukausijasenyys-kaikki-kuntokeskukset\/","title":{"rendered":"Liikku saldon lataus &#8211; Kuukausij\u00e4senyys &#8211; Kaikki kuntokeskukset (j\u00e4senyys jo voimassa)"},"content":{"rendered":"<p>HUOM! Sinulla tulee olla voimassaoleva j\u00e4senyys siirt\u00e4ess\u00e4si saldoa Liikulle. Luo uusi j\u00e4senyys liikku.fi -verkkokaupassa tai aktivoi vanha j\u00e4senyys OmaLiikku-palvelussa. Saldon lataus ei luo sinulle uutta j\u00e4senyytt\u00e4 tai aktivoi vanhaa j\u00e4senyytt\u00e4. Kun sinulla on Liikun j\u00e4senyys, voit siirt\u00e4\u00e4 kerralla saldoa useamman kuukausimaksun edest\u00e4. Lataa saldoa aina 4 viikkoa ennen sen laskun er\u00e4p\u00e4iv\u00e4\u00e4, jolle haluat saldon kohdentaa. Saldo k\u00e4ytet\u00e4\u00e4n automaattisesti tulevien kk-maksujen maksuun. Jo l\u00e4hetetyt laskut tulee maksaa normaalisti. Siirrettyj\u00e4 saldoja ei palauteta, vaikka j\u00e4senyys p\u00e4\u00e4ttyisi ja saldoa on viel\u00e4 j\u00e4ljell\u00e4. Saldon m\u00e4\u00e4r\u00e4n voit tarkistaa\u00a0<a title=\"Alkuper\u00e4inen URL-osoite: https:\/\/extweb29.dlsoftware.com\/liikku\/index.php?func=login%7COmaLiikku. Napsauta tai napauta, jos luotat t\u00e4h\u00e4n linkkiin.\" href=\"https:\/\/eur01.safelinks.protection.outlook.com\/?url=https%3A%2F%2Fextweb29.dlsoftware.com%2Fliikku%2Findex.php%3Ffunc%3Dlogin%257COmaLiikku&amp;data=04%7C01%7Cheli.mannisto%40liikku.fi%7C9be14bf8bfc0433fba3b08d9ab382d60%7C83e82bb5d0384e06b1b64cfaa9f4469d%7C1%7C0%7C637729080031032325%7CUnknown%7CTWFpbGZsb3d8eyJWIjoiMC4wLjAwMDAiLCJQIjoiV2luMzIiLCJBTiI6Ik1haWwiLCJXVCI6Mn0%3D%7C3000&amp;sdata=Hs0yulLMwOaTD6DUqmFozAOKUyQH%2BoVvm5dB0XQ2Mlw%3D&amp;reserved=0\" target=\"_blank\" rel=\"noopener noreferrer\" data-auth=\"Verified\" data-linkindex=\"2\">OmaLiikku\u00a0<\/a>\u00a0-palvelusta.<\/p>\n","protected":false},"excerpt":{"rendered":"<p>Lis\u00e4\u00e4 ostoskoriin haluamasi m\u00e4\u00e4r\u00e4 kuukausia<\/p>\n","protected":false},"featured_media":339,"comment_status":"open","ping_status":"closed","template":"","meta":{"_acf_changed":false,"_kad_post_transparent":"default","_kad_post_title":"","_kad_post_layout":"default","_kad_post_sidebar_id":"","_kad_post_content_style":"default","_kad_post_vertical_padding":"default","_kad_post_feature":"","_kad_post_feature_position":"","_kad_post_header":false,"_kad_post_footer":false,"_kad_post_classname":""},"product_brand":[],"product_cat":[23,19],"product_tag":[],"class_list":{"0":"post-330","1":"product","2":"type-product","3":"status-publish","4":"has-post-thumbnail","6":"product_cat-kuntosali","7":"product_cat-liikuntaedut","9":"first","10":"instock","11":"virtual","12":"taxable","13":"purchasable","14":"product-type-simple","15":"entry","16":"content-bg","17":"loop-entry"},"acf":[],"_links":{"self":[{"href":"https:\/\/marketplace.epassi.fi\/liikku\/wp-json\/wp\/v2\/product\/330","targetHints":{"allow":["GET"]}}],"collection":[{"href":"https:\/\/marketplace.epassi.fi\/liikku\/wp-json\/wp\/v2\/product"}],"about":[{"href":"https:\/\/marketplace.epassi.fi\/liikku\/wp-json\/wp\/v2\/types\/product"}],"replies":[{"embeddable":true,"href":"https:\/\/marketplace.epassi.fi\/liikku\/wp-json\/wp\/v2\/comments?post=330"}],"wp:featuredmedia":[{"embeddable":true,"href":"https:\/\/marketplace.epassi.fi\/liikku\/wp-json\/wp\/v2\/media\/339"}],"wp:attachment":[{"href":"https:\/\/marketplace.epassi.fi\/liikku\/wp-json\/wp\/v2\/media?parent=330"}],"wp:term":[{"taxonomy":"product_brand","embeddable":true,"href":"https:\/\/marketplace.epassi.fi\/liikku\/wp-json\/wp\/v2\/product_brand?post=330"},{"taxonomy":"product_cat","embeddable":true,"href":"https:\/\/marketplace.epassi.fi\/liikku\/wp-json\/wp\/v2\/product_cat?post=330"},{"taxonomy":"product_tag","embeddable":true,"href":"https:\/\/marketplace.epassi.fi\/liikku\/wp-json\/wp\/v2\/product_tag?post=330"}],"curies":[{"name":"wp","href":"https:\/\/api.w.org\/{rel}","templated":true}]}}