{"id":318,"date":"2022-01-13T19:44:45","date_gmt":"2022-01-13T17:44:45","guid":{"rendered":"https:\/\/marketplace.epassi.fi\/louekeskus\/?post_type=product&#038;p=318"},"modified":"2024-07-20T15:14:08","modified_gmt":"2024-07-20T12:14:08","slug":"paivalippu","status":"publish","type":"product","link":"https:\/\/marketplace.epassi.fi\/louekeskus\/kauppa\/liikuntaedut\/hiihtokeskus\/paivalippu\/","title":{"rendered":"P\u00e4iv\u00e4lippu"},"content":{"rendered":"","protected":false},"excerpt":{"rendered":"<p>P\u00e4iv\u00e4lippu Louetille, ei sis\u00e4ll\u00e4 ladattavaa \u00e4lykorttia ( 7 \u20ac ).<\/p>\n","protected":false},"featured_media":317,"comment_status":"open","ping_status":"closed","template":"","meta":{"_acf_changed":false,"_kad_post_transparent":"default","_kad_post_title":"","_kad_post_layout":"default","_kad_post_sidebar_id":"","_kad_post_content_style":"default","_kad_post_vertical_padding":"default","_kad_post_feature":"","_kad_post_feature_position":"","_kad_post_header":false,"_kad_post_footer":false,"_kad_post_classname":""},"product_brand":[],"product_cat":[24,19],"product_tag":[],"class_list":{"0":"post-318","1":"product","2":"type-product","3":"status-publish","4":"has-post-thumbnail","6":"product_cat-hiihtokeskus","7":"product_cat-liikuntaedut","9":"first","10":"instock","11":"taxable","12":"shipping-taxable","13":"purchasable","14":"product-type-simple","15":"entry","16":"content-bg","17":"loop-entry"},"acf":[],"_links":{"self":[{"href":"https:\/\/marketplace.epassi.fi\/louekeskus\/wp-json\/wp\/v2\/product\/318","targetHints":{"allow":["GET"]}}],"collection":[{"href":"https:\/\/marketplace.epassi.fi\/louekeskus\/wp-json\/wp\/v2\/product"}],"about":[{"href":"https:\/\/marketplace.epassi.fi\/louekeskus\/wp-json\/wp\/v2\/types\/product"}],"replies":[{"embeddable":true,"href":"https:\/\/marketplace.epassi.fi\/louekeskus\/wp-json\/wp\/v2\/comments?post=318"}],"wp:featuredmedia":[{"embeddable":true,"href":"https:\/\/marketplace.epassi.fi\/louekeskus\/wp-json\/wp\/v2\/media\/317"}],"wp:attachment":[{"href":"https:\/\/marketplace.epassi.fi\/louekeskus\/wp-json\/wp\/v2\/media?parent=318"}],"wp:term":[{"taxonomy":"product_brand","embeddable":true,"href":"https:\/\/marketplace.epassi.fi\/louekeskus\/wp-json\/wp\/v2\/product_brand?post=318"},{"taxonomy":"product_cat","embeddable":true,"href":"https:\/\/marketplace.epassi.fi\/louekeskus\/wp-json\/wp\/v2\/product_cat?post=318"},{"taxonomy":"product_tag","embeddable":true,"href":"https:\/\/marketplace.epassi.fi\/louekeskus\/wp-json\/wp\/v2\/product_tag?post=318"}],"curies":[{"name":"wp","href":"https:\/\/api.w.org\/{rel}","templated":true}]}}