{"id":289,"date":"2021-10-20T17:08:34","date_gmt":"2021-10-20T17:08:34","guid":{"rendered":"https:\/\/marketplace.epassi.fi\/lumiwellness\/?post_type=product&#038;p=289"},"modified":"2026-04-15T09:14:26","modified_gmt":"2026-04-15T06:14:26","slug":"lahjakortti-jalkojenhoitoon","status":"publish","type":"product","link":"https:\/\/marketplace.epassi.fi\/lumiwellness\/kauppa\/hyvinvointi\/lahjakortti-jalkojenhoitoon\/","title":{"rendered":"Diabeetikon jalkojen tutkimus"},"content":{"rendered":"<p>Diabeetikon jalkojentutkimus<\/p>\n<p>Diabeetikon jalkojen tutkimus on olennainen osa diabeteksen hoitoa, sill\u00e4 diabetes voi aiheuttaa hermovaurioita (neuropatiaa) ja verenkiertoh\u00e4iri\u00f6it\u00e4, jotka lis\u00e4\u00e4v\u00e4t jalkojen ongelmien riski\u00e4. Jalkojen s\u00e4\u00e4nn\u00f6llinen tarkastaminen auttaa havaitsemaan varhaiset merkit mahdollisista komplikaatioista, kuten haavaumat, ihomuutokset tai infektio, jotka voivat johtaa vakavampiin ongelmiin, jos niit\u00e4 ei hoideta ajoissa. Tutkimuksessa tarkistetaan jalkojen iho, kynnet, verenkierto ja hermotoiminta. Diabeetikoille suositellaan p\u00e4ivitt\u00e4ist\u00e4 jalkojen tarkastamista kotona ja s\u00e4\u00e4nn\u00f6llisi\u00e4 k\u00e4yntej\u00e4 terveydenhuollon ammattilaisella, joka voi suorittaa perusteellisemman tutkimuksen. Ennaltaehk\u00e4isev\u00e4t toimenpiteet, kuten oikeanlaiset keng\u00e4t ja hyv\u00e4 jalkahygienia, ovat my\u00f6s t\u00e4rkeit\u00e4 jalkojen terveyden yll\u00e4pit\u00e4miseksi.<\/p>\n<p>Lis\u00e4ksi tarkistetaan keng\u00e4t, joten tule vastaanotolle kengill\u00e4, joita useimmiten k\u00e4yt\u00e4t.<\/p>\n","protected":false},"excerpt":{"rendered":"<p>Diabeetikon jalkojen tutkimus on olennainen osa diabeteksen hoitoa, sill\u00e4 diabetes voi aiheuttaa hermovaurioita (neuropatiaa) ja verenkiertoh\u00e4iri\u00f6it\u00e4, jotka lis\u00e4\u00e4v\u00e4t jalkojen ongelmien riski\u00e4. Jalkojen s\u00e4\u00e4nn\u00f6llinen tarkastaminen auttaa havaitsemaan varhaiset merkit mahdollisista komplikaatioista, kuten haavaumat, ihomuutokset tai infektio, jotka voivat johtaa vakavampiin ongelmiin, jos niit\u00e4 ei hoideta ajoissa. Tutkimuksessa tarkistetaan jalkojen iho, kynnet, verenkierto ja hermotoiminta. Diabeetikoille suositellaan p\u00e4ivitt\u00e4ist\u00e4 jalkojen tarkastamista kotona ja s\u00e4\u00e4nn\u00f6llisi\u00e4 k\u00e4yntej\u00e4 terveydenhuollon ammattilaisella, joka voi suorittaa perusteellisemman tutkimuksen. Ennaltaehk\u00e4isev\u00e4t toimenpiteet, kuten oikeanlaiset keng\u00e4t ja hyv\u00e4 jalkahygienia, ovat my\u00f6s t\u00e4rkeit\u00e4 jalkojen terveyden yll\u00e4pit\u00e4miseksi.<\/p>\n","protected":false},"featured_media":361,"comment_status":"open","ping_status":"closed","template":"","meta":{"_acf_changed":false,"_kad_post_transparent":"default","_kad_post_title":"","_kad_post_layout":"default","_kad_post_sidebar_id":"","_kad_post_content_style":"default","_kad_post_vertical_padding":"default","_kad_post_feature":"","_kad_post_feature_position":"","_kad_post_header":false,"_kad_post_footer":false,"_kad_post_classname":""},"product_brand":[],"product_cat":[21],"product_tag":[],"class_list":{"0":"post-289","1":"product","2":"type-product","3":"status-publish","4":"has-post-thumbnail","6":"product_cat-hyvinvointi","8":"first","9":"instock","10":"featured","11":"virtual","12":"purchasable","13":"product-type-simple","14":"entry","15":"content-bg","16":"loop-entry"},"acf":[],"_links":{"self":[{"href":"https:\/\/marketplace.epassi.fi\/lumiwellness\/wp-json\/wp\/v2\/product\/289","targetHints":{"allow":["GET"]}}],"collection":[{"href":"https:\/\/marketplace.epassi.fi\/lumiwellness\/wp-json\/wp\/v2\/product"}],"about":[{"href":"https:\/\/marketplace.epassi.fi\/lumiwellness\/wp-json\/wp\/v2\/types\/product"}],"replies":[{"embeddable":true,"href":"https:\/\/marketplace.epassi.fi\/lumiwellness\/wp-json\/wp\/v2\/comments?post=289"}],"wp:featuredmedia":[{"embeddable":true,"href":"https:\/\/marketplace.epassi.fi\/lumiwellness\/wp-json\/wp\/v2\/media\/361"}],"wp:attachment":[{"href":"https:\/\/marketplace.epassi.fi\/lumiwellness\/wp-json\/wp\/v2\/media?parent=289"}],"wp:term":[{"taxonomy":"product_brand","embeddable":true,"href":"https:\/\/marketplace.epassi.fi\/lumiwellness\/wp-json\/wp\/v2\/product_brand?post=289"},{"taxonomy":"product_cat","embeddable":true,"href":"https:\/\/marketplace.epassi.fi\/lumiwellness\/wp-json\/wp\/v2\/product_cat?post=289"},{"taxonomy":"product_tag","embeddable":true,"href":"https:\/\/marketplace.epassi.fi\/lumiwellness\/wp-json\/wp\/v2\/product_tag?post=289"}],"curies":[{"name":"wp","href":"https:\/\/api.w.org\/{rel}","templated":true}]}}