{"id":330,"date":"2025-11-11T00:31:49","date_gmt":"2025-11-10T22:31:49","guid":{"rendered":"https:\/\/marketplace.epassi.fi\/lumiwellness\/?post_type=product&#038;p=330"},"modified":"2026-04-15T08:58:24","modified_gmt":"2026-04-15T05:58:24","slug":"jalkojenhoito-vaativa","status":"publish","type":"product","link":"https:\/\/marketplace.epassi.fi\/lumiwellness\/kauppa\/hyvinvointi\/jalkojenhoito-vaativa\/","title":{"rendered":"Jalkojenhoito vaativa"},"content":{"rendered":"<p>Jalkojenhoito vaativa, valitse t\u00e4m\u00e4 jalkojenhoito, jos sinulla on useita paksuuntuneita kynsi\u00e4, sienikynsi\u00e4 tai runsaasti kovettumia. Hoito sis\u00e4lt\u00e4\u00e4 perusjalkojenhoidon.<\/p>\n","protected":false},"excerpt":{"rendered":"<p>Jalkojenhoito vaativa, valitse t\u00e4m\u00e4 jalkojenhoito, jos sinulla on useita paksuuntuneita kynsi\u00e4, sienikynsi\u00e4 tai runsaasti kovettumia. Hoito sis\u00e4lt\u00e4\u00e4 perusjalkojenhoidon.<\/p>\n","protected":false},"featured_media":358,"comment_status":"open","ping_status":"closed","template":"","meta":{"_acf_changed":false,"_kad_post_transparent":"default","_kad_post_title":"","_kad_post_layout":"default","_kad_post_sidebar_id":"","_kad_post_content_style":"default","_kad_post_vertical_padding":"default","_kad_post_feature":"","_kad_post_feature_position":"","_kad_post_header":false,"_kad_post_footer":false,"_kad_post_classname":""},"product_brand":[],"product_cat":[21],"product_tag":[],"class_list":{"0":"post-330","1":"product","2":"type-product","3":"status-publish","4":"has-post-thumbnail","6":"product_cat-hyvinvointi","8":"first","9":"instock","10":"featured","11":"virtual","12":"purchasable","13":"product-type-simple","14":"entry","15":"content-bg","16":"loop-entry"},"acf":[],"_links":{"self":[{"href":"https:\/\/marketplace.epassi.fi\/lumiwellness\/wp-json\/wp\/v2\/product\/330","targetHints":{"allow":["GET"]}}],"collection":[{"href":"https:\/\/marketplace.epassi.fi\/lumiwellness\/wp-json\/wp\/v2\/product"}],"about":[{"href":"https:\/\/marketplace.epassi.fi\/lumiwellness\/wp-json\/wp\/v2\/types\/product"}],"replies":[{"embeddable":true,"href":"https:\/\/marketplace.epassi.fi\/lumiwellness\/wp-json\/wp\/v2\/comments?post=330"}],"wp:featuredmedia":[{"embeddable":true,"href":"https:\/\/marketplace.epassi.fi\/lumiwellness\/wp-json\/wp\/v2\/media\/358"}],"wp:attachment":[{"href":"https:\/\/marketplace.epassi.fi\/lumiwellness\/wp-json\/wp\/v2\/media?parent=330"}],"wp:term":[{"taxonomy":"product_brand","embeddable":true,"href":"https:\/\/marketplace.epassi.fi\/lumiwellness\/wp-json\/wp\/v2\/product_brand?post=330"},{"taxonomy":"product_cat","embeddable":true,"href":"https:\/\/marketplace.epassi.fi\/lumiwellness\/wp-json\/wp\/v2\/product_cat?post=330"},{"taxonomy":"product_tag","embeddable":true,"href":"https:\/\/marketplace.epassi.fi\/lumiwellness\/wp-json\/wp\/v2\/product_tag?post=330"}],"curies":[{"name":"wp","href":"https:\/\/api.w.org\/{rel}","templated":true}]}}