{"id":335,"date":"2025-11-11T00:42:05","date_gmt":"2025-11-10T22:42:05","guid":{"rendered":"https:\/\/marketplace.epassi.fi\/lumiwellness\/?post_type=product&#038;p=335"},"modified":"2026-04-15T11:07:02","modified_gmt":"2026-04-15T08:07:02","slug":"jalkojenhoito-seka-verrutop-syylanhoito","status":"publish","type":"product","link":"https:\/\/marketplace.epassi.fi\/lumiwellness\/kauppa\/hyvinvointi\/jalkojenhoito-seka-verrutop-syylanhoito\/","title":{"rendered":"Jalkojenhoito sek\u00e4 Verrutop syyl\u00e4nhoito"},"content":{"rendered":"<p>Jalkojenhoito perus, hoidon tarpeen arviointi, jalkakylpy\/jalkojen puhdistus, kynsien leikkaus ja siistiminen, tarvittaessa kynnen ohennus, ihomuutosten hoito (kovettumat\/k\u00e4ns\u00e4t), jalkaterien rasvaus sek\u00e4 Verrutop syyl\u00e4nhoidon.<\/p>\n<p>Meill\u00e4 on syylien hoitoon k\u00e4yt\u00f6ss\u00e4 verrutop\u00ae liuos. Hoito on usein vaikuttavampi sarjahoitona ja verrutop syyl\u00e4nhoito kannattaa aloittaa silloin kun on aikaa k\u00e4yd\u00e4 s\u00e4\u00e4nn\u00f6llisin v\u00e4liajoin hoidattamassa syyl\u00e4\u00e4.<\/p>\n<p>Hoitov\u00e4li on 7-14 p\u00e4iv\u00e4\u00e4. Hoidon kesto on yksil\u00f6llist\u00e4 ja riippuu syylist\u00e4. Hoitokertoja on usein 1-5. Koska syyl\u00e4 on virus siihen ei ole yht\u00e4 100% toimivaa hoitokeinoa, mutta verrutopilla on saatu hyvi\u00e4 tuloksia useimmissa tapauksissa.<\/p>\n<p>Hoitoon kuuluu syyl\u00e4kudoksen poisto, jonka j\u00e4lkeen verrutop imeytet\u00e4\u00e4n syyl\u00e4alueelle. Hoitokertojen m\u00e4\u00e4r\u00e4 riippuu t\u00e4ysin syyl\u00e4st\u00e4 ja kuinka kauan se on ehtinyt olla iholla. Verrutopia ei suositella alle 6- vuotiaille, raskaana oleville tai imett\u00e4ville eik\u00e4 yht\u00e4aikaa muiden syyl\u00e4n hoitoaineiden kanssa.<\/p>\n","protected":false},"excerpt":{"rendered":"<p>Jalkojenhoito perus, hoidon tarpeen arviointi, jalkakylpy\/jalkojen puhdistus, kynsien leikkaus ja siistiminen, tarvittaessa kynnen ohennus, ihomuutosten hoito (kovettumat\/k\u00e4ns\u00e4t), jalkaterien rasvaus sek\u00e4 Verrutop syyl\u00e4nhoidon.<\/p>\n<p>Meill\u00e4 on syylien hoitoon k\u00e4yt\u00f6ss\u00e4 verrutop\u00ae liuos. Hoito on usein vaikuttavampi sarjahoitona ja verrutop syyl\u00e4nhoito kannattaa aloittaa silloin kun on aikaa k\u00e4yd\u00e4 s\u00e4\u00e4nn\u00f6llisin v\u00e4liajoin hoidattamassa syyl\u00e4\u00e4.<\/p>\n<p>Hoitov\u00e4li on 7-14 p\u00e4iv\u00e4\u00e4. Hoidon kesto on yksil\u00f6llist\u00e4 ja riippuu syylist\u00e4. Hoitokertoja on usein 1-5. Koska syyl\u00e4 on virus siihen ei ole yht\u00e4 100% toimivaa hoitokeinoa, mutta verrutopilla on saatu hyvi\u00e4 tuloksia useimmissa tapauksissa.<\/p>\n<p>Hoitoon kuuluu syyl\u00e4kudoksen poisto, jonka j\u00e4lkeen verrutop imeytet\u00e4\u00e4n syyl\u00e4alueelle. Hoitokertojen m\u00e4\u00e4r\u00e4 riippuu t\u00e4ysin syyl\u00e4st\u00e4 ja kuinka kauan se on ehtinyt olla iholla. Verrutopia ei suositella alle 6- vuotiaille, raskaana oleville tai imett\u00e4ville eik\u00e4 yht\u00e4aikaa muiden syyl\u00e4n hoitoaineiden kanssa.<\/p>\n","protected":false},"featured_media":364,"comment_status":"open","ping_status":"closed","template":"","meta":{"_acf_changed":false,"_kad_post_transparent":"default","_kad_post_title":"","_kad_post_layout":"default","_kad_post_sidebar_id":"","_kad_post_content_style":"default","_kad_post_vertical_padding":"default","_kad_post_feature":"","_kad_post_feature_position":"","_kad_post_header":false,"_kad_post_footer":false,"_kad_post_classname":""},"product_brand":[],"product_cat":[21],"product_tag":[],"class_list":{"0":"post-335","1":"product","2":"type-product","3":"status-publish","4":"has-post-thumbnail","6":"product_cat-hyvinvointi","8":"first","9":"instock","10":"featured","11":"virtual","12":"purchasable","13":"product-type-simple","14":"entry","15":"content-bg","16":"loop-entry"},"acf":[],"_links":{"self":[{"href":"https:\/\/marketplace.epassi.fi\/lumiwellness\/wp-json\/wp\/v2\/product\/335","targetHints":{"allow":["GET"]}}],"collection":[{"href":"https:\/\/marketplace.epassi.fi\/lumiwellness\/wp-json\/wp\/v2\/product"}],"about":[{"href":"https:\/\/marketplace.epassi.fi\/lumiwellness\/wp-json\/wp\/v2\/types\/product"}],"replies":[{"embeddable":true,"href":"https:\/\/marketplace.epassi.fi\/lumiwellness\/wp-json\/wp\/v2\/comments?post=335"}],"wp:featuredmedia":[{"embeddable":true,"href":"https:\/\/marketplace.epassi.fi\/lumiwellness\/wp-json\/wp\/v2\/media\/364"}],"wp:attachment":[{"href":"https:\/\/marketplace.epassi.fi\/lumiwellness\/wp-json\/wp\/v2\/media?parent=335"}],"wp:term":[{"taxonomy":"product_brand","embeddable":true,"href":"https:\/\/marketplace.epassi.fi\/lumiwellness\/wp-json\/wp\/v2\/product_brand?post=335"},{"taxonomy":"product_cat","embeddable":true,"href":"https:\/\/marketplace.epassi.fi\/lumiwellness\/wp-json\/wp\/v2\/product_cat?post=335"},{"taxonomy":"product_tag","embeddable":true,"href":"https:\/\/marketplace.epassi.fi\/lumiwellness\/wp-json\/wp\/v2\/product_tag?post=335"}],"curies":[{"name":"wp","href":"https:\/\/api.w.org\/{rel}","templated":true}]}}