{"id":336,"date":"2025-11-11T00:55:24","date_gmt":"2025-11-10T22:55:24","guid":{"rendered":"https:\/\/marketplace.epassi.fi\/lumiwellness\/?post_type=product&#038;p=336"},"modified":"2026-04-15T10:59:13","modified_gmt":"2026-04-15T07:59:13","slug":"verrutop-syylanhoito","status":"publish","type":"product","link":"https:\/\/marketplace.epassi.fi\/lumiwellness\/kauppa\/hyvinvointi\/verrutop-syylanhoito\/","title":{"rendered":"Syyl\u00e4n koagulointi"},"content":{"rendered":"<p>Syyl\u00e4n poltto tehd\u00e4\u00e4n koagulointilaitteella terveydenhoitoalan ammattilaisen toimesta.<\/p>\n<p>L\u00e4mp\u00f6 tuhoaa syyl\u00e4kudoksen ja saa syyl\u00e4n kuivumaan. T\u00e4m\u00e4 hoito on tehokas eik\u00e4 vaurioita ymp\u00e4r\u00f6iv\u00e4\u00e4 ihoa, arpeutunut ihon pinta paranee itsest\u00e4\u00e4n. Hoito voidaan uusia kuuden viikon v\u00e4lein.<\/p>\n<p>Hoito ei sovi henkil\u00f6ille, joilla on epilepsia, syd\u00e4mentahdistin tai verenohennusl\u00e4\u00e4kitys.<\/p>\n","protected":false},"excerpt":{"rendered":"<p>Syyl\u00e4n poltto tehd\u00e4\u00e4n koagulointilaitteella terveydenhoitoalan ammattilaisen toimesta. L\u00e4mp\u00f6 tuhoaa syyl\u00e4kudoksen ja saa syyl\u00e4n kuivumaan. T\u00e4m\u00e4 hoito on tehokas eik\u00e4 vaurioita ymp\u00e4r\u00f6iv\u00e4\u00e4 ihoa, arpeutunut ihon pinta paranee itsest\u00e4\u00e4n. Hoito voidaan uusia kuuden viikon v\u00e4lein. Hoito ei sovi henkil\u00f6ille, joilla on epilepsia, syd\u00e4mentahdistin tai verenohennusl\u00e4\u00e4kitys.<\/p>\n","protected":false},"featured_media":363,"comment_status":"open","ping_status":"closed","template":"","meta":{"_acf_changed":false,"_kad_post_transparent":"default","_kad_post_title":"","_kad_post_layout":"default","_kad_post_sidebar_id":"","_kad_post_content_style":"default","_kad_post_vertical_padding":"default","_kad_post_feature":"","_kad_post_feature_position":"","_kad_post_header":false,"_kad_post_footer":false,"_kad_post_classname":""},"product_brand":[],"product_cat":[21],"product_tag":[],"class_list":{"0":"post-336","1":"product","2":"type-product","3":"status-publish","4":"has-post-thumbnail","6":"product_cat-hyvinvointi","8":"first","9":"instock","10":"featured","11":"virtual","12":"purchasable","13":"product-type-simple","14":"entry","15":"content-bg","16":"loop-entry"},"acf":[],"_links":{"self":[{"href":"https:\/\/marketplace.epassi.fi\/lumiwellness\/wp-json\/wp\/v2\/product\/336","targetHints":{"allow":["GET"]}}],"collection":[{"href":"https:\/\/marketplace.epassi.fi\/lumiwellness\/wp-json\/wp\/v2\/product"}],"about":[{"href":"https:\/\/marketplace.epassi.fi\/lumiwellness\/wp-json\/wp\/v2\/types\/product"}],"replies":[{"embeddable":true,"href":"https:\/\/marketplace.epassi.fi\/lumiwellness\/wp-json\/wp\/v2\/comments?post=336"}],"wp:featuredmedia":[{"embeddable":true,"href":"https:\/\/marketplace.epassi.fi\/lumiwellness\/wp-json\/wp\/v2\/media\/363"}],"wp:attachment":[{"href":"https:\/\/marketplace.epassi.fi\/lumiwellness\/wp-json\/wp\/v2\/media?parent=336"}],"wp:term":[{"taxonomy":"product_brand","embeddable":true,"href":"https:\/\/marketplace.epassi.fi\/lumiwellness\/wp-json\/wp\/v2\/product_brand?post=336"},{"taxonomy":"product_cat","embeddable":true,"href":"https:\/\/marketplace.epassi.fi\/lumiwellness\/wp-json\/wp\/v2\/product_cat?post=336"},{"taxonomy":"product_tag","embeddable":true,"href":"https:\/\/marketplace.epassi.fi\/lumiwellness\/wp-json\/wp\/v2\/product_tag?post=336"}],"curies":[{"name":"wp","href":"https:\/\/api.w.org\/{rel}","templated":true}]}}