{"id":22,"date":"2021-09-13T17:45:59","date_gmt":"2021-09-13T17:45:59","guid":{"rendered":"https:\/\/marketplace.epassi.fi\/maikki-marjaniemi\/?page_id=22"},"modified":"2021-10-12T10:57:35","modified_gmt":"2021-10-12T10:57:35","slug":"info","status":"publish","type":"page","link":"https:\/\/marketplace.epassi.fi\/maikki-marjaniemi\/info\/","title":{"rendered":"Info"},"content":{"rendered":"\n\t<div class=\"entry-content single-content\">\n\n\t\t<div class=\"wp-block-columns\" style=\"gap:30px\">\n\t\t\t<div class=\"wp-block-column\">\n\t\t\t\t<h2>Maikki &amp; tiimi<\/h2>\n\t\t\t\t<p><p><b>\ud83d\ude0d Yli 260 000 naista on osallistunut Maikin kursseille \u2013 liity joukkoon! \ud83d\ude0d<\/b><\/p>\n<p>\u2705 Saat aina 100% tyytyv\u00e4isyystakuun 14 p\u00e4iv\u00e4ksi<br \/>\n\u2705 Saat ikuisen k\u00e4ytt\u00f6oikeuden kurssien materiaaleihin<\/p>\n<p><i>Huom! Saat henkil\u00f6kohtaiset tunnukset kurssin materiaaleihin tilauksen j\u00e4lkeen.<\/i><\/p>\n<p>\u27a1\ufe0f <a href=\"https:\/\/www.maikkimarjaniemi.fi\/kauppa\/\">TUTUSTU KAIKKIIN KURSSEIHIMME SIVUILTAMME<\/a> \u2b05\ufe0f<\/p>\n<p><b>Ota yhteytt\u00e4<\/B><\/p>\n<p>Saat tiimiimme yhteyden s\u00e4hk\u00f6postilla osoitteesta info@maikkimarjaniemi.fi. Vastaamme viesteihin p\u00e4\u00e4s\u00e4\u00e4nt\u00f6isesti arkisin.<\/p>\n<p>Tai soittamalla asiakaspalveluumme torstaisin klo. 10-12 v\u00e4lisen\u00e4 aikana. Soita +358 40 0283941 numeroon.<\/p>\n<p>Tai k\u00e4ytt\u00e4m\u00e4ll\u00e4 chattia osoitteessa <a href=\"https:\/\/www.maikkimarjaniemi.fi\/\">maikkimarjaniemi.fi<\/a><\/p>\n<p><b>Maikki<\/b><\/p>\n<p>Moikka, olen Maikki, hyvinvointi- ja voimavalmentaja. Haluan verkkokursseillani tuoda asiakkaitteni el\u00e4m\u00e4\u00e4n lis\u00e4\u00e4 itsevarmuutta, energiaa ja hyvinvointia \u2013 ja toisaalta v\u00e4hent\u00e4\u00e4 stressi\u00e4 ruokailusta, ulkon\u00e4\u00f6st\u00e4 ja liikunnasta. <\/p>\n<p>Tied\u00e4n mist\u00e4 puhun, sek\u00e4 asiakkaiden ett\u00e4 omien kokemusteni pohjalta. Ennen t\u00e4lle alalle ryhtymist\u00e4 jahtasin sit\u00e4 oikeaa ruokavaliota, treenimetodia tai kikkailua, jolla el\u00e4m\u00e4ni tulisi muuttumaan lopullisesti jollain maagisella tavalla.<\/p>\n<p>Tied\u00e4t varmaan, miten tarina jatkui. Jaksoin innostua (ja stressata) uusista jutuista hetken, ja palasin pian takaisin vanhoihin tapoihini. Vasta my\u00f6hemmin koulutusten my\u00f6t\u00e4 oivalsin, ett\u00e4 todelliset muutokset tehd\u00e4\u00e4n yksitellen ja omaan el\u00e4m\u00e4\u00e4n sopiviksi sovittaen.<\/p>\n<p>Nyt ty\u00f6skentelen tiimini kanssa auttaen tuhansia naisia joka vuosi kohti energisemp\u00e4\u00e4 el\u00e4m\u00e4\u00e4 ja paremmin istuvaa itsetuntoa (ja farkkuja).<\/p>\n<p><b>Sohvi Ollila, Liikunnanohjaaja<\/b><\/p>\n<p>Moikka! Olen ohjannut sek\u00e4 valmentanut jo lukioik\u00e4isest\u00e4 saakka monipuolisesti eri-ik\u00e4isi\u00e4 ihmisi\u00e4 liikunnan parissa, ja tavoitteenani onkin mahdollistaa jokaiselle omanlainen tyyli toteuttaa liikuntaa. Liikunnanohjaajan tutkinnon (AMK) lis\u00e4ksi olen t\u00e4ydent\u00e4nyt osaamistani my\u00f6s ravitsemuksen opinnoilla sek\u00e4 psyykkisen valmentamisen perusteilla.<\/p>\n<p>Ohjaajana nautin vilpitt\u00f6m\u00e4sti siit\u00e4, ett\u00e4 saan innostaa ihmisi\u00e4 liikkumaan, auttaa oman liikuntatavan l\u00f6ytymisess\u00e4 ja saada heid\u00e4t my\u00f6s hoksaamaan pieni\u00e4 tekoja arjessa, jotka tukevat omaa hyvinvointia yll\u00e4tt\u00e4v\u00e4nkin paljon. Parasta t\u00e4ss\u00e4 ty\u00f6ss\u00e4 on se, kun saan aikaan liikunnankipin\u00e4n syttymist\u00e4 ja niit\u00e4 fiiliksi\u00e4 ett\u00e4 hei, onpa t\u00e4m\u00e4 kivaa!<\/p>\n<p>Valmentajana mahdollistan turvallista, toimivaa ja asiakasl\u00e4ht\u00f6ist\u00e4 liikuntaa, jossa liikkuja kokee onnistumisen kokemuksia ja l\u00f6yt\u00e4\u00e4 itselleen sopivat elementit omaan liikuntapalettiinsa.<\/p>\n<p>Maikin tiimiss\u00e4 toimin ohjaajana useilla kotitreenikursseilla. N\u00e4hd\u00e4\u00e4n treeneiss\u00e4!<\/p>\n<p><b>Sanni Massinen, Ravitsemusterapeutti<\/b><\/p>\n<p>Heippa! Olen Sanni, It\u00e4-Suomen yliopistosta valmistunut ravitsemusterapeutti (TtM). Sivuaineena olen suorittanut urheiluravitsemuksen perusopinnot avoimessa yliopistossa.<\/p>\n<p>Terveytt\u00e4 ja hyvinvointia tukevan ravitsemuksen ohella olen perehtynyt mm. erikoisruokavalioihin ja reseptien laadintaan. Minulla on kokemusta my\u00f6s treeniohjelmien ja niit\u00e4 tukevien ruokavaliosuunnitelmien laadinnasta ja olen osallistunut niit\u00e4 k\u00e4sitteleviin seminaareihin. Lis\u00e4ksi olen t\u00e4ydent\u00e4nyt osaamistani mm. biokemian opinnoilla, jotka tuovat laaja-alaisempaa n\u00e4k\u00f6kulmaa yksil\u00f6lliseen ravitsemukseen.<\/p>\n<p>Ravitsemuksen saralla l\u00e4hell\u00e4 syd\u00e4nt\u00e4ni on erityisesti kasvisten monipuolisen k\u00e4yt\u00f6n lis\u00e4\u00e4minen.<\/p>\n<\/p>\n\t\t\t\t<h3>Maikki Marjaniemi<\/h3>\n\t\t\t\t<p>maikkimarjaniemi.fi<br>\n\t\t\t\t\tonline <\/p>\n\t\t\t\t<p><a href=\"tel:+358 40 0283941\">+358 40 0283941<\/a><\/p>\n\t\t\t\t<p><a href=\"mailto:info@maikkimarjaniemi.fi\">info@maikkimarjaniemi.fi<\/a><\/p>\n\n\t\t\t\t\t\t\t<\/div>\n\n\t\t\t<div class=\"wp-block-column\">\n\t\t\t\t<figure class=\"wp-block-image size-large\"><img loading=\"lazy\" decoding=\"async\" width=\"768\" height=\"432\" src=\"https:\/\/marketplace.epassi.fi\/maikki-marjaniemi\/wp-content\/uploads\/sites\/266\/2025\/09\/maikki2024_16.9-768x432.jpg\" class=\"attachment-medium_large size-medium_large\" alt=\"\" \/><\/figure>\n\t\t\t<\/div>\n\t\t<\/div>\n\t<\/div>\n\t\n","protected":false},"excerpt":{"rendered":"","protected":false},"author":2,"featured_media":0,"parent":0,"menu_order":0,"comment_status":"closed","ping_status":"closed","template":"","meta":{"_acf_changed":false,"_kad_post_transparent":"","_kad_post_title":"","_kad_post_layout":"","_kad_post_sidebar_id":"","_kad_post_content_style":"","_kad_post_vertical_padding":"","_kad_post_feature":"","_kad_post_feature_position":"","_kad_post_header":false,"_kad_post_footer":false,"_kad_post_classname":"","footnotes":""},"class_list":["post-22","page","type-page","status-publish","hentry"],"acf":[],"_links":{"self":[{"href":"https:\/\/marketplace.epassi.fi\/maikki-marjaniemi\/wp-json\/wp\/v2\/pages\/22","targetHints":{"allow":["GET"]}}],"collection":[{"href":"https:\/\/marketplace.epassi.fi\/maikki-marjaniemi\/wp-json\/wp\/v2\/pages"}],"about":[{"href":"https:\/\/marketplace.epassi.fi\/maikki-marjaniemi\/wp-json\/wp\/v2\/types\/page"}],"author":[{"embeddable":true,"href":"https:\/\/marketplace.epassi.fi\/maikki-marjaniemi\/wp-json\/wp\/v2\/users\/2"}],"replies":[{"embeddable":true,"href":"https:\/\/marketplace.epassi.fi\/maikki-marjaniemi\/wp-json\/wp\/v2\/comments?post=22"}],"version-history":[{"count":10,"href":"https:\/\/marketplace.epassi.fi\/maikki-marjaniemi\/wp-json\/wp\/v2\/pages\/22\/revisions"}],"predecessor-version":[{"id":264,"href":"https:\/\/marketplace.epassi.fi\/maikki-marjaniemi\/wp-json\/wp\/v2\/pages\/22\/revisions\/264"}],"wp:attachment":[{"href":"https:\/\/marketplace.epassi.fi\/maikki-marjaniemi\/wp-json\/wp\/v2\/media?parent=22"}],"curies":[{"name":"wp","href":"https:\/\/api.w.org\/{rel}","templated":true}]}}