{"id":1605,"date":"2024-06-25T12:14:06","date_gmt":"2024-06-25T09:14:06","guid":{"rendered":"https:\/\/marketplace.epassi.fi\/maikki-marjaniemi\/?post_type=product&#038;p=1605"},"modified":"2026-02-15T13:07:39","modified_gmt":"2026-02-15T11:07:39","slug":"kehonmuokkaus-kotipuntilla","status":"publish","type":"product","link":"https:\/\/marketplace.epassi.fi\/maikki-marjaniemi\/kauppa\/liikuntaedut\/liikunta-muut\/kehonmuokkaus-kotipuntilla\/","title":{"rendered":"Kehonmuokkaus kotipuntilla"},"content":{"rendered":"","protected":false},"excerpt":{"rendered":"<p>Treenaa kiinte\u00e4 keho kotona s\u00e4\u00e4dett\u00e4vien punttien avulla!<\/p>\n<p>Treenaa kuin kuntosalilla, mutta helposti ja ilman isoja laitteita.<\/p>\n<p>Kotitreeniohjelmaa seuraamalla muokkaat kehostasi vahvan ja kiinte\u00e4n.<\/p>\n<p>Saat tuloksia tekem\u00e4ll\u00e4 vain 2 tai 3 alle tunnin kest\u00e4v\u00e4\u00e4 treeni\u00e4 viikossa: lihakset vahvistuvat ja muokkaantuvat, ja kehosta tulee urheilullisen kiinte\u00e4.<\/p>\n<p>\ud83d\udc8e Rajaton k\u00e4ytt\u00f6oikeus<\/p>\n<p><strong>Tilaukseen sis\u00e4ltyy s\u00e4\u00e4dett\u00e4v\u00e4 20kg painosarja<\/strong><\/p>\n","protected":false},"featured_media":1870,"comment_status":"open","ping_status":"closed","template":"","meta":{"_acf_changed":false,"_kad_post_transparent":"default","_kad_post_title":"","_kad_post_layout":"default","_kad_post_sidebar_id":"","_kad_post_content_style":"default","_kad_post_vertical_padding":"default","_kad_post_feature":"","_kad_post_feature_position":"","_kad_post_header":false,"_kad_post_footer":false,"_kad_post_classname":""},"product_brand":[],"product_cat":[29,19,28],"product_tag":[],"class_list":{"0":"post-1605","1":"product","2":"type-product","3":"status-publish","4":"has-post-thumbnail","6":"product_cat-liikunta-muut","7":"product_cat-liikuntaedut","8":"product_cat-verkkotreenit","10":"first","11":"instock","12":"taxable","13":"shipping-taxable","14":"purchasable","15":"product-type-simple","16":"entry","17":"content-bg","18":"loop-entry"},"acf":[],"_links":{"self":[{"href":"https:\/\/marketplace.epassi.fi\/maikki-marjaniemi\/wp-json\/wp\/v2\/product\/1605","targetHints":{"allow":["GET"]}}],"collection":[{"href":"https:\/\/marketplace.epassi.fi\/maikki-marjaniemi\/wp-json\/wp\/v2\/product"}],"about":[{"href":"https:\/\/marketplace.epassi.fi\/maikki-marjaniemi\/wp-json\/wp\/v2\/types\/product"}],"replies":[{"embeddable":true,"href":"https:\/\/marketplace.epassi.fi\/maikki-marjaniemi\/wp-json\/wp\/v2\/comments?post=1605"}],"wp:featuredmedia":[{"embeddable":true,"href":"https:\/\/marketplace.epassi.fi\/maikki-marjaniemi\/wp-json\/wp\/v2\/media\/1870"}],"wp:attachment":[{"href":"https:\/\/marketplace.epassi.fi\/maikki-marjaniemi\/wp-json\/wp\/v2\/media?parent=1605"}],"wp:term":[{"taxonomy":"product_brand","embeddable":true,"href":"https:\/\/marketplace.epassi.fi\/maikki-marjaniemi\/wp-json\/wp\/v2\/product_brand?post=1605"},{"taxonomy":"product_cat","embeddable":true,"href":"https:\/\/marketplace.epassi.fi\/maikki-marjaniemi\/wp-json\/wp\/v2\/product_cat?post=1605"},{"taxonomy":"product_tag","embeddable":true,"href":"https:\/\/marketplace.epassi.fi\/maikki-marjaniemi\/wp-json\/wp\/v2\/product_tag?post=1605"}],"curies":[{"name":"wp","href":"https:\/\/api.w.org\/{rel}","templated":true}]}}