{"id":22,"date":"2021-09-13T17:45:59","date_gmt":"2021-09-13T17:45:59","guid":{"rendered":"https:\/\/marketplace.epassi.fi\/martela\/?page_id=22"},"modified":"2021-10-12T10:57:35","modified_gmt":"2021-10-12T10:57:35","slug":"info","status":"publish","type":"page","link":"https:\/\/marketplace.epassi.fi\/martela\/info\/","title":{"rendered":"Info"},"content":{"rendered":"\n\t<div class=\"entry-content single-content\">\n\n\t\t<div class=\"wp-block-columns\" style=\"gap:30px\">\n\t\t\t<div class=\"wp-block-column\">\n\t\t\t\t<h2>Tietoa Martela Outletista<\/h2>\n\t\t\t\t<p><p>Ergonominen et\u00e4ty\u00f6piste kotitoimistoon nyt my\u00f6s Epassilla!<\/p>\n<p>Voit helpottaa et\u00e4ty\u00f6skentely\u00e4 hankkimalla Martela Outletista laadukkaat kalusteet, jotka tukevat kotitoimiston ergonomiaa. Jos ty\u00f6nantajasi on aktivoinut ErgoSafe-lompakon k\u00e4ytt\u00f6\u00f6si, voit hy\u00f6dynt\u00e4\u00e4 sit\u00e4 nyt my\u00f6s Martela Outletissa ja lunastaa ergonomisen ty\u00f6pisteen kotiisi.<\/p>\n<\/p>\n\t\t\t\t<h3>Martela Outlet<\/h3>\n\t\t\t\t<p>Yl\u00e4st\u00f6ntie 11<br>\n\t\t\t\t\t01510 Vantaa<\/p>\n\t\t\t\t<p><a href=\"tel:010 345 7901\">010 345 7901<\/a><\/p>\n\t\t\t\t<p><a href=\"mailto:Outlet@martela.com\">Outlet@martela.com<\/a><\/p>\n\n\t\t\t\t<h2>Toimipisteet<\/h2><div class=\"info-page-location-list\"><div class=\"info-page-location\"><h3>Oulu<\/h3><p>Paljetie 5, 90150 Oulu<\/p><p><p><a href=\"https:\/\/www.google.com\/maps\/search\/?api=1&query=Google&query_place_id=ChIJyzjuDWgtgEYR7-TRVMweZkw\">Katso sijainti kartalla <span>&#8599;<\/span><\/a><\/p><\/p><p><\/p><\/div><div class=\"info-page-location\"><h3>Tampere<\/h3><p>Kuoppam\u00e4entie 3 A, 33800 Tampere<\/p><p><p><a href=\"https:\/\/www.google.com\/maps\/search\/?api=1&query=Google&query_place_id=ChIJl28VYEbfjkYRaruXSzrO_20\">Katso sijainti kartalla <span>&#8599;<\/span><\/a><\/p><\/p><p><\/p><\/div><div class=\"info-page-location\"><h3>Turku<\/h3><p>Lemmink\u00e4isenkatu 36, 20520 Turku<\/p><p><p><a href=\"https:\/\/www.google.com\/maps\/search\/?api=1&query=Google&query_place_id=ChIJb75doc1wjEYRG-EDRRF1_uI\">Katso sijainti kartalla <span>&#8599;<\/span><\/a><\/p><\/p><p><\/p><\/div><div class=\"info-page-location\"><h3>Vantaa<\/h3><p>Yl\u00e4st\u00f6ntie 11, 01510 Vantaa<\/p><p><p><a href=\"https:\/\/www.google.com\/maps\/search\/?api=1&query=Google&query_place_id=ChIJsVbArtsHkkYRKMNWJJVVpwY\">Katso sijainti kartalla <span>&#8599;<\/span><\/a><\/p><\/p><p><\/p><\/div><\/div>\t\t\t<\/div>\n\n\t\t\t<div class=\"wp-block-column\">\n\t\t\t\t<figure class=\"wp-block-image size-large\"><img loading=\"lazy\" decoding=\"async\" width=\"768\" height=\"1057\" src=\"https:\/\/marketplace.epassi.fi\/martela\/wp-content\/uploads\/sites\/74\/2021\/11\/Hybrid_work_06_Documents_jpg_1200_px-768x1057.jpg\" class=\"attachment-medium_large size-medium_large\" alt=\"\" \/><\/figure>\n\t\t\t<\/div>\n\t\t<\/div>\n\t<\/div>\n\t\n","protected":false},"excerpt":{"rendered":"","protected":false},"author":2,"featured_media":0,"parent":0,"menu_order":0,"comment_status":"closed","ping_status":"closed","template":"","meta":{"_acf_changed":false,"_kad_post_transparent":"","_kad_post_title":"","_kad_post_layout":"","_kad_post_sidebar_id":"","_kad_post_content_style":"","_kad_post_vertical_padding":"","_kad_post_feature":"","_kad_post_feature_position":"","_kad_post_header":false,"_kad_post_footer":false,"_kad_post_classname":"","footnotes":""},"class_list":["post-22","page","type-page","status-publish","hentry"],"acf":[],"_links":{"self":[{"href":"https:\/\/marketplace.epassi.fi\/martela\/wp-json\/wp\/v2\/pages\/22","targetHints":{"allow":["GET"]}}],"collection":[{"href":"https:\/\/marketplace.epassi.fi\/martela\/wp-json\/wp\/v2\/pages"}],"about":[{"href":"https:\/\/marketplace.epassi.fi\/martela\/wp-json\/wp\/v2\/types\/page"}],"author":[{"embeddable":true,"href":"https:\/\/marketplace.epassi.fi\/martela\/wp-json\/wp\/v2\/users\/2"}],"replies":[{"embeddable":true,"href":"https:\/\/marketplace.epassi.fi\/martela\/wp-json\/wp\/v2\/comments?post=22"}],"version-history":[{"count":10,"href":"https:\/\/marketplace.epassi.fi\/martela\/wp-json\/wp\/v2\/pages\/22\/revisions"}],"predecessor-version":[{"id":264,"href":"https:\/\/marketplace.epassi.fi\/martela\/wp-json\/wp\/v2\/pages\/22\/revisions\/264"}],"wp:attachment":[{"href":"https:\/\/marketplace.epassi.fi\/martela\/wp-json\/wp\/v2\/media?parent=22"}],"curies":[{"name":"wp","href":"https:\/\/api.w.org\/{rel}","templated":true}]}}