{"id":273,"date":"2021-10-16T11:12:03","date_gmt":"2021-10-16T08:12:03","guid":{"rendered":"https:\/\/marketplace.epassi.fi\/martela\/?post_type=product&#038;p=273"},"modified":"2024-09-01T00:03:51","modified_gmt":"2024-08-31T21:03:51","slug":"james-tyotuoli-ja-flex-sahkopoyta","status":"publish","type":"product","link":"https:\/\/marketplace.epassi.fi\/martela\/kauppa\/ergosafe\/etatyopisteet\/james-tyotuoli-ja-flex-sahkopoyta\/","title":{"rendered":"James ty\u00f6tuoli ja Flex s\u00e4hk\u00f6p\u00f6yt\u00e4 -paketti"},"content":{"rendered":"<p>James Mesh ty\u00f6tuoli ja Flex s\u00e4hk\u00f6p\u00f6yt\u00e4 et\u00e4ty\u00f6pistepaketti<\/p>\n<ul>\n<li>Ergonominen James Mesh ty\u00f6tuoli verkkoselk\u00e4nojalla n\u00e4ytt\u00e4\u00e4 kevyelt\u00e4, mutta tarjoaa sel\u00e4lle eritt\u00e4in hyv\u00e4n tuen. Istuimen ja selk\u00e4nojan korkeuden s\u00e4\u00e4t\u00f6. Keinu, k\u00e4sinojien korkeuden, kulman ja syvyyden sek\u00e4 leveyden s\u00e4\u00e4d\u00f6t.<\/li>\n<li>Kompakti Flex s\u00e4hk\u00f6p\u00f6yt\u00e4, kansi 100&#215;70 cm, 120&#215;80 cm tai 140&#215;80 cm, valkoinen Mell1, jalusta valkoinen, s\u00e4\u00e4t\u00f6v\u00e4li 70-120 cm.<\/li>\n<li>Optio: Toimitus + 77 eur (alv 24%)<\/li>\n<li>Optio: Toimitus ja asennus + 102 eur (alv 24%)<\/li>\n<\/ul>\n","protected":false},"excerpt":{"rendered":"<p>Ty\u00f6tuoli ja s\u00e4hk\u00f6p\u00f6yt\u00e4 et\u00e4ty\u00f6pistepaketti<\/p>\n","protected":false},"featured_media":308,"comment_status":"open","ping_status":"closed","template":"","meta":{"_acf_changed":false,"_kad_post_transparent":"default","_kad_post_title":"","_kad_post_layout":"default","_kad_post_sidebar_id":"","_kad_post_content_style":"default","_kad_post_vertical_padding":"default","_kad_post_feature":"","_kad_post_feature_position":"","_kad_post_header":false,"_kad_post_footer":false,"_kad_post_classname":""},"product_brand":[],"product_cat":[22,34],"product_tag":[],"class_list":{"0":"post-273","1":"product","2":"type-product","3":"status-publish","4":"has-post-thumbnail","6":"product_cat-ergosafe","7":"product_cat-etatyopisteet","9":"first","10":"instock","11":"taxable","12":"shipping-taxable","13":"purchasable","14":"product-type-variable","15":"entry","16":"content-bg","17":"loop-entry"},"acf":[],"_links":{"self":[{"href":"https:\/\/marketplace.epassi.fi\/martela\/wp-json\/wp\/v2\/product\/273","targetHints":{"allow":["GET"]}}],"collection":[{"href":"https:\/\/marketplace.epassi.fi\/martela\/wp-json\/wp\/v2\/product"}],"about":[{"href":"https:\/\/marketplace.epassi.fi\/martela\/wp-json\/wp\/v2\/types\/product"}],"replies":[{"embeddable":true,"href":"https:\/\/marketplace.epassi.fi\/martela\/wp-json\/wp\/v2\/comments?post=273"}],"wp:featuredmedia":[{"embeddable":true,"href":"https:\/\/marketplace.epassi.fi\/martela\/wp-json\/wp\/v2\/media\/308"}],"wp:attachment":[{"href":"https:\/\/marketplace.epassi.fi\/martela\/wp-json\/wp\/v2\/media?parent=273"}],"wp:term":[{"taxonomy":"product_brand","embeddable":true,"href":"https:\/\/marketplace.epassi.fi\/martela\/wp-json\/wp\/v2\/product_brand?post=273"},{"taxonomy":"product_cat","embeddable":true,"href":"https:\/\/marketplace.epassi.fi\/martela\/wp-json\/wp\/v2\/product_cat?post=273"},{"taxonomy":"product_tag","embeddable":true,"href":"https:\/\/marketplace.epassi.fi\/martela\/wp-json\/wp\/v2\/product_tag?post=273"}],"curies":[{"name":"wp","href":"https:\/\/api.w.org\/{rel}","templated":true}]}}