{"id":274,"date":"2021-10-16T11:14:50","date_gmt":"2021-10-16T08:14:50","guid":{"rendered":"https:\/\/marketplace.epassi.fi\/martela\/?post_type=product&#038;p=274"},"modified":"2024-09-01T00:03:51","modified_gmt":"2024-08-31T21:03:51","slug":"flex","status":"publish","type":"product","link":"https:\/\/marketplace.epassi.fi\/martela\/kauppa\/ergosafe\/etatyopisteet\/flex\/","title":{"rendered":"Flex s\u00e4hk\u00f6p\u00f6yt\u00e4"},"content":{"rendered":"<ul>\n<li>Kompakti Flex s\u00e4hk\u00f6p\u00f6yt\u00e4, kansi 100&#215;70 cm, 120&#215;80 cm tai 140&#215;80 cm, valkoinen Mell1, jalusta valkoinen, s\u00e4\u00e4t\u00f6v\u00e4li 70-120 cm.<\/li>\n<li>Optio: Toimitus + 77 eur (alv 24%)<\/li>\n<li>Optio: Toimitus ja asennus + 124 eur (alv 24%)<\/li>\n<\/ul>\n","protected":false},"excerpt":{"rendered":"<p><strong>Martelan ergonominen s\u00e4hk\u00f6p\u00f6yt\u00e4<\/strong><\/p>\n","protected":false},"featured_media":327,"comment_status":"open","ping_status":"closed","template":"","meta":{"_acf_changed":false,"_kad_post_transparent":"default","_kad_post_title":"","_kad_post_layout":"default","_kad_post_sidebar_id":"","_kad_post_content_style":"default","_kad_post_vertical_padding":"default","_kad_post_feature":"","_kad_post_feature_position":"","_kad_post_header":false,"_kad_post_footer":false,"_kad_post_classname":""},"product_brand":[],"product_cat":[22,34],"product_tag":[],"class_list":{"0":"post-274","1":"product","2":"type-product","3":"status-publish","4":"has-post-thumbnail","6":"product_cat-ergosafe","7":"product_cat-etatyopisteet","9":"first","10":"instock","11":"taxable","12":"shipping-taxable","13":"purchasable","14":"product-type-variable","15":"entry","16":"content-bg","17":"loop-entry"},"acf":[],"_links":{"self":[{"href":"https:\/\/marketplace.epassi.fi\/martela\/wp-json\/wp\/v2\/product\/274","targetHints":{"allow":["GET"]}}],"collection":[{"href":"https:\/\/marketplace.epassi.fi\/martela\/wp-json\/wp\/v2\/product"}],"about":[{"href":"https:\/\/marketplace.epassi.fi\/martela\/wp-json\/wp\/v2\/types\/product"}],"replies":[{"embeddable":true,"href":"https:\/\/marketplace.epassi.fi\/martela\/wp-json\/wp\/v2\/comments?post=274"}],"wp:featuredmedia":[{"embeddable":true,"href":"https:\/\/marketplace.epassi.fi\/martela\/wp-json\/wp\/v2\/media\/327"}],"wp:attachment":[{"href":"https:\/\/marketplace.epassi.fi\/martela\/wp-json\/wp\/v2\/media?parent=274"}],"wp:term":[{"taxonomy":"product_brand","embeddable":true,"href":"https:\/\/marketplace.epassi.fi\/martela\/wp-json\/wp\/v2\/product_brand?post=274"},{"taxonomy":"product_cat","embeddable":true,"href":"https:\/\/marketplace.epassi.fi\/martela\/wp-json\/wp\/v2\/product_cat?post=274"},{"taxonomy":"product_tag","embeddable":true,"href":"https:\/\/marketplace.epassi.fi\/martela\/wp-json\/wp\/v2\/product_tag?post=274"}],"curies":[{"name":"wp","href":"https:\/\/api.w.org\/{rel}","templated":true}]}}