{"id":290,"date":"2021-10-20T17:09:46","date_gmt":"2021-10-20T14:09:46","guid":{"rendered":"https:\/\/marketplace.epassi.fi\/martela\/?post_type=product&#038;p=290"},"modified":"2024-09-01T00:03:51","modified_gmt":"2024-08-31T21:03:51","slug":"james-mesh","status":"publish","type":"product","link":"https:\/\/marketplace.epassi.fi\/martela\/kauppa\/ergosafe\/etatyopisteet\/james-mesh\/","title":{"rendered":"James Mesh ty\u00f6tuoli"},"content":{"rendered":"<ul>\n<li>Ergonominen James Mesh ty\u00f6tuoli verkkoselk\u00e4nojalla n\u00e4ytt\u00e4\u00e4 kevyelt\u00e4, mutta tarjoaa sel\u00e4lle eritt\u00e4in hyv\u00e4n tuen. Istuimen ja selk\u00e4nojan korkeuden s\u00e4\u00e4t\u00f6. Keinu, k\u00e4sinojien korkeuden, kulman ja syvyyden sek\u00e4 leveyden s\u00e4\u00e4d\u00f6t. Design by Iiro Viljanen, Martela.<\/li>\n<li>Optio: Toimitus + 77 eur (alv 24%)<\/li>\n<\/ul>\n","protected":false},"excerpt":{"rendered":"<p><strong>James Mesh &#8211; Ty\u00f6tuoli verkkosel\u00e4ll\u00e4<\/strong><\/p>\n","protected":false},"featured_media":320,"comment_status":"open","ping_status":"closed","template":"","meta":{"_acf_changed":false,"_kad_post_transparent":"default","_kad_post_title":"","_kad_post_layout":"default","_kad_post_sidebar_id":"","_kad_post_content_style":"default","_kad_post_vertical_padding":"default","_kad_post_feature":"","_kad_post_feature_position":"","_kad_post_header":false,"_kad_post_footer":false,"_kad_post_classname":""},"product_brand":[],"product_cat":[22,34],"product_tag":[],"class_list":{"0":"post-290","1":"product","2":"type-product","3":"status-publish","4":"has-post-thumbnail","6":"product_cat-ergosafe","7":"product_cat-etatyopisteet","9":"first","10":"instock","11":"taxable","12":"shipping-taxable","13":"purchasable","14":"product-type-variable","15":"entry","16":"content-bg","17":"loop-entry"},"acf":[],"_links":{"self":[{"href":"https:\/\/marketplace.epassi.fi\/martela\/wp-json\/wp\/v2\/product\/290","targetHints":{"allow":["GET"]}}],"collection":[{"href":"https:\/\/marketplace.epassi.fi\/martela\/wp-json\/wp\/v2\/product"}],"about":[{"href":"https:\/\/marketplace.epassi.fi\/martela\/wp-json\/wp\/v2\/types\/product"}],"replies":[{"embeddable":true,"href":"https:\/\/marketplace.epassi.fi\/martela\/wp-json\/wp\/v2\/comments?post=290"}],"wp:featuredmedia":[{"embeddable":true,"href":"https:\/\/marketplace.epassi.fi\/martela\/wp-json\/wp\/v2\/media\/320"}],"wp:attachment":[{"href":"https:\/\/marketplace.epassi.fi\/martela\/wp-json\/wp\/v2\/media?parent=290"}],"wp:term":[{"taxonomy":"product_brand","embeddable":true,"href":"https:\/\/marketplace.epassi.fi\/martela\/wp-json\/wp\/v2\/product_brand?post=290"},{"taxonomy":"product_cat","embeddable":true,"href":"https:\/\/marketplace.epassi.fi\/martela\/wp-json\/wp\/v2\/product_cat?post=290"},{"taxonomy":"product_tag","embeddable":true,"href":"https:\/\/marketplace.epassi.fi\/martela\/wp-json\/wp\/v2\/product_tag?post=290"}],"curies":[{"name":"wp","href":"https:\/\/api.w.org\/{rel}","templated":true}]}}