{"id":528,"date":"2022-10-28T13:27:58","date_gmt":"2022-10-28T10:27:58","guid":{"rendered":"https:\/\/marketplace.epassi.fi\/martela\/?post_type=product&#038;p=528"},"modified":"2024-09-01T00:03:50","modified_gmt":"2024-08-31T21:03:50","slug":"bobby-poyta-kaasujousella","status":"publish","type":"product","link":"https:\/\/marketplace.epassi.fi\/martela\/kauppa\/ergosafe\/etatyopisteet\/bobby-poyta-kaasujousella\/","title":{"rendered":"Bobby-p\u00f6yt\u00e4 kaasujousella"},"content":{"rendered":"<ul>\n<li>Kompakti Bobby korkeuss\u00e4\u00e4dett\u00e4v\u00e4 p\u00f6yt\u00e4 100\u00d760 tai 80&#215;60 cm viistoreunalla ja py\u00f6ristetyill\u00e4 kulmilla, korkeuss\u00e4\u00e4t\u00f6 67-111 cm<\/li>\n<li>Optio: Toimitus +<\/li>\n<li>Optio: Toimitus ja asennus +<\/li>\n<\/ul>\n<p>&nbsp;<\/p>\n","protected":false},"excerpt":{"rendered":"<p><strong>Martelan ergonominen s\u00e4hk\u00f6p\u00f6yt\u00e4<\/strong><\/p>\n<p>Kompakti Bobby korkeuss\u00e4\u00e4dett\u00e4v\u00e4 p\u00f6yt\u00e4 100\u00d760 tai 80&#215;60 cm viistoreunalla ja py\u00f6ristetyill\u00e4 kulmilla, korkeuss\u00e4\u00e4t\u00f6 67-111 cm, kansi valkoinen laminaatti L1, jalusta valkoinen MP11, muovinastat.<\/p>\n<p>&nbsp;<\/p>\n","protected":false},"featured_media":527,"comment_status":"open","ping_status":"closed","template":"","meta":{"_acf_changed":false,"_kad_post_transparent":"default","_kad_post_title":"","_kad_post_layout":"default","_kad_post_sidebar_id":"","_kad_post_content_style":"default","_kad_post_vertical_padding":"default","_kad_post_feature":"","_kad_post_feature_position":"","_kad_post_header":false,"_kad_post_footer":false,"_kad_post_classname":""},"product_brand":[],"product_cat":[22,34],"product_tag":[],"class_list":{"0":"post-528","1":"product","2":"type-product","3":"status-publish","4":"has-post-thumbnail","6":"product_cat-ergosafe","7":"product_cat-etatyopisteet","9":"first","10":"instock","11":"taxable","12":"shipping-taxable","13":"purchasable","14":"product-type-variable","15":"entry","16":"content-bg","17":"loop-entry"},"acf":[],"_links":{"self":[{"href":"https:\/\/marketplace.epassi.fi\/martela\/wp-json\/wp\/v2\/product\/528","targetHints":{"allow":["GET"]}}],"collection":[{"href":"https:\/\/marketplace.epassi.fi\/martela\/wp-json\/wp\/v2\/product"}],"about":[{"href":"https:\/\/marketplace.epassi.fi\/martela\/wp-json\/wp\/v2\/types\/product"}],"replies":[{"embeddable":true,"href":"https:\/\/marketplace.epassi.fi\/martela\/wp-json\/wp\/v2\/comments?post=528"}],"wp:featuredmedia":[{"embeddable":true,"href":"https:\/\/marketplace.epassi.fi\/martela\/wp-json\/wp\/v2\/media\/527"}],"wp:attachment":[{"href":"https:\/\/marketplace.epassi.fi\/martela\/wp-json\/wp\/v2\/media?parent=528"}],"wp:term":[{"taxonomy":"product_brand","embeddable":true,"href":"https:\/\/marketplace.epassi.fi\/martela\/wp-json\/wp\/v2\/product_brand?post=528"},{"taxonomy":"product_cat","embeddable":true,"href":"https:\/\/marketplace.epassi.fi\/martela\/wp-json\/wp\/v2\/product_cat?post=528"},{"taxonomy":"product_tag","embeddable":true,"href":"https:\/\/marketplace.epassi.fi\/martela\/wp-json\/wp\/v2\/product_tag?post=528"}],"curies":[{"name":"wp","href":"https:\/\/api.w.org\/{rel}","templated":true}]}}