{"id":67,"date":"2021-09-13T18:36:17","date_gmt":"2021-09-13T15:36:17","guid":{"rendered":"https:\/\/marketplace.epassi.fi\/martela\/?post_type=product&#038;p=67"},"modified":"2024-09-01T00:03:51","modified_gmt":"2024-08-31T21:03:51","slug":"aktiivijakkara-ja-sahkopoyta","status":"publish","type":"product","link":"https:\/\/marketplace.epassi.fi\/martela\/kauppa\/ergosafe\/etatyopisteet\/aktiivijakkara-ja-sahkopoyta\/","title":{"rendered":"Bobby-p\u00f6yt\u00e4 kaasujousella &#038; Ziggy aktiivijakkara -paketti"},"content":{"rendered":"<p><b>Bobby-p\u00f6yt\u00e4 kaasujousella &amp; Ziggy aktiivijakkara -paketti <\/b><\/p>\n<ul>\n<li>Ziggy aktiivijakkara on kompakti aktiivituoli, jonka pieni liike aktivoi k\u00e4ytt\u00e4j\u00e4ns\u00e4 keskivartaloa istumaty\u00f6skentelyn aikana. Ziggy toimii sek\u00e4 yksil\u00f6ty\u00f6pisteiss\u00e4 ett\u00e4 seisomakorkuisten tai korkeuss\u00e4\u00e4dett\u00e4vien p\u00f6ytien kanssa.<\/li>\n<li>Kompakti Bobby korkeuss\u00e4\u00e4dett\u00e4v\u00e4 p\u00f6yt\u00e4 100\u00d760 tai 80&#215;60 cm viistoreunalla ja py\u00f6ristetyill\u00e4 kulmilla, korkeuss\u00e4\u00e4t\u00f6 67-111 cm, kansi valkoinen laminaatti L1, jalusta valkoinen MP11, muovinastat.<\/li>\n<li>Optio: Toimitus &amp; asennus +102 eur (alv 24%)<\/li>\n<\/ul>\n","protected":false},"excerpt":{"rendered":"<p>Aktiivijakkara ja s\u00e4hk\u00f6p\u00f6yt\u00e4 et\u00e4ty\u00f6pistepaketti<\/p>\n","protected":false},"featured_media":540,"comment_status":"open","ping_status":"closed","template":"","meta":{"_acf_changed":false,"_kad_post_transparent":"default","_kad_post_title":"","_kad_post_layout":"default","_kad_post_sidebar_id":"","_kad_post_content_style":"default","_kad_post_vertical_padding":"default","_kad_post_feature":"","_kad_post_feature_position":"","_kad_post_header":false,"_kad_post_footer":false,"_kad_post_classname":""},"product_brand":[],"product_cat":[22,34],"product_tag":[],"class_list":{"0":"post-67","1":"product","2":"type-product","3":"status-publish","4":"has-post-thumbnail","6":"product_cat-ergosafe","7":"product_cat-etatyopisteet","9":"first","10":"instock","11":"taxable","12":"shipping-taxable","13":"purchasable","14":"product-type-variable","15":"entry","16":"content-bg","17":"loop-entry"},"acf":[],"_links":{"self":[{"href":"https:\/\/marketplace.epassi.fi\/martela\/wp-json\/wp\/v2\/product\/67","targetHints":{"allow":["GET"]}}],"collection":[{"href":"https:\/\/marketplace.epassi.fi\/martela\/wp-json\/wp\/v2\/product"}],"about":[{"href":"https:\/\/marketplace.epassi.fi\/martela\/wp-json\/wp\/v2\/types\/product"}],"replies":[{"embeddable":true,"href":"https:\/\/marketplace.epassi.fi\/martela\/wp-json\/wp\/v2\/comments?post=67"}],"wp:featuredmedia":[{"embeddable":true,"href":"https:\/\/marketplace.epassi.fi\/martela\/wp-json\/wp\/v2\/media\/540"}],"wp:attachment":[{"href":"https:\/\/marketplace.epassi.fi\/martela\/wp-json\/wp\/v2\/media?parent=67"}],"wp:term":[{"taxonomy":"product_brand","embeddable":true,"href":"https:\/\/marketplace.epassi.fi\/martela\/wp-json\/wp\/v2\/product_brand?post=67"},{"taxonomy":"product_cat","embeddable":true,"href":"https:\/\/marketplace.epassi.fi\/martela\/wp-json\/wp\/v2\/product_cat?post=67"},{"taxonomy":"product_tag","embeddable":true,"href":"https:\/\/marketplace.epassi.fi\/martela\/wp-json\/wp\/v2\/product_tag?post=67"}],"curies":[{"name":"wp","href":"https:\/\/api.w.org\/{rel}","templated":true}]}}