{"id":553,"date":"2025-10-30T14:29:57","date_gmt":"2025-10-30T12:29:57","guid":{"rendered":"https:\/\/marketplace.epassi.fi\/modern-movement-clinic\/?post_type=product&#038;p=553"},"modified":"2026-01-01T15:23:45","modified_gmt":"2026-01-01T13:23:45","slug":"modern-movement-clinic-arvokortti-hieronta","status":"publish","type":"product","link":"https:\/\/marketplace.epassi.fi\/modern-movement-clinic\/kauppa\/hyvinvointi\/fysioterapia\/modern-movement-clinic-arvokortti-hieronta\/","title":{"rendered":"Modern Movement Clinic arvokortti (hieronta ja terveysetu)"},"content":{"rendered":"<p><strong>Modern Movement Clinic arvokortti<\/strong><\/p>\n<p>Voit k\u00e4ytt\u00e4\u00e4 epassi hieronta- tai terveysetusi osittain tai kokonaan meid\u00e4n palveluihimme, joihin kuuluu esimerkiksi:<\/p>\n<ul>\n<li><strong>Hieronta<\/strong><\/li>\n<\/ul>\n<p>30min 40\u20ac | 45min 52\u20ac | 60min 62\u20ac | 75min 72\u20ac | 90min 82\u20ac | 120min 102\u20ac<\/p>\n<p><strong>Fysioterapia | Osteopatia | Naprapatia\u00a0<\/strong><\/p>\n<ul>\n<li>60 &#8211; 120\u20ac<\/li>\n<\/ul>\n<p>Kaikki tekij\u00e4mme ovat terveydenalan ammattilaisia.<\/p>\n","protected":false},"excerpt":{"rendered":"<p>Valitse sopiva summa valikosta, jonka haluat k\u00e4ytt\u00e4\u00e4 lahjakorttiin epassin hieronta tai terveysedustasi. Osto voimassa 6kk ostohetkest\u00e4. &gt;200\u20ac on saldo voimassa automaattisesti 12kk.<\/p>\n<p>Meill\u00e4 teit\u00e4 palvelevat koulutetut hierojat, fysioterapeutit, osteopaatit sek\u00e4 naprapaatit.<\/p>\n","protected":false},"featured_media":334,"comment_status":"open","ping_status":"closed","template":"","meta":{"_acf_changed":false,"_kad_post_transparent":"default","_kad_post_title":"","_kad_post_layout":"default","_kad_post_sidebar_id":"","_kad_post_content_style":"default","_kad_post_vertical_padding":"default","_kad_post_feature":"","_kad_post_feature_position":"","_kad_post_header":false,"_kad_post_footer":false,"_kad_post_classname":""},"product_brand":[],"product_cat":[32,31,21],"product_tag":[],"class_list":{"0":"post-553","1":"product","2":"type-product","3":"status-publish","4":"has-post-thumbnail","6":"product_cat-fysioterapia","7":"product_cat-hieronta","8":"product_cat-hyvinvointi","10":"first","11":"instock","12":"taxable","13":"shipping-taxable","14":"purchasable","15":"product-type-variable","16":"entry","17":"content-bg","18":"loop-entry"},"acf":[],"_links":{"self":[{"href":"https:\/\/marketplace.epassi.fi\/modern-movement-clinic\/wp-json\/wp\/v2\/product\/553","targetHints":{"allow":["GET"]}}],"collection":[{"href":"https:\/\/marketplace.epassi.fi\/modern-movement-clinic\/wp-json\/wp\/v2\/product"}],"about":[{"href":"https:\/\/marketplace.epassi.fi\/modern-movement-clinic\/wp-json\/wp\/v2\/types\/product"}],"replies":[{"embeddable":true,"href":"https:\/\/marketplace.epassi.fi\/modern-movement-clinic\/wp-json\/wp\/v2\/comments?post=553"}],"wp:featuredmedia":[{"embeddable":true,"href":"https:\/\/marketplace.epassi.fi\/modern-movement-clinic\/wp-json\/wp\/v2\/media\/334"}],"wp:attachment":[{"href":"https:\/\/marketplace.epassi.fi\/modern-movement-clinic\/wp-json\/wp\/v2\/media?parent=553"}],"wp:term":[{"taxonomy":"product_brand","embeddable":true,"href":"https:\/\/marketplace.epassi.fi\/modern-movement-clinic\/wp-json\/wp\/v2\/product_brand?post=553"},{"taxonomy":"product_cat","embeddable":true,"href":"https:\/\/marketplace.epassi.fi\/modern-movement-clinic\/wp-json\/wp\/v2\/product_cat?post=553"},{"taxonomy":"product_tag","embeddable":true,"href":"https:\/\/marketplace.epassi.fi\/modern-movement-clinic\/wp-json\/wp\/v2\/product_tag?post=553"}],"curies":[{"name":"wp","href":"https:\/\/api.w.org\/{rel}","templated":true}]}}