{"id":22,"date":"2021-09-13T17:45:59","date_gmt":"2021-09-13T17:45:59","guid":{"rendered":"https:\/\/marketplace.epassi.fi\/motivoiva-guru\/?page_id=22"},"modified":"2021-10-12T10:57:35","modified_gmt":"2021-10-12T10:57:35","slug":"info","status":"publish","type":"page","link":"https:\/\/marketplace.epassi.fi\/motivoiva-guru\/info\/","title":{"rendered":"Info"},"content":{"rendered":"\n\t<div class=\"entry-content single-content\">\n\n\t\t<div class=\"wp-block-columns\" style=\"gap:30px\">\n\t\t\t<div class=\"wp-block-column\">\n\t\t\t\t<h2>Oivalla, kehity ja onnistu \u2013 Guru tukenasi !<\/h2>\n\t\t\t\t<p><p>Moi! Olen Riku Hirvasniemi, Motivoiva Guru -yrityksen perustaja. Yritykseni on perustettu tukemaan kaikenik\u00e4isten ja -tasoisten ihmisten liikunnallista hyvinvointia. Olen opiskellut liikuntaneuvojaksi Suomen Urheiluopistolla sek\u00e4 ammattivalmentajaksi Liikuntakeskus Pajulahdessa. Omaa taustaa voimaharjoittelusta sek\u00e4 monipuolisesta urheilusta minulla on kertynyt jo vuodesta 2004 asti. Teen valmennusty\u00f6t\u00e4 p\u00e4ivitt\u00e4in niin urheilijoiden kuin kuntoilijoidenkin parissa.<\/p>\n<p>Motivoiva Guru haluaa tavoittaa kuntoilijat matalalla kynnyksell\u00e4 ja valmentaa ihmisi\u00e4 aina aloittelijoista huippu-urheilijoihin asti. Tarjoan kaikille kehitt\u00e4vi\u00e4, liikunnallisia ja iloisia urheilukokemuksia. Valmentajana teht\u00e4v\u00e4ni on auttaa ja ohjata sinua saavuttamaan omat tavoitteesi sek\u00e4 l\u00f6yt\u00e4m\u00e4\u00e4n omat vahvuutesi.<\/p>\n<p>Valmennukset on kehitetty vankan kokemuksen ja teorian pohjalta vastaamaan nykyp\u00e4iv\u00e4n tarpeita. Voit aloittaa harjoittelun juuri silloin, kun se sinulle parhaiten sopii. Tarjolla on inspiroivaa valmennusta ammattilaisen avustuksella useaan eri el\u00e4m\u00e4ntilanteeseen, olipa paikkana koti tai kuntosali. Saat ohjelmat omaksesi \u2013 laadukkaat sis\u00e4ll\u00f6t, selke\u00e4t ohjeet ja liikevideot takaavat onnistumisesi.<\/p>\n<\/p>\n\t\t\t\t<h3> Motivoiva Guru<\/h3>\n\t\t\t\t<p>Puujalantie 6<br>\n\t\t\t\t\t90800 Oulu<\/p>\n\t\t\t\t<p><a href=\"tel:040-5096559\">040-5096559<\/a><\/p>\n\t\t\t\t<p><a href=\"mailto:Hirvasniemi.riku@gmail.com\">Hirvasniemi.riku@gmail.com<\/a><\/p>\n\n\t\t\t\t\t\t\t<\/div>\n\n\t\t\t<div class=\"wp-block-column\">\n\t\t\t\t<figure class=\"wp-block-image size-large\"><img loading=\"lazy\" decoding=\"async\" width=\"768\" height=\"819\" src=\"https:\/\/marketplace.epassi.fi\/motivoiva-guru\/wp-content\/uploads\/sites\/441\/2025\/11\/IMG_2990-2-768x819.jpg\" class=\"attachment-medium_large size-medium_large\" alt=\"\" \/><\/figure>\n\t\t\t<\/div>\n\t\t<\/div>\n\t<\/div>\n\t\n","protected":false},"excerpt":{"rendered":"","protected":false},"author":2,"featured_media":0,"parent":0,"menu_order":0,"comment_status":"closed","ping_status":"closed","template":"","meta":{"_acf_changed":false,"_kad_post_transparent":"","_kad_post_title":"","_kad_post_layout":"","_kad_post_sidebar_id":"","_kad_post_content_style":"","_kad_post_vertical_padding":"","_kad_post_feature":"","_kad_post_feature_position":"","_kad_post_header":false,"_kad_post_footer":false,"_kad_post_classname":"","footnotes":""},"class_list":["post-22","page","type-page","status-publish","hentry"],"acf":[],"_links":{"self":[{"href":"https:\/\/marketplace.epassi.fi\/motivoiva-guru\/wp-json\/wp\/v2\/pages\/22","targetHints":{"allow":["GET"]}}],"collection":[{"href":"https:\/\/marketplace.epassi.fi\/motivoiva-guru\/wp-json\/wp\/v2\/pages"}],"about":[{"href":"https:\/\/marketplace.epassi.fi\/motivoiva-guru\/wp-json\/wp\/v2\/types\/page"}],"author":[{"embeddable":true,"href":"https:\/\/marketplace.epassi.fi\/motivoiva-guru\/wp-json\/wp\/v2\/users\/2"}],"replies":[{"embeddable":true,"href":"https:\/\/marketplace.epassi.fi\/motivoiva-guru\/wp-json\/wp\/v2\/comments?post=22"}],"version-history":[{"count":10,"href":"https:\/\/marketplace.epassi.fi\/motivoiva-guru\/wp-json\/wp\/v2\/pages\/22\/revisions"}],"predecessor-version":[{"id":264,"href":"https:\/\/marketplace.epassi.fi\/motivoiva-guru\/wp-json\/wp\/v2\/pages\/22\/revisions\/264"}],"wp:attachment":[{"href":"https:\/\/marketplace.epassi.fi\/motivoiva-guru\/wp-json\/wp\/v2\/media?parent=22"}],"curies":[{"name":"wp","href":"https:\/\/api.w.org\/{rel}","templated":true}]}}