{"id":355,"date":"2025-11-26T14:41:00","date_gmt":"2025-11-26T12:41:00","guid":{"rendered":"https:\/\/marketplace.epassi.fi\/motivoiva-guru\/?post_type=product&#038;p=355"},"modified":"2026-03-31T22:02:02","modified_gmt":"2026-03-31T19:02:02","slug":"karista-kilot-vartalostasi-harjoituspaketti","status":"publish","type":"product","link":"https:\/\/marketplace.epassi.fi\/motivoiva-guru\/kauppa\/liikuntaedut\/verkkotreenit\/karista-kilot-vartalostasi-harjoituspaketti\/","title":{"rendered":"Karista kilot vartalostasi -harjoituspaketti"},"content":{"rendered":"<p><strong>Maksimoi rasvanpoltto ja kest\u00e4vyys \u2013 HIIT-treenit ja ruokavalio samassa paketissa.<\/strong> Hae tehoa harjoitteluun nousujohteisilla HIIT-treeneill\u00e4, jotka nostavat sykett\u00e4 ja parantavat kest\u00e4vyytt\u00e4 \u2013 ilman kuntosalia! HIIT-harjoittelun ansiosta rasvanpoltto kiihtyy ja jatkuu tehokkaana useita tunteja treenin j\u00e4lkeen. T\u00e4m\u00e4 kokonaisvaltainen paketti sis\u00e4lt\u00e4\u00e4 selke\u00e4n harjoitusohjelman ja ruokavalion, jotka auttavat sinua hallitsemaan painoasi ja kehittym\u00e4\u00e4n jokaisessa treeniss\u00e4.<\/p>\n<p><strong class=\"Yjhzub\" data-complete=\"true\" data-processed=\"true\">\u2705 Tehokas harjoittelu ilman ylikuormitusta<\/strong> perustuu selkeisiin viikkorytmitysesimerkkeihin, joiden avulla treenisi pysyy nousujohteisena ja turvallisena. N\u00e4in v\u00e4lt\u00e4t liiallisen kuormituksen ja ylikuormitustilan, varmistaen samalla, ett\u00e4 jokainen harjoituskerta on mahdollisimman kehitt\u00e4v\u00e4 ja tehokas.<\/p>\n<p><strong class=\"Yjhzub\" data-complete=\"true\" data-processed=\"true\">\u2705 Sopii kaikille \u2013 treenaa miss\u00e4 ja milloin vain!<\/strong> T\u00e4m\u00e4 harjoitusohjelma soveltuu erinomaisesti niin aloittelijoille kuin kokeneemmillekin liikkujille, ja voit harjoitella oman kuntotasosi mukaan 2\u20134 kertaa viikossa pelk\u00e4ll\u00e4 kehonpainolla. Mukaansatempaavat liikkeet, selke\u00e4t ohjeet ja laadukkaat liikevideot tekev\u00e4t harjoittelusta nautinnollista sek\u00e4 helppoa toteuttaa miss\u00e4 tahansa.<\/p>\n<p><strong class=\"Yjhzub\" data-complete=\"true\" data-processed=\"true\">\u2705 Ruokavalio (arvo 29 \u20ac)<\/strong> on kattava kokonaisuus, joka tukee tehokkaasti rasvanpolttoa ja painonhallintaa. Ohjelma tarjoaa monipuolisia vaihtoehtoja, joiden avulla l\u00f6yd\u00e4t helposti toimivan rytmin arjen keskell\u00e4. Opit ymm\u00e4rt\u00e4m\u00e4\u00e4n terveellisen ravitsemuksen peruspilarit ja saat konkreettista tukea ruokailutottumustesi pysyv\u00e4\u00e4n kehitt\u00e4miseen. Huomioithan, ett\u00e4 ruokavalio on yleisluontoinen eik\u00e4 huomioi erikseen yksitt\u00e4isi\u00e4 ruoka-aineallergioita.<\/p>\n<p><strong class=\"Yjhzub\" data-complete=\"true\" data-processed=\"true\">\u2705 <\/strong><strong class=\"Yjhzub\" data-complete=\"true\" data-processed=\"true\">BONUS: Terveellinen ruokaopas<\/strong> tulee harjoituspaketin mukana ja tarjoaa sinulle arvokasta tietoa puhtaista ruoka-aineista sek\u00e4 auttaa rakentamaan hyvinvoivaa arkea. Kun opit sy\u00f6m\u00e4\u00e4n terveellisesti, jaksat huomattavasti paremmin ja harjoittelun tulokset n\u00e4kyv\u00e4t nopeammin!<\/p>\n<p><strong>( Asiakaspalaute )\u00a0<\/strong><\/p>\n<p><strong class=\"Yjhzub\" data-sfc-cb=\"\" data-complete=\"true\">Arvosana \/ \u2b50\u2b50\u2b50\u2b50\u2b50<\/strong><\/p>\n<p>Treenit saa tehty\u00e4 tosi nopeasti kotona ja syke nousee kunnolla, vaikka liikkeet tehd\u00e4\u00e4n pelk\u00e4ll\u00e4 kehonpainolla. Videot ovat selkeit\u00e4, joten tekniikat oppii helposti. Ruokavalio ja bonus-opas antavat hyv\u00e4n rungon sy\u00f6miseen, ja viikkorytmitys on pidetty j\u00e4rkev\u00e4n\u00e4, ettei tule vedetty\u00e4 heti jumiin. Sopii hyvin kiireiseen arkeen, kun ei ehdi salille. &#8211; Noora<\/p>\n<p>&nbsp;<\/p>\n<p>&nbsp;<\/p>\n","protected":false},"excerpt":{"rendered":"<div class=\"otQkpb\" role=\"heading\" data-animation-nesting=\"\" data-sfc-cp=\"\" data-complete=\"true\" data-processed=\"true\" data-sae=\"\"><strong class=\"Yjhzub\" data-complete=\"true\">Rasvanpoltto ja voima HIIT-haaste!<\/strong><\/div>\n<div role=\"heading\" data-animation-nesting=\"\" data-sfc-cp=\"\" data-complete=\"true\" data-processed=\"true\" data-sae=\"\"><\/div>\n<div role=\"heading\" data-animation-nesting=\"\" data-sfc-cp=\"\" data-complete=\"true\" data-processed=\"true\" data-sae=\"\">\n<div class=\"Y3BBE\" data-sfc-cp=\"\" data-hveid=\"CAEIAxAA\" data-processed=\"true\" data-complete=\"true\">\n<p>\u2705 Haluatko polttaa rasvaa, kasvattaa voimaa ja parantaa jaksamistasi? T\u00e4m\u00e4 harjoituspaketti tarjoaa eritt\u00e4in tehokasta, sykett\u00e4 nostattavaa HIIT-harjoittelua, joka onnistuu miss\u00e4 vain pelk\u00e4ll\u00e4 omalla kehonpainolla. J\u00e4lkipolttoefektin ansiosta rasvanpoltto jatkuu tehokkaana useita tunteja treenin j\u00e4lkeenkin. Ammattimainen viikkorytmitys est\u00e4\u00e4 ylikuormituksen ja takaa sinulle jatkuvan kehityksen turvallisesti.<\/p>\n<ul>\n<li>Sis\u00e4lt\u00e4\u00e4 ruokavalion<\/li>\n<li>Terveellisen ruokaoppaan<\/li>\n<li>Selke\u00e4t ohjeet sek\u00e4 liikevideot<\/li>\n<li>( 2\u20134 treeni\u00e4\/vko ) oman kuntotasosi mukaan<\/li>\n<\/ul>\n<p>Tuotteet omaksi \u2013 aloita ja harjoittele silloin, kun sinulle sopii!<\/p>\n<p>( Soveltuu )<\/p>\n<ul>\n<li>Naisille sek\u00e4 miehille<\/li>\n<li>Kaikenik\u00e4isille<\/li>\n<\/ul>\n<\/div>\n<\/div>\n<p>Tuote saapuu heti maksun suoritettuasi ilmoittamaasi s\u00e4hk\u00f6postiosoitteeseen pdf-muodossa.<\/p>\n<p><strong class=\"Yjhzub\" data-sfc-cb=\"\" data-complete=\"true\">Arvosana \/ \u2b50\u2b50\u2b50\u2b50\u2b50<\/strong><\/p>\n<p>&nbsp;<\/p>\n","protected":false},"featured_media":356,"comment_status":"open","ping_status":"closed","template":"","meta":{"_acf_changed":false,"_kad_post_transparent":"default","_kad_post_title":"","_kad_post_layout":"default","_kad_post_sidebar_id":"","_kad_post_content_style":"default","_kad_post_vertical_padding":"default","_kad_post_feature":"","_kad_post_feature_position":"","_kad_post_header":false,"_kad_post_footer":false,"_kad_post_classname":""},"product_brand":[],"product_cat":[19,28],"product_tag":[],"class_list":{"0":"post-355","1":"product","2":"type-product","3":"status-publish","4":"has-post-thumbnail","6":"product_cat-liikuntaedut","7":"product_cat-verkkotreenit","9":"first","10":"instock","11":"sale","12":"virtual","13":"taxable","14":"purchasable","15":"product-type-simple","16":"entry","17":"content-bg","18":"loop-entry"},"acf":[],"_links":{"self":[{"href":"https:\/\/marketplace.epassi.fi\/motivoiva-guru\/wp-json\/wp\/v2\/product\/355","targetHints":{"allow":["GET"]}}],"collection":[{"href":"https:\/\/marketplace.epassi.fi\/motivoiva-guru\/wp-json\/wp\/v2\/product"}],"about":[{"href":"https:\/\/marketplace.epassi.fi\/motivoiva-guru\/wp-json\/wp\/v2\/types\/product"}],"replies":[{"embeddable":true,"href":"https:\/\/marketplace.epassi.fi\/motivoiva-guru\/wp-json\/wp\/v2\/comments?post=355"}],"wp:featuredmedia":[{"embeddable":true,"href":"https:\/\/marketplace.epassi.fi\/motivoiva-guru\/wp-json\/wp\/v2\/media\/356"}],"wp:attachment":[{"href":"https:\/\/marketplace.epassi.fi\/motivoiva-guru\/wp-json\/wp\/v2\/media?parent=355"}],"wp:term":[{"taxonomy":"product_brand","embeddable":true,"href":"https:\/\/marketplace.epassi.fi\/motivoiva-guru\/wp-json\/wp\/v2\/product_brand?post=355"},{"taxonomy":"product_cat","embeddable":true,"href":"https:\/\/marketplace.epassi.fi\/motivoiva-guru\/wp-json\/wp\/v2\/product_cat?post=355"},{"taxonomy":"product_tag","embeddable":true,"href":"https:\/\/marketplace.epassi.fi\/motivoiva-guru\/wp-json\/wp\/v2\/product_tag?post=355"}],"curies":[{"name":"wp","href":"https:\/\/api.w.org\/{rel}","templated":true}]}}