{"id":22,"date":"2021-09-13T17:45:59","date_gmt":"2021-09-13T17:45:59","guid":{"rendered":"https:\/\/marketplace.epassi.fi\/move4life\/?page_id=22"},"modified":"2021-10-12T10:57:35","modified_gmt":"2021-10-12T10:57:35","slug":"info","status":"publish","type":"page","link":"https:\/\/marketplace.epassi.fi\/move4life\/info\/","title":{"rendered":"Info"},"content":{"rendered":"\n\t<div class=\"entry-content single-content\">\n\n\t\t<div class=\"wp-block-columns\" style=\"gap:30px\">\n\t\t\t<div class=\"wp-block-column\">\n\t\t\t\t<h2>Kuntosali Move4Life<\/h2>\n\t\t\t\t<p><p>Move4Life on rauhallinen ja viihtyis\u00e4 kuntosali Vantaanlaaksossa. Meill\u00e4 treenaat ensiluokkaisilla laitteilla, joko omatoimisesti tai personal trainerin ohjauksessa.  <\/p>\n<p>Jokainen treenaa meill\u00e4 oman kuntonsa ja tavoitteittensa mukaan. Tule sellaisena kuin olet! Tarjoamme valoisat ja viihtyis\u00e4t tilat sek\u00e4 v\u00e4lineet joilla treenaat tehokkaasti kaikki lihasryhm\u00e4t. Meill\u00e4 viihtyv\u00e4t niin nuoret kuin senioritkin, kunto\u00adsali\u00adharrastusta aloittelevat ja kokeneet treenaajat. J\u00e4senyys joustaa asiakkaan tarpeiden mukaan.<\/p>\n<\/p>\n\t\t\t\t<h3>Move4Life<\/h3>\n\t\t\t\t<p>Naapurinkuja 2<br>\n\t\t\t\t\t01670 Vantaa<\/p>\n\t\t\t\t<p><a href=\"tel:0405048522\">0405048522<\/a><\/p>\n\t\t\t\t<p><a href=\"mailto:hanna@move4life.fi\">hanna@move4life.fi<\/a><\/p>\n\n\t\t\t\t<h2>Toimipisteet<\/h2><div class=\"info-page-location-list\"><div class=\"info-page-location\"><h3>Vantaanlaakso<\/h3><p>Naapurinkuja 2, 01670 Vantaa<\/p><p><p><a href=\"https:\/\/www.google.com\/maps\/search\/?api=1&query=Google&query_place_id=ChIJp50UoUD3jUYRpomPxiSlFoE\">Katso sijainti kartalla <span>&#8599;<\/span><\/a><\/p><\/p><p><\/p><\/div><\/div>\t\t\t<\/div>\n\n\t\t\t<div class=\"wp-block-column\">\n\t\t\t\t<figure class=\"wp-block-image size-large\"><img loading=\"lazy\" decoding=\"async\" width=\"768\" height=\"649\" src=\"https:\/\/marketplace.epassi.fi\/move4life\/wp-content\/uploads\/sites\/90\/2022\/02\/Kuvitus-ePassi-marketplaceen-768x649.jpg\" class=\"attachment-medium_large size-medium_large\" alt=\"\" \/><\/figure>\n\t\t\t<\/div>\n\t\t<\/div>\n\t<\/div>\n\t\n","protected":false},"excerpt":{"rendered":"","protected":false},"author":2,"featured_media":0,"parent":0,"menu_order":0,"comment_status":"closed","ping_status":"closed","template":"","meta":{"_acf_changed":false,"_kad_post_transparent":"","_kad_post_title":"","_kad_post_layout":"","_kad_post_sidebar_id":"","_kad_post_content_style":"","_kad_post_vertical_padding":"","_kad_post_feature":"","_kad_post_feature_position":"","_kad_post_header":false,"_kad_post_footer":false,"_kad_post_classname":"","footnotes":""},"class_list":["post-22","page","type-page","status-publish","hentry"],"acf":[],"_links":{"self":[{"href":"https:\/\/marketplace.epassi.fi\/move4life\/wp-json\/wp\/v2\/pages\/22","targetHints":{"allow":["GET"]}}],"collection":[{"href":"https:\/\/marketplace.epassi.fi\/move4life\/wp-json\/wp\/v2\/pages"}],"about":[{"href":"https:\/\/marketplace.epassi.fi\/move4life\/wp-json\/wp\/v2\/types\/page"}],"author":[{"embeddable":true,"href":"https:\/\/marketplace.epassi.fi\/move4life\/wp-json\/wp\/v2\/users\/2"}],"replies":[{"embeddable":true,"href":"https:\/\/marketplace.epassi.fi\/move4life\/wp-json\/wp\/v2\/comments?post=22"}],"version-history":[{"count":10,"href":"https:\/\/marketplace.epassi.fi\/move4life\/wp-json\/wp\/v2\/pages\/22\/revisions"}],"predecessor-version":[{"id":264,"href":"https:\/\/marketplace.epassi.fi\/move4life\/wp-json\/wp\/v2\/pages\/22\/revisions\/264"}],"wp:attachment":[{"href":"https:\/\/marketplace.epassi.fi\/move4life\/wp-json\/wp\/v2\/media?parent=22"}],"curies":[{"name":"wp","href":"https:\/\/api.w.org\/{rel}","templated":true}]}}